{"id":86,"date":"2013-06-05T07:59:54","date_gmt":"2013-06-05T07:59:54","guid":{"rendered":"http:\/\/wp.ffzg.unizg.hr\/rusistika-proba\/?page_id=86"},"modified":"2025-09-28T09:34:20","modified_gmt":"2025-09-28T07:34:20","slug":"branka-barcot-znanstvena-novakinja","status":"publish","type":"page","link":"https:\/\/rusistika.ffzg.unizg.hr\/?page_id=86","title":{"rendered":"dr. sc. Branka Bar\u010dot, izv. prof."},"content":{"rendered":"\n<figure class=\"wp-block-image size-large is-resized\"><img loading=\"lazy\" decoding=\"async\" width=\"687\" height=\"1024\" src=\"https:\/\/rusistika.ffzg.unizg.hr\/wp-content\/uploads\/2025\/09\/Fotka_BB-687x1024.jpg\" alt=\"\" class=\"wp-image-6994\" style=\"width:205px;height:auto\" srcset=\"https:\/\/rusistika.ffzg.unizg.hr\/wp-content\/uploads\/2025\/09\/Fotka_BB-687x1024.jpg 687w, https:\/\/rusistika.ffzg.unizg.hr\/wp-content\/uploads\/2025\/09\/Fotka_BB-201x300.jpg 201w, https:\/\/rusistika.ffzg.unizg.hr\/wp-content\/uploads\/2025\/09\/Fotka_BB-768x1145.jpg 768w, https:\/\/rusistika.ffzg.unizg.hr\/wp-content\/uploads\/2025\/09\/Fotka_BB-1030x1536.jpg 1030w, https:\/\/rusistika.ffzg.unizg.hr\/wp-content\/uploads\/2025\/09\/Fotka_BB-1373x2048.jpg 1373w, https:\/\/rusistika.ffzg.unizg.hr\/wp-content\/uploads\/2025\/09\/Fotka_BB-624x931.jpg 624w, https:\/\/rusistika.ffzg.unizg.hr\/wp-content\/uploads\/2025\/09\/Fotka_BB.jpg 1595w\" sizes=\"auto, (max-width: 687px) 100vw, 687px\" \/><\/figure>\n\n\n\n<p><strong>Vrijeme konzultacija:<\/strong> Od 1. listopada 2025. na slobodnoj studijskoj godini.&nbsp;<\/p>\n\n\n\n<p><strong>Prostorija: <\/strong>B-204<\/p>\n\n\n\n<p><strong>e-mail:<\/strong>&nbsp;<a href=\"mailto:bbarcot@ffzg.unizg.hr\">bbarcot@ffzg.unizg.hr<\/a>; <a href=\"mailto:bbarcot@m.ffzg.hr\">bbarcot@m.ffzg.hr<\/a>&nbsp;<\/p>\n\n\n\n<p><a href=\"https:\/\/theta.ffzg.hr\/ECTS\/Osoba\/Index\/2919\">ECTS INFORMACIJSKI PAKET<\/a><\/p>\n\n\n\n<p>Branka Bar\u010dot (Split, 1981.) zavr\u0161ila je studij Njema\u010dkog jezika i knji\u017eevnosti i Ruskog jezika i knji\u017eevnosti na Filozofskom fakultetu Sveu\u010dili\u0161ta u Zagrebu 2006. g. Diplomski rad pi\u0161e na Sveu\u010dili\u0161tu Humboldt u Berlinu kao stipendist Njema\u010dke slu\u017ebe za akademsku razmjenu (DAAD). 2008. g. upisuje Poslijediplomski doktorski studij lingvistike na Filozofskom fakultetu u Zagrebu, a 2014. g. doktorira na frazeolo\u0161ku temu iz lingvokulturolo\u0161ke perspektive pod mentorstvom prof. dr. sc. \u017deljke Fink-Arsovski.<\/p>\n\n\n\n<p>Od 1. listopada 2008. g. zaposlena je na Katedri za ruski jezik Odsjeka za isto\u010dnoslavenske jezike i knji\u017eevnosti Filozofskog fakulteta Sveu\u010dili\u0161ta u Zagrebu. Izvodi nastavu obveznih i izbornih kolegija na prijediplomskom i diplomskom studiju rusistike. Od 2019. godine je u nekoliko mandata obna\u0161ala funkciju predstojnice Katedre za ruski jezik, a od 2023. do 2025. godine i funkciju pro\u010delnice Odsjeka za isto\u010dnoslavenske jezike i knji\u017eevnosti.<\/p>\n\n\n\n<p>Sudjelovala je na vi\u0161e znanstveno-istra\u017eiva\u010dkih projekata (jedan projekt Hrvatske zaklade za znanost, jedan projekt Europske komisije, pet institucijskih projekata, a i sama je bila voditeljica jednog institucijskog istra\u017eiva\u010dkog projekta potpore Sveu\u010dili\u0161ta u Zagrebu).&nbsp;<\/p>\n\n\n\n<p>Od jeseni 2023. godine suradnica je na me\u0111unarodnom COST projektu \u201eA Multilingual Repository of Phraseme Constructions in Central and Eastern European Languages (PhraConRep)\u201c (CA22115).&nbsp;<\/p>\n\n\n\n<p>Od 1. listopada 2025. godine voditeljica je institucionalnog istra\u017eiva\u010dkog NextGenerationEU projekta \u201eFrazemske konstrukcije u korpusu hrvatskih komedija (FraKonKomHR)\u201c (2025. \u2013 2029.).<\/p>\n\n\n\n<p>Radila je niz godina kao voditeljica te\u010dajne nastave njema\u010dkog i ruskog jezika. Od 2008. godine ovla\u0161teni je sudski tuma\u010d za njema\u010dki i ruski jezik.<\/p>\n\n\n\n<p>Prevodi s njema\u010dkog i ruskog jezika.<\/p>\n\n\n\n<p>\u010clan je Hrvatskoga filolo\u0161kog dru\u0161tva.<br>Podru\u010dja njezina znanstveno-istra\u017eiva\u010dkog zanimanja su: lingvokulturologija, frazeologija, frazemske konstrukcije, frazeografija, translatologija.<br>(za popis svih objavljenih radova v.&nbsp;<a href=\"https:\/\/www.croris.hr\/crosbi\/searchByContext\/2\/28459\">https:\/\/www.croris.hr\/crosbi\/searchByContext\/2\/28459<\/a>)<\/p>\n","protected":false},"excerpt":{"rendered":"<p>Vrijeme konzultacija: Od 1. listopada 2025. na slobodnoj studijskoj godini.&nbsp; Prostorija: B-204 e-mail:&nbsp;bbarcot@ffzg.unizg.hr; bbarcot@m.ffzg.hr&nbsp; ECTS INFORMACIJSKI PAKET Branka Bar\u010dot (Split, 1981.) zavr\u0161ila je studij Njema\u010dkog jezika i knji\u017eevnosti i Ruskog jezika i knji\u017eevnosti na Filozofskom fakultetu Sveu\u010dili\u0161ta u Zagrebu 2006. g. Diplomski rad pi\u0161e na Sveu\u010dili\u0161tu Humboldt u Berlinu kao stipendist Njema\u010dke slu\u017ebe za akademsku [&hellip;]<\/p>\n","protected":false},"author":123457,"featured_media":0,"parent":18,"menu_order":9,"comment_status":"closed","ping_status":"open","template":"","meta":{"footnotes":""},"class_list":["post-86","page","type-page","status-publish","hentry"],"_links":{"self":[{"href":"https:\/\/rusistika.ffzg.unizg.hr\/index.php?rest_route=\/wp\/v2\/pages\/86","targetHints":{"allow":["GET"]}}],"collection":[{"href":"https:\/\/rusistika.ffzg.unizg.hr\/index.php?rest_route=\/wp\/v2\/pages"}],"about":[{"href":"https:\/\/rusistika.ffzg.unizg.hr\/index.php?rest_route=\/wp\/v2\/types\/page"}],"author":[{"embeddable":true,"href":"https:\/\/rusistika.ffzg.unizg.hr\/index.php?rest_route=\/wp\/v2\/users\/123457"}],"replies":[{"embeddable":true,"href":"https:\/\/rusistika.ffzg.unizg.hr\/index.php?rest_route=%2Fwp%2Fv2%2Fcomments&post=86"}],"version-history":[{"count":40,"href":"https:\/\/rusistika.ffzg.unizg.hr\/index.php?rest_route=\/wp\/v2\/pages\/86\/revisions"}],"predecessor-version":[{"id":6997,"href":"https:\/\/rusistika.ffzg.unizg.hr\/index.php?rest_route=\/wp\/v2\/pages\/86\/revisions\/6997"}],"up":[{"embeddable":true,"href":"https:\/\/rusistika.ffzg.unizg.hr\/index.php?rest_route=\/wp\/v2\/pages\/18"}],"wp:attachment":[{"href":"https:\/\/rusistika.ffzg.unizg.hr\/index.php?rest_route=%2Fwp%2Fv2%2Fmedia&parent=86"}],"curies":[{"name":"wp","href":"https:\/\/api.w.org\/{rel}","templated":true}]}}