{"id":79,"date":"2013-06-05T07:55:37","date_gmt":"2013-06-05T07:55:37","guid":{"rendered":"http:\/\/wp.ffzg.unizg.hr\/rusistika-proba\/?page_id=79"},"modified":"2024-09-24T21:41:55","modified_gmt":"2024-09-24T19:41:55","slug":"irina-mironova-blazina","status":"publish","type":"page","link":"https:\/\/rusistika.ffzg.unizg.hr\/?page_id=79","title":{"rendered":"Irina Mironova Bla\u017eina, v. lektorica"},"content":{"rendered":"<p><a href=\"https:\/\/rusistika.ffzg.unizg.hr\/wp-content\/uploads\/2014\/06\/Mironova.jpg\"><img loading=\"lazy\" decoding=\"async\" class=\"alignnone size-full wp-image-1089\" src=\"https:\/\/rusistika.ffzg.unizg.hr\/wp-content\/uploads\/2014\/06\/Mironova.jpg\" alt=\"DIGITAL IMAGE\" width=\"114\" height=\"119\" \/><\/a><\/p>\n<p><span style=\"font-size: small;\"><b>Konzultacije<\/b>:\u00a0ponedjeljak, 11:00 &#8211; 12:00<\/span><\/p>\n<p><span style=\"font-size: small;\"><b>e-mail adresa<\/b>:<\/span><span style=\"font-family: Verdana;\"><b>\u00a0<\/b><a href=\"mailto:imironov@ffzg.hr\"><span style=\"font-size: small;\">imironov@ffzg.hr<\/span><\/a><\/span><\/p>\n<p><span style=\"font-family: Verdana;\"><b>soba:<\/b>\u00a0B-204\u00a0<b><br \/>\n<\/b><\/span><\/p>\n<p><a href=\"https:\/\/theta.ffzg.hr\/ECTS\/Osoba\/Index\/4447\" target=\"_blank\" rel=\"noopener\"><strong>ECTS INFORMACIJSKI PAKET<\/strong><\/a><\/p>\n<p><span style=\"font-family: Verdana; font-size: small;\">Irina Mironova Bla\u017eina, vi\u0161i lektor. Diplomirala ruski jezik i knji\u017eevnost i poljski jezik i knji\u017eevnost na Moskovskom dr\u017eavnom sveu\u010dili\u0161tu Lomonosov (MGU) u Moskvi. Od 1993. godine lektor za ruski jezik na Odsjeku za slavenske jezike i knji\u017eevnosti. Suradnik na projektu\u00a0<i>Hrvatsko-ruski frazeolo\u0161ki rje\u010dnik<\/i>, te na projektu izdanja\u00a0<i>Osmojezi\u010dnog enciklopedijskog rje\u010dnika<\/i>\u00a0Leksikografskog zavoda Miroslav Krle\u017ea. \u010clan Hrvatskog dru\u0161tva za primijenjenu lingvistiku.<br \/>\n<\/span><\/p>\n<h1><span style=\"font-family: Verdana; font-size: small;\">Izabrana bibliografija<\/span><\/h1>\n<p><span style=\"font-family: Verdana; font-size: small;\">1.<\/span><span style=\"font-size: small;\">\u00a0\u00a0\u00a0\u00a0\u00a0\u00a0<\/span><span style=\"font-family: Verdana;\"><i><span style=\"font-size: small;\">\u041f\u0440\u0430\u0437\u0434\u043d\u0438\u043a\u0438, \u043e\u0431\u044b\u0447\u0430\u0438 \u0438 \u043e\u0431\u0440\u044f\u0434\u044b \u0443 \u0440\u0443\u0441\u0441\u043a\u0438\u0445<\/span><\/i><span style=\"font-size: small;\">, Strani jezici, br. 3-4, Zagreb, 1996, str. 206-211.\u00a0<\/span><\/span><\/p>\n<p><span style=\"font-family: Verdana; font-size: small;\">2.<\/span><span style=\"font-size: small;\">\u00a0\u00a0\u00a0\u00a0\u00a0\u00a0<\/span><span style=\"font-family: Verdana;\"><i><span style=\"font-size: small;\">\u0412\u044b\u0440\u0430\u0436\u0435\u043d\u0438\u0435 \u043e\u0442\u0440\u0438\u0446\u0430\u043d\u0438\u044f \u0432 \u0440\u0443\u0441\u0441\u043a\u043e\u043c \u044f\u0437\u044b\u043a\u0435<\/span><\/i><span style=\"font-size: small;\">, Strani jezici, br. 1-2, Zagreb, 2002, str. 65-71.<\/span><\/span><\/p>\n<p><span style=\"font-family: Verdana; font-size: small;\">3.<\/span><span style=\"font-size: small;\">\u00a0\u00a0\u00a0\u00a0\u00a0\u00a0<\/span><span style=\"font-family: Verdana;\"><i><span style=\"font-size: small;\">Tvorbeni tipovi pridjeva umanjenica u slavenskim jezicima<\/span><\/i><span style=\"font-size: small;\">, u:\u00a0<i>Primijenjena lingvistika danas<\/i>, Zbornik Hrvatskog dru\u0161tva za primijenjenu lingvistiku, Zagreb, 1994, str. 132-136.<\/span><\/span><\/p>\n<p><span style=\"font-family: Verdana; font-size: small;\">4.<\/span><span style=\"font-size: small;\">\u00a0\u00a0\u00a0\u00a0\u00a0\u00a0<\/span><span style=\"font-family: Verdana;\"><i><span style=\"font-size: small;\">\u017dargon u nastavi ruskog jezika<\/span><\/i><span style=\"font-size: small;\">, u:\u00a0<i>Suvremena kretanja u nastavi stranih jezika<\/i>. Hrvatsko dru\u0161tvo za primijenjenu lingvistiku, Zbornik radova sa savjetovanja odr\u017eanog 17. i 18. svibnja 2002. u Opatiji, Zagreb- Rijeka, 2004, str. 335-340.<\/span><\/span><\/p>\n<p><span style=\"font-family: Verdana; font-size: small;\">5.<\/span><span style=\"font-size: small;\">\u00a0\u00a0\u00a0\u00a0\u00a0\u00a0<\/span><span style=\"font-family: Verdana;\"><i><span style=\"font-size: small;\">Osmojezi\u010dni enciklopedijski rje\u010dnik<\/span><\/i><span style=\"font-size: small;\">,\u00a0<i>IV, Ne &#8211; O<\/i>, Leksikografski zavod Miroslav Krle\u017ea, Zagreb, 2002. (suradnik).<\/span><\/span><\/p>\n<p><span style=\"font-family: Verdana; font-size: small;\">6.<\/span><span style=\"font-size: small;\">\u00a0\u00a0\u00a0\u00a0\u00a0\u00a0<\/span><span style=\"font-family: Verdana;\"><i><span style=\"font-size: small;\">Osmojezi\u010dni enciklopedijski rje\u010dnik<\/span><\/i><span style=\"font-size: small;\">,\u00a0<i>V, P &#8211; Prih<\/i>, Leksikografski zavod Miroslav Krle\u017ea, Zagreb, 2002. (suradnik).<\/span><\/span><\/p>\n<p><span style=\"font-family: Verdana; font-size: small;\">7.<\/span><span style=\"font-size: small;\">\u00a0\u00a0\u00a0\u00a0\u00a0\u00a0<\/span><span style=\"font-family: Verdana; font-size: small;\">Vera Hru\u0161,\u00a0<i>\u0421\u043f\u0443\u0442\u043d\u0438\u043a<\/i>, \u0160kolska knjiga, Zagreb, 1997. (stru\u010dni konzultant i lektor)<\/span><\/p>\n<p><i><span style=\"font-size: small;\">\u0425\u043e\u0440\u0432\u0430\u0442\u0441\u043a\u0438\u0439 \u0440\u0430\u0437\u0433\u043e\u0432\u043e\u0440\u043d\u0438\u043a \u0441\u043e \u0441\u043b\u043e\u0432\u0430\u0440\u0451\u043c<\/span><\/i><span style=\"font-size: small;\">, Naklada Ljevak, Zagreb, 2005. (prevela i prilagodila)<\/span><\/p>\n","protected":false},"excerpt":{"rendered":"<p>Konzultacije:\u00a0ponedjeljak, 11:00 &#8211; 12:00 e-mail adresa:\u00a0imironov@ffzg.hr soba:\u00a0B-204\u00a0 ECTS INFORMACIJSKI PAKET Irina Mironova Bla\u017eina, vi\u0161i lektor. Diplomirala ruski jezik i knji\u017eevnost i poljski jezik i knji\u017eevnost na Moskovskom dr\u017eavnom sveu\u010dili\u0161tu Lomonosov (MGU) u Moskvi. Od 1993. godine lektor za ruski jezik na Odsjeku za slavenske jezike i knji\u017eevnosti. Suradnik na projektu\u00a0Hrvatsko-ruski frazeolo\u0161ki rje\u010dnik, te na projektu [&hellip;]<\/p>\n","protected":false},"author":123457,"featured_media":0,"parent":18,"menu_order":7,"comment_status":"closed","ping_status":"open","template":"","meta":{"footnotes":""},"class_list":["post-79","page","type-page","status-publish","hentry"],"_links":{"self":[{"href":"https:\/\/rusistika.ffzg.unizg.hr\/index.php?rest_route=\/wp\/v2\/pages\/79","targetHints":{"allow":["GET"]}}],"collection":[{"href":"https:\/\/rusistika.ffzg.unizg.hr\/index.php?rest_route=\/wp\/v2\/pages"}],"about":[{"href":"https:\/\/rusistika.ffzg.unizg.hr\/index.php?rest_route=\/wp\/v2\/types\/page"}],"author":[{"embeddable":true,"href":"https:\/\/rusistika.ffzg.unizg.hr\/index.php?rest_route=\/wp\/v2\/users\/123457"}],"replies":[{"embeddable":true,"href":"https:\/\/rusistika.ffzg.unizg.hr\/index.php?rest_route=%2Fwp%2Fv2%2Fcomments&post=79"}],"version-history":[{"count":9,"href":"https:\/\/rusistika.ffzg.unizg.hr\/index.php?rest_route=\/wp\/v2\/pages\/79\/revisions"}],"predecessor-version":[{"id":5554,"href":"https:\/\/rusistika.ffzg.unizg.hr\/index.php?rest_route=\/wp\/v2\/pages\/79\/revisions\/5554"}],"up":[{"embeddable":true,"href":"https:\/\/rusistika.ffzg.unizg.hr\/index.php?rest_route=\/wp\/v2\/pages\/18"}],"wp:attachment":[{"href":"https:\/\/rusistika.ffzg.unizg.hr\/index.php?rest_route=%2Fwp%2Fv2%2Fmedia&parent=79"}],"curies":[{"name":"wp","href":"https:\/\/api.w.org\/{rel}","templated":true}]}}