{"id":749,"date":"2014-02-11T12:23:54","date_gmt":"2014-02-11T10:23:54","guid":{"rendered":"https:\/\/rusistika.ffzg.unizg.hr\/?page_id=749"},"modified":"2024-09-24T21:41:26","modified_gmt":"2024-09-24T19:41:26","slug":"obavijesti-studentima-o-diplomskim-radovima","status":"publish","type":"page","link":"https:\/\/rusistika.ffzg.unizg.hr\/?page_id=749","title":{"rendered":"Upute za prijavu Diplomskog rada"},"content":{"rendered":"<p>Obrazac <a href=\"https:\/\/rusistika.ffzg.unizg.hr\/wp-content\/uploads\/2019\/04\/Molba-za-odobrenje-teme-diplomskog-rada-i-imenovanje-mentora-komentora.doc\">Molbe za odobrenje teme i imenovanje mentora diplomskog rada<\/a> nalazi se na mre\u017enim stranicama kao i u tajni\u0161tvu.<\/p>\n<p>Nakon dogovora i potpisa od strane mentora Obrazac studenti donose u tajni\u0161tvo.<\/p>\n<p>Naslov napisati na hrvatskom i engleskom jeziku.<\/p>\n<p>Mole se studenti da tijekom travnja\/svibnja prijavljuju svoje teme diplomskih radova<\/p>\n<p><strong>Mentori za izradu diplomskih radova mogu biti sljede\u0107i nastavnici:<\/strong><\/p>\n<p>izv. prof. dr. sc. Branka Bar\u010dot<\/p>\n<p>prof. dr. sc. \u017deljka \u010celi\u0107<\/p>\n<p>dr. sc. Anita Hrnjak<\/p>\n<p>dr. sc. Marija Popovi\u0107<\/p>\n<p>dr. sc. Marina Jaji\u0107 Novogradec<\/p>\n<p>izv. prof. dr. sc. Danijela Lugari\u0107 Vukas<\/p>\n<p>izv. prof. dr. sc. Ivana Peru\u0161ko<\/p>\n<p>prof. dr. sc. Jasmina Vojvodi\u0107<\/p>\n<p><strong>Iznimno mentor diplomskog rada na prevoditeljskom smjeru diplomskog studija mo\u017ee biti i osoba u nastavnom zvanju tj. lektor:<\/strong><\/p>\n<p>Sanja Drlja\u010da Magi\u0107<\/p>\n<p>Irina Mironova Bla\u017eina<\/p>\n<p>Diplomski rad treba imati minimalno 30 stranica.<\/p>\n","protected":false},"excerpt":{"rendered":"<p>Obrazac Molbe za odobrenje teme i imenovanje mentora diplomskog rada nalazi se na mre\u017enim stranicama kao i u tajni\u0161tvu. Nakon dogovora i potpisa od strane mentora Obrazac studenti donose u tajni\u0161tvo. Naslov napisati na hrvatskom i engleskom jeziku. Mole se studenti da tijekom travnja\/svibnja prijavljuju svoje teme diplomskih radova Mentori za izradu diplomskih radova mogu [&hellip;]<\/p>\n","protected":false},"author":123457,"featured_media":0,"parent":0,"menu_order":0,"comment_status":"closed","ping_status":"closed","template":"","meta":{"footnotes":""},"class_list":["post-749","page","type-page","status-publish","hentry"],"_links":{"self":[{"href":"https:\/\/rusistika.ffzg.unizg.hr\/index.php?rest_route=\/wp\/v2\/pages\/749","targetHints":{"allow":["GET"]}}],"collection":[{"href":"https:\/\/rusistika.ffzg.unizg.hr\/index.php?rest_route=\/wp\/v2\/pages"}],"about":[{"href":"https:\/\/rusistika.ffzg.unizg.hr\/index.php?rest_route=\/wp\/v2\/types\/page"}],"author":[{"embeddable":true,"href":"https:\/\/rusistika.ffzg.unizg.hr\/index.php?rest_route=\/wp\/v2\/users\/123457"}],"replies":[{"embeddable":true,"href":"https:\/\/rusistika.ffzg.unizg.hr\/index.php?rest_route=%2Fwp%2Fv2%2Fcomments&post=749"}],"version-history":[{"count":11,"href":"https:\/\/rusistika.ffzg.unizg.hr\/index.php?rest_route=\/wp\/v2\/pages\/749\/revisions"}],"predecessor-version":[{"id":5654,"href":"https:\/\/rusistika.ffzg.unizg.hr\/index.php?rest_route=\/wp\/v2\/pages\/749\/revisions\/5654"}],"wp:attachment":[{"href":"https:\/\/rusistika.ffzg.unizg.hr\/index.php?rest_route=%2Fwp%2Fv2%2Fmedia&parent=749"}],"curies":[{"name":"wp","href":"https:\/\/api.w.org\/{rel}","templated":true}]}}