{"id":5685,"date":"2024-05-09T14:32:13","date_gmt":"2024-05-09T12:32:13","guid":{"rendered":"https:\/\/rusistika.ffzg.unizg.hr\/?page_id=5685"},"modified":"2024-09-25T15:17:08","modified_gmt":"2024-09-25T13:17:08","slug":"odobrene-teme-sjednica-odsjeka-3-5-2024","status":"publish","type":"page","link":"https:\/\/rusistika.ffzg.unizg.hr\/?page_id=5685","title":{"rendered":"Odobrene teme \u2013 sjednica Odsjeka 3. 5. 2024."},"content":{"rendered":"\n<figure class=\"wp-block-table is-style-stripes\"><table><tbody><tr><td>1.<\/td><td>BOH\/RUS<\/td><td><strong>Valentina Hr\u0161ak<\/strong><\/td><td><em>Rusko-\u010de\u0161ki odnosi tijekom pra\u0161kog <br>prolje\u0107a: analiza politi\u010dkih, dru\u0161tvenih<br>i kulturnih \u010dimbenika<\/em><\/td><td>dr. sc. Matija<br>Iva\u010di\u0107 \/ dr. sc.<br>Ivana Peru\u0161ko<\/td><\/tr><tr><td>2.<\/td><td>RUS<\/td><td><strong>Tea Jakovina<\/strong><\/td><td>Promjena teme:<br><em>Analiza ruskoga prijevoda<br>\u201eAnja v strane \u010dudes\u201c V.<br>Nabokova<\/em><\/td><td>dr. sc. Ivana<br>Peru\u0161ko<\/td><\/tr><tr><td>3.<\/td><td>RUS\/SOC<\/td><td><strong>Ana Ba\u010durin<\/strong><\/td><td>Promjena teme:<br><em>Upotreba feminativa u hrvatskom<br> i ruskom jeziku &#8211; sociolingvisti\u010dki pristup<\/em><\/td><td>dr. sc. \u017deljka<br>\u010celi\u0107 \/ dr. sc.<br>Ksenija Klasni\u0107<\/td><\/tr><tr><td>4.<\/td><td>RUS<\/td><td><strong>Ema Mara\u010da<\/strong><\/td><td><em>Poetika disanja u \u201ePri\u010dama s<br>Kolyme\u201c Varlma \u0160alamova<\/em><\/td><td>dr. sc. Danijela<br>Lugari\u0107 Vukas<\/td><\/tr><\/tbody><\/table><\/figure>\n","protected":false},"excerpt":{"rendered":"<p>1. BOH\/RUS Valentina Hr\u0161ak Rusko-\u010de\u0161ki odnosi tijekom pra\u0161kog prolje\u0107a: analiza politi\u010dkih, dru\u0161tvenihi kulturnih \u010dimbenika dr. sc. MatijaIva\u010di\u0107 \/ dr. sc.Ivana Peru\u0161ko 2. RUS Tea Jakovina Promjena teme:Analiza ruskoga prijevoda\u201eAnja v strane \u010dudes\u201c V.Nabokova dr. sc. IvanaPeru\u0161ko 3. RUS\/SOC Ana Ba\u010durin Promjena teme:Upotreba feminativa u hrvatskom i ruskom jeziku &#8211; sociolingvisti\u010dki pristup dr. sc. \u017deljka\u010celi\u0107 \/ [&hellip;]<\/p>\n","protected":false},"author":123457,"featured_media":0,"parent":4455,"menu_order":0,"comment_status":"closed","ping_status":"closed","template":"","meta":{"footnotes":""},"class_list":["post-5685","page","type-page","status-publish","hentry"],"_links":{"self":[{"href":"https:\/\/rusistika.ffzg.unizg.hr\/index.php?rest_route=\/wp\/v2\/pages\/5685","targetHints":{"allow":["GET"]}}],"collection":[{"href":"https:\/\/rusistika.ffzg.unizg.hr\/index.php?rest_route=\/wp\/v2\/pages"}],"about":[{"href":"https:\/\/rusistika.ffzg.unizg.hr\/index.php?rest_route=\/wp\/v2\/types\/page"}],"author":[{"embeddable":true,"href":"https:\/\/rusistika.ffzg.unizg.hr\/index.php?rest_route=\/wp\/v2\/users\/123457"}],"replies":[{"embeddable":true,"href":"https:\/\/rusistika.ffzg.unizg.hr\/index.php?rest_route=%2Fwp%2Fv2%2Fcomments&post=5685"}],"version-history":[{"count":2,"href":"https:\/\/rusistika.ffzg.unizg.hr\/index.php?rest_route=\/wp\/v2\/pages\/5685\/revisions"}],"predecessor-version":[{"id":6233,"href":"https:\/\/rusistika.ffzg.unizg.hr\/index.php?rest_route=\/wp\/v2\/pages\/5685\/revisions\/6233"}],"up":[{"embeddable":true,"href":"https:\/\/rusistika.ffzg.unizg.hr\/index.php?rest_route=\/wp\/v2\/pages\/4455"}],"wp:attachment":[{"href":"https:\/\/rusistika.ffzg.unizg.hr\/index.php?rest_route=%2Fwp%2Fv2%2Fmedia&parent=5685"}],"curies":[{"name":"wp","href":"https:\/\/api.w.org\/{rel}","templated":true}]}}