{"id":5568,"date":"2024-04-04T09:16:41","date_gmt":"2024-04-04T07:16:41","guid":{"rendered":"https:\/\/rusistika.ffzg.unizg.hr\/?page_id=5568"},"modified":"2024-09-25T15:16:01","modified_gmt":"2024-09-25T13:16:01","slug":"odobrene-teme-sjednica-odsjeka-2-4-2024","status":"publish","type":"page","link":"https:\/\/rusistika.ffzg.unizg.hr\/?page_id=5568","title":{"rendered":"Odobrene teme &#8211; sjednica Odsjeka 2. 4. 2024."},"content":{"rendered":"<table style=\"height: 1629px;\" width=\"622\">\n<tbody>\n<tr>\n<td width=\"28\">1.<\/td>\n<td width=\"57\">RUS<\/td>\n<td width=\"121\"><strong>Ana Domazet<\/strong><\/td>\n<td width=\"155\">Razvoj me\u0111ukulturalne kompetencije u nastavi ruskog jezika u srednjoj \u0161koli<\/td>\n<td width=\"90\">dr. sc. Marina Jaji\u0107 Novogradec<\/td>\n<\/tr>\n<tr>\n<td width=\"28\">2.<\/td>\n<td width=\"57\">RUS<\/td>\n<td width=\"121\"><strong>Sara Barun<\/strong><\/td>\n<td width=\"155\">Predo\u010davanje vatre u jezi\u010dnoj slici svijeta govornika hrvatskoga i ruskoga jezika<\/td>\n<td width=\"90\">dr. sc. Branka Bar\u010dot<\/td>\n<\/tr>\n<tr>\n<td width=\"28\">3.<\/td>\n<td width=\"57\">RUS<\/td>\n<td width=\"121\"><strong>Klara Menda\u0161<\/strong><\/td>\n<td width=\"155\">Primjena suvremenih informacijskih alata u nastavi ruskog jezika<\/td>\n<td width=\"90\">dr. sc. Marina Jaji\u0107 Novogradec<\/td>\n<\/tr>\n<tr>\n<td width=\"28\">4.<\/td>\n<td width=\"57\">RUS<\/td>\n<td width=\"121\"><strong>Maja Osman\u010devi\u0107<\/strong><\/td>\n<td width=\"155\">Heterostereotipovi o Rusima u jezi\u010dnoj slici svijeta govornika hrvatskoga jezika (korpusno utemeljeno istra\u017eivanje)<\/td>\n<td width=\"90\">dr. sc. Branka Bar\u010dot<\/td>\n<\/tr>\n<tr>\n<td width=\"28\">5.<\/td>\n<td width=\"57\">RUS<\/td>\n<td width=\"121\"><strong>Lucija Ba\u017eant<\/strong><\/td>\n<td width=\"155\">Lingvokulturolo\u0161ka analiza <em>\u010certov\u0161\u010diny<\/em> u jezi\u010dnoj slici svijeta govornika ruskog i hrvatskog jezika<\/td>\n<td width=\"90\">dr. sc. Branka Bar\u010dot<\/td>\n<\/tr>\n<tr>\n<td width=\"28\">6.<\/td>\n<td width=\"57\">RUS<\/td>\n<td width=\"121\"><strong>Karla \u0160piranec<\/strong><\/td>\n<td width=\"155\">Analiza strojnog prijevoda tekstova razli\u010ditih funkcionalnih stilova<\/td>\n<td width=\"90\">dr. sc. Branka Bar\u010dot<\/td>\n<\/tr>\n<tr>\n<td width=\"28\">7.<\/td>\n<td width=\"57\">RUS<\/td>\n<td width=\"121\"><strong>Sarah Stunja<\/strong><\/td>\n<td width=\"155\">Nov\u010dane jedinice u ruskim poslovicama<\/td>\n<td width=\"90\">dr. sc. Marija Popovi\u0107<\/td>\n<\/tr>\n<tr>\n<td width=\"28\">8.<\/td>\n<td width=\"57\">RUS<\/td>\n<td width=\"121\"><strong>Elena Bari\u0107<\/strong><\/td>\n<td width=\"155\">Smrt u romanima Evgenija Vodolazkina<\/td>\n<td width=\"90\">dr. sc. Danijela Lugari\u0107 Vukas<\/td>\n<\/tr>\n<tr>\n<td width=\"28\">9.<\/td>\n<td width=\"57\">RUS<\/td>\n<td width=\"121\"><strong>Viktor \u0160prajc<\/strong><\/td>\n<td width=\"155\">Ekranizacija <em>Pikove<\/em> <em>dame<\/em> A. S. Pu\u0161kina<\/td>\n<td width=\"90\">dr. sc. Ivana Peru\u0161ko<\/td>\n<\/tr>\n<tr>\n<td width=\"28\">10.<\/td>\n<td width=\"57\">RUS<\/td>\n<td width=\"121\"><strong>Katarina Raki\u0107<\/strong><\/td>\n<td width=\"155\">Analiza prijevoda romana <em>Lovac u \u017eitu<\/em> J. D. Salingera<\/td>\n<td width=\"90\">dr. sc. Ivana Peru\u0161ko<\/td>\n<\/tr>\n<tr>\n<td width=\"28\">11.<\/td>\n<td width=\"57\">RUS<\/td>\n<td width=\"121\"><strong>Lina Mi\u0161ak<\/strong><\/td>\n<td width=\"155\">Vlast i dr\u017eava u romanu <em>Uskrsnu\u0107e<\/em> L. N. Tolstoja<\/td>\n<td width=\"90\">dr. sc. Danijela Lugari\u0107 Vukas<\/td>\n<\/tr>\n<tr>\n<td width=\"28\">12.<\/td>\n<td width=\"57\">RUS<\/td>\n<td width=\"121\"><strong>Pjer Pti\u010dek<\/strong><\/td>\n<td width=\"155\">Analiza rodnih stereotipa o \u017eenama u ruskoj i hrvatskoj frazeologiji<\/td>\n<td width=\"90\">dr. sc. Anita Hrnjak<\/td>\n<\/tr>\n<tr>\n<td width=\"28\">13.<\/td>\n<td width=\"57\">RUS<\/td>\n<td width=\"121\"><strong>Katarina-Antonia Boras<\/strong><\/td>\n<td width=\"155\">Transformacija sovjetskog politi\u010dkog diskursa na gra\u0111i ciklusa <em>Apofeoz<\/em> <em>milicanera <\/em>D. A. Prigova \u2013 filolo\u0161ka analiza<\/td>\n<td width=\"90\">dr. sc. Ivana Peru\u0161ko i dr. sc. Branka Bar\u010dot<\/td>\n<\/tr>\n<tr>\n<td width=\"28\">14.<\/td>\n<td width=\"57\">RUS<\/td>\n<td width=\"121\"><strong>Mihaela Maslov<\/strong><\/td>\n<td width=\"155\">U\u010denje ruskog jezika uz pomo\u0107 interaktivnih tehnologija<\/td>\n<td width=\"90\">dr. sc. Marina Jaji\u0107 Novogradec<\/td>\n<\/tr>\n<tr>\n<td width=\"28\">15.<\/td>\n<td width=\"57\">RUS<\/td>\n<td width=\"121\"><strong>Magdalena Brekalo<\/strong><\/td>\n<td width=\"155\">Razlike u motivacijskim strujanjima i dugoro\u010dna motivacija kod hrvatskih studenata engleskog i ruskog jezika<\/p>\n<p><em>Interdisciplinarni rad<\/em>: rusistika i anglistika<\/td>\n<td width=\"90\">dr. sc. Marina Jaji\u0107 Novogradec i dr. sc. Renata Geld<\/td>\n<\/tr>\n<tr>\n<td width=\"28\">16.<\/td>\n<td width=\"57\">RUS<\/td>\n<td width=\"121\"><strong>Nera \u0160o\u0161tari\u0107<\/strong><\/td>\n<td width=\"155\">Strategije u prijevodima romana <em>Doktor<\/em> <em>Dolittle<\/em> i <em>Robinson<\/em> <em>Crusoe<\/em> s engleskog na ruski kao ciljni jezik te s ruskog kao jezika posrednika na hrvatski jezik<\/p>\n<p><em>Interdisciplinarni rad<\/em>: rusistika i anglistika<\/td>\n<td width=\"90\">dr. sc. Branka Bar\u010dot i dr. sc. Snje\u017eana Veselica Majhut<\/td>\n<\/tr>\n<tr>\n<td width=\"28\"><\/td>\n<td width=\"57\"><\/td>\n<td width=\"121\"><\/td>\n<td width=\"155\"><\/td>\n<td width=\"90\"><\/td>\n<\/tr>\n<tr>\n<td width=\"28\"><\/td>\n<td width=\"57\"><\/td>\n<td width=\"121\"><\/td>\n<td width=\"155\"><\/td>\n<td width=\"90\"><\/td>\n<\/tr>\n<tr>\n<td width=\"28\"><\/td>\n<td width=\"57\"><\/td>\n<td width=\"121\"><\/td>\n<td width=\"155\"><\/td>\n<td width=\"90\"><\/td>\n<\/tr>\n<tr>\n<td width=\"28\"><\/td>\n<td width=\"57\"><\/td>\n<td width=\"121\"><\/td>\n<td width=\"155\"><\/td>\n<td width=\"90\"><\/td>\n<\/tr>\n<tr>\n<td width=\"28\"><\/td>\n<td width=\"57\"><\/td>\n<td width=\"121\"><\/td>\n<td width=\"155\"><\/td>\n<td width=\"90\"><\/td>\n<\/tr>\n<tr>\n<td width=\"28\"><\/td>\n<td width=\"57\"><\/td>\n<td width=\"121\"><\/td>\n<td width=\"155\"><\/td>\n<td width=\"90\"><\/td>\n<\/tr>\n<tr>\n<td width=\"28\"><\/td>\n<td width=\"57\"><\/td>\n<td width=\"121\"><\/td>\n<td width=\"155\"><\/td>\n<td width=\"90\"><\/td>\n<\/tr>\n<tr>\n<td width=\"28\"><\/td>\n<td width=\"57\"><\/td>\n<td width=\"121\"><\/td>\n<td width=\"155\"><\/td>\n<td width=\"90\"><\/td>\n<\/tr>\n<tr>\n<td width=\"28\"><\/td>\n<td width=\"57\"><\/td>\n<td width=\"121\"><\/td>\n<td width=\"155\"><\/td>\n<td width=\"90\"><\/td>\n<\/tr>\n<tr>\n<td width=\"28\"><\/td>\n<td width=\"57\"><\/td>\n<td width=\"121\"><\/td>\n<td width=\"155\"><\/td>\n<td width=\"90\"><\/td>\n<\/tr>\n<\/tbody>\n<\/table>\n","protected":false},"excerpt":{"rendered":"<p>1. RUS Ana Domazet Razvoj me\u0111ukulturalne kompetencije u nastavi ruskog jezika u srednjoj \u0161koli dr. sc. Marina Jaji\u0107 Novogradec 2. RUS Sara Barun Predo\u010davanje vatre u jezi\u010dnoj slici svijeta govornika hrvatskoga i ruskoga jezika dr. sc. Branka Bar\u010dot 3. RUS Klara Menda\u0161 Primjena suvremenih informacijskih alata u nastavi ruskog jezika dr. sc. Marina Jaji\u0107 Novogradec [&hellip;]<\/p>\n","protected":false},"author":123457,"featured_media":0,"parent":4455,"menu_order":0,"comment_status":"closed","ping_status":"closed","template":"","meta":{"footnotes":""},"class_list":["post-5568","page","type-page","status-publish","hentry"],"_links":{"self":[{"href":"https:\/\/rusistika.ffzg.unizg.hr\/index.php?rest_route=\/wp\/v2\/pages\/5568","targetHints":{"allow":["GET"]}}],"collection":[{"href":"https:\/\/rusistika.ffzg.unizg.hr\/index.php?rest_route=\/wp\/v2\/pages"}],"about":[{"href":"https:\/\/rusistika.ffzg.unizg.hr\/index.php?rest_route=\/wp\/v2\/types\/page"}],"author":[{"embeddable":true,"href":"https:\/\/rusistika.ffzg.unizg.hr\/index.php?rest_route=\/wp\/v2\/users\/123457"}],"replies":[{"embeddable":true,"href":"https:\/\/rusistika.ffzg.unizg.hr\/index.php?rest_route=%2Fwp%2Fv2%2Fcomments&post=5568"}],"version-history":[{"count":4,"href":"https:\/\/rusistika.ffzg.unizg.hr\/index.php?rest_route=\/wp\/v2\/pages\/5568\/revisions"}],"predecessor-version":[{"id":6226,"href":"https:\/\/rusistika.ffzg.unizg.hr\/index.php?rest_route=\/wp\/v2\/pages\/5568\/revisions\/6226"}],"up":[{"embeddable":true,"href":"https:\/\/rusistika.ffzg.unizg.hr\/index.php?rest_route=\/wp\/v2\/pages\/4455"}],"wp:attachment":[{"href":"https:\/\/rusistika.ffzg.unizg.hr\/index.php?rest_route=%2Fwp%2Fv2%2Fmedia&parent=5568"}],"curies":[{"name":"wp","href":"https:\/\/api.w.org\/{rel}","templated":true}]}}