{"id":5412,"date":"2023-10-02T12:29:52","date_gmt":"2023-10-02T10:29:52","guid":{"rendered":"https:\/\/rusistika.ffzg.unizg.hr\/?page_id=5412"},"modified":"2024-09-27T13:11:48","modified_gmt":"2024-09-27T11:11:48","slug":"vjezbe-iz-morfologije-ruskoga-jezika-2","status":"publish","type":"page","link":"https:\/\/rusistika.ffzg.unizg.hr\/?page_id=5412","title":{"rendered":"Vje\u017ebe iz morfologije ruskoga jezika 2"},"content":{"rendered":"\n<p>&nbsp;<\/p>\n\n\n\n<figure class=\"wp-block-table\"><table class=\"has-fixed-layout\"><tbody><tr><td colspan=\"2\"><strong>Naziv kolegija:<\/strong><\/td><td colspan=\"2\"><em>Vje\u017ebe iz morfologije ruskoga jezika 2<\/em><\/td><\/tr><tr><td colspan=\"2\"><strong>Nositelj kolegija:<\/strong><\/td><td colspan=\"2\">Prof. dr. sc. \u017deljka \u010celi\u0107, red. prof.<\/td><\/tr><tr><td colspan=\"2\"><strong>Izvo\u0111a\u010d:<\/strong><\/td><td colspan=\"2\">izv. prof. dr. sc. Branka Bar\u010dot i Lidija Milkovi\u0107, asist.<\/td><\/tr><tr><td colspan=\"2\"><strong>ECTS&nbsp; bodovi:<\/strong><\/td><td colspan=\"2\">5 (zajedno s kolegijem <em>Morfologija ruskoga jezika 2<\/em>)<\/td><\/tr><tr><td colspan=\"2\"><strong>Jezik: <\/strong><\/td><td colspan=\"2\">ruski i hrvatski<\/td><\/tr><tr><td colspan=\"2\"><strong>Trajanje: <\/strong><\/td><td colspan=\"2\">jedan semestar (3. semestar, zimski)<\/td><\/tr><tr><td colspan=\"2\"><strong>Status kolegija:<\/strong><\/td><td colspan=\"2\">obavezni<\/td><\/tr><tr><td colspan=\"2\"><strong>Oblik nastave:<\/strong><\/td><td colspan=\"2\">vje\u017ebe &nbsp;(2 sata tjedno)<\/td><\/tr><tr><td colspan=\"2\"><strong>Uvjeti za upis kolegija:<\/strong><\/td><td colspan=\"2\">Polo\u017een ispit iz <em>Morfologije ruskoga jezika 1<\/em><\/td><\/tr><tr><td colspan=\"2\"><strong>Ciljevi kolegija: <\/strong><\/td><td colspan=\"2\">Cilj&nbsp;<em>Vje\u017ebi iz morfologije ruskoga jezika 2<\/em>&nbsp;je osposobiti studente da prepoznaju razli\u010dite oblike svih vrsta rije\u010di ruskoga jezika te da ih upotrebljavaju ispravno i slobodno u pismu i govoru.<\/td><\/tr><tr><td colspan=\"2\"><strong>Kori\u0161tene metode: <\/strong><\/td><td colspan=\"2\">Interakcija profesora i studenata kroz uvje\u017ebavanje i provjeru zadataka u pismenom i usmenom obliku. Samostalan rad studenata koji se provjerava i evaluira. Kori\u0161tenje Omega sustava za u\u010denje na daljinu za prezentaciju nastavnog materijala te provjeru doma\u0107ih zada\u0107a.<\/td><\/tr><tr><td colspan=\"3\"><strong>Sadr\u017eaj kolegija:<\/strong><\/td><td>&nbsp;<\/td><\/tr><tr><td><strong>1. tjedan:<\/strong><\/td><td colspan=\"2\">Prefigirani&nbsp; glagoli kretanja. Uvje\u017ebavanje kroz niz ciljanih morfolo\u0161kih zadataka.<\/td><\/tr><tr><td><strong>2. tjedan: <\/strong><\/td><td colspan=\"2\">Pridjevi, odre\u0111enost\/neodre\u0111enost. Uvje\u017ebavanje kroz niz ciljanih morfolo\u0161kih zadataka.<\/td><\/tr><tr><td><strong>3. tjedan:<\/strong><\/td><td colspan=\"2\">Zamjenice: vrste, oblici, upotreba. Uvje\u017ebavanje kroz niz ciljanih morfolo\u0161kih zadataka.<\/td><\/tr><tr><td><strong>4. tjedan: <\/strong><\/td><td colspan=\"2\">Zamjenice: vrste, oblici, upotreba. Uvje\u017ebavanje kroz niz ciljanih morfolo\u0161kih zadataka.<\/td><\/tr><tr><td><strong>5. tjedan:<\/strong><\/td><td colspan=\"2\">Brojevi: vrste, oblici, upotreba. Uvje\u017ebavanje kroz niz ciljanih morfolo\u0161kih zadataka.<\/td><\/tr><tr><td><strong>6. tjedan:<\/strong><\/td><td colspan=\"2\">Brojevi: vrste, oblici, upotreba. Uvje\u017ebavanje kroz niz ciljanih morfolo\u0161kih zadataka.<\/td><\/tr><tr><td><strong>7.tjedan:&nbsp;&nbsp;&nbsp;&nbsp;&nbsp;&nbsp;&nbsp;&nbsp;&nbsp;&nbsp;&nbsp;&nbsp;&nbsp;&nbsp;&nbsp;&nbsp;&nbsp;&nbsp;&nbsp;&nbsp;&nbsp;&nbsp;&nbsp;&nbsp;&nbsp;&nbsp;<\/strong><\/td><td colspan=\"2\">Kolokvij 1: provjera usvojenosti gradiva.<\/td><\/tr><tr><td><strong>8. tjedan:<\/strong><\/td><td colspan=\"2\">Glagolski pridjevi: oblici i upotreba. Uvje\u017ebavanje kroz niz ciljanih morfolo\u0161kih zadataka.<\/td><\/tr><tr><td><strong>9. tjedan:<\/strong><\/td><td colspan=\"2\">Glagolski pridjevi: oblici i upotreba. Uvje\u017ebavanje kroz niz ciljanih morfolo\u0161kih zadataka.<\/td><\/tr><tr><td><strong>10. tjedan:<\/strong><\/td><td colspan=\"2\">Glagolski prilozi: oblici i upotreba. Uvje\u017ebavanje kroz niz ciljanih morfolo\u0161kih zadataka.<\/td><\/tr><tr><td><strong style=\"font-size: revert; color: inherit; font-family: inherit;\">11. tjedan:<\/strong><\/td><td colspan=\"2\">Glagolski prilozi: oblici i upotreba. Uvje\u017ebavanje kroz niz ciljanih morfolo\u0161kih zadataka.<\/td><\/tr><tr><td><strong>12. tjedan:<\/strong><\/td><td colspan=\"2\">Prijedlozi: vrste i upotreba. Pade\u017eni oblici uz pojedine prijedloge. Uvje\u017ebavanje kroz niz ciljanih morfolo\u0161kih zadataka.<\/td><\/tr><tr><td><strong>13: tjedan:<\/strong><\/td><td colspan=\"2\">Veznici, usklici, \u010destice.<\/td><\/tr><tr><td><strong>14. tjedan:<\/strong><\/td><td colspan=\"2\">Ponavljanje<\/td><\/tr><tr><td><strong>15. tjedan:<\/strong><\/td><td colspan=\"2\">Kolokvij 2: provjera usvojenosti gradiva.<\/td><\/tr><\/tbody><\/table><\/figure>\n\n\n\n<figure class=\"wp-block-table\"><table class=\"has-fixed-layout\"><tbody><tr><td colspan=\"2\"><strong>Literatura:<\/strong><\/td><\/tr><tr><td><strong>Obavezna:<\/strong><\/td><td>\u0413\u043b\u0430\u0437\u0443\u043d\u043e\u0432\u0430, \u041e.\u0418. (2003)&nbsp;<em>\u0413\u0440\u0430\u043c\u043c\u0430\u0442\u0438\u043a\u0430 \u0440\u0443\u0441\u0441\u043a\u043e\u0433\u043e \u044f\u0437\u044b\u043a\u0430<\/em>&nbsp;<em>\u0432 \u0443\u043f\u0440\u0430\u0436\u043d\u0435\u043d\u0438\u044f\u0445. \u041c\u043e\u0440\u0444\u043e\u043b\u043e\u0433\u0438\u044f<\/em>. \u0417\u043b\u0430\u0442\u043e\u0443\u0441\u0442, \u0421\u0430\u043d\u043a\u0442-\u041f\u0435\u0442\u0435\u0440\u0431\u0443\u0440\u0433.<\/td><\/tr><tr><td><strong>Dopunska: <\/strong><\/td><td>\u0412\u043e\u043b\u043a\u043e\u0432\u0430, \u041d.\u0410., \u0424\u0438\u043b\u043b\u0438\u043f\u0441, \u0414. (2015) \u0423\u043b\u0443\u0447\u0448\u0438\u043c \u043d\u0430\u0448 \u0440\u0443\u0441\u0441\u043a\u0438\u0439. \u0427\u0430\u0441\u0442\u044c 2. \u0417\u043b\u0430\u0442\u043e\u0443\u0441\u0442, \u0421\u0430\u043d\u043a\u0442-\u041f\u0435\u0442\u0435\u0440\u0431\u0443\u0440\u0433.<br><p>\u0412\u043e\u043b\u043a\u043e\u0432\u0430, \u041d.\u0410., \u0424\u0438\u043b\u043b\u0438\u043f\u0441, \u0414. (2015) \u0423\u043b\u0443\u0447\u0448\u0438\u043c \u043d\u0430\u0448 \u0440\u0443\u0441\u0441\u043a\u0438\u0439. \u0427\u0430\u0441\u0442\u044c 3. \u0417\u043b\u0430\u0442\u043e\u0443\u0441\u0442, \u0421\u0430\u043d\u043a\u0442-\u041f\u0435\u0442\u0435\u0440\u0431\u0443\u0440\u0433.<\/p><p>\u0416\u0438\u0432\u043a\u043e\u0432\u0438\u0447, \u0418. (2011) \u041f\u043e-\u0440\u0443\u0441\u0441\u043a\u0438 \u2013 \u043f\u0440\u0430\u0432\u0438\u043b\u044c\u043d\u043e! \u0421\u0431\u043e\u0440\u043d\u0438\u043a \u0443\u043f\u0440\u0430\u0436\u043d\u0435\u043d\u0438\u0439 \u043f\u043e \u0440\u0443\u0441\u0441\u043a\u043e\u0439 \u0433\u0440\u0430\u043c\u043c\u0430\u0442\u0438\u043a\u0435. FF-press, Zagreb.<\/p><p>\u0415\u0433\u043e\u0440\u043e\u0432\u0430, \u0410.\u0424. (2008) \u0422\u0440\u0443\u0434\u043d\u044b\u0435 \u0441\u043b\u0443\u0447\u0430\u0438 \u0440\u0443\u0441\u0441\u043a\u043e\u0439 \u0433\u0440\u0430\u043c\u043c\u0430\u0442\u0438\u043a\u0438. \u0417\u043b\u0430\u0442\u043e\u0443\u0441\u0442: \u0421\u0430\u043d\u043a\u0442-\u041f\u0435\u0442\u0435\u0440\u0431\u0443\u0440\u0433.<\/p><p>\u041b\u0430\u0441\u043a\u0430\u0440\u0435\u0432\u0430, \u0415.\u0420. (2006) \u0427\u0438\u0441\u0442\u0430\u044f \u0433\u0440\u0430\u043c\u043c\u0430\u0442\u0438\u043a\u0430. \u0417\u043b\u0430\u0442\u043e\u0443\u0441\u0442, \u0421\u0430\u043d\u043a\u0442-\u041f\u0435\u0442\u0435\u0440\u0431\u0443\u0440\u0433.<\/p><p>\u0420\u043e\u0437\u0435\u043d\u0442\u0430\u043b\u044c, \u0414. \u042d. \u0438 \u0434\u0440. (1998, 2003): \u0421\u043e\u0432\u0440\u0435\u043c\u0435\u043d\u043d\u044b\u0439 \u0440\u0443\u0441\u0441\u043a\u0438\u0439&nbsp; \u044f\u0437\u044b\u043a. (\u041c\u043e\u0440\u0444\u043e\u043b\u043e\u0433\u0438\u044f, 176-283). \u0410\u0439\u0440\u0438\u0441-\u041f\u0440\u0435\u0441\u0441, \u041c\u043e\u0441\u043a\u0432\u0430.<\/p><p>\u0421\u043a\u0432\u043e\u0440\u0446\u043e\u0432\u0430, \u0413.\u041b.(2003) \u0413\u043b\u0430\u0433\u043e\u043b\u044b \u0434\u0432\u0438\u0436\u0435\u043d\u0438\u044f \u2013 \u0431\u0435\u0437 \u043e\u0448\u0438\u0431\u043e\u043a. \u0420\u0443\u0441\u0441\u043a\u0438\u0439 \u044f\u0437\u044b\u043a, \u041c\u043e\u0441\u043a\u0432\u0430<\/p><\/td><\/tr><tr><td><strong>Studentske obaveze<\/strong>:<\/td><td>Redovito poha\u0111anje nastave, aktivno sudjelovanje u nastavi, redovito obavljanje zadataka predvi\u0111enih za samostalan rad kod ku\u0107e.<\/td><\/tr><tr><td><strong>Na\u010din ocjenjivanja: <\/strong><\/td><td>Kontinuirano pra\u0107enje. Provjera i ocjenjivanje putem kolokvija. Zavr\u0161na ocjena na temelju ocjena kolokvija i evaluiranja rada studenata tijekom semestra.<\/td><\/tr><tr><td><strong>Na\u010din pra\u0107enja kvalitete i uspje\u0161nosti izvedbe kolegija:<\/strong><\/td><td>Anketa Filozofskog fakulteta i anketa Sveu\u010dili\u0161ta u Zagrebu.<\/td><\/tr><\/tbody><\/table><\/figure>\n\n\n\n<p>&nbsp;<\/p>\n","protected":false},"excerpt":{"rendered":"<p>&nbsp; Naziv kolegija: Vje\u017ebe iz morfologije ruskoga jezika 2 Nositelj kolegija: Prof. dr. sc. \u017deljka \u010celi\u0107, red. prof. Izvo\u0111a\u010d: izv. prof. dr. sc. Branka Bar\u010dot i Lidija Milkovi\u0107, asist. ECTS&nbsp; bodovi: 5 (zajedno s kolegijem Morfologija ruskoga jezika 2) Jezik: ruski i hrvatski Trajanje: jedan semestar (3. semestar, zimski) Status kolegija: obavezni Oblik nastave: vje\u017ebe [&hellip;]<\/p>\n","protected":false},"author":123457,"featured_media":0,"parent":22,"menu_order":0,"comment_status":"closed","ping_status":"closed","template":"","meta":{"footnotes":""},"class_list":["post-5412","page","type-page","status-publish","hentry"],"_links":{"self":[{"href":"https:\/\/rusistika.ffzg.unizg.hr\/index.php?rest_route=\/wp\/v2\/pages\/5412","targetHints":{"allow":["GET"]}}],"collection":[{"href":"https:\/\/rusistika.ffzg.unizg.hr\/index.php?rest_route=\/wp\/v2\/pages"}],"about":[{"href":"https:\/\/rusistika.ffzg.unizg.hr\/index.php?rest_route=\/wp\/v2\/types\/page"}],"author":[{"embeddable":true,"href":"https:\/\/rusistika.ffzg.unizg.hr\/index.php?rest_route=\/wp\/v2\/users\/123457"}],"replies":[{"embeddable":true,"href":"https:\/\/rusistika.ffzg.unizg.hr\/index.php?rest_route=%2Fwp%2Fv2%2Fcomments&post=5412"}],"version-history":[{"count":3,"href":"https:\/\/rusistika.ffzg.unizg.hr\/index.php?rest_route=\/wp\/v2\/pages\/5412\/revisions"}],"predecessor-version":[{"id":6364,"href":"https:\/\/rusistika.ffzg.unizg.hr\/index.php?rest_route=\/wp\/v2\/pages\/5412\/revisions\/6364"}],"up":[{"embeddable":true,"href":"https:\/\/rusistika.ffzg.unizg.hr\/index.php?rest_route=\/wp\/v2\/pages\/22"}],"wp:attachment":[{"href":"https:\/\/rusistika.ffzg.unizg.hr\/index.php?rest_route=%2Fwp%2Fv2%2Fmedia&parent=5412"}],"curies":[{"name":"wp","href":"https:\/\/api.w.org\/{rel}","templated":true}]}}