{"id":5356,"date":"2023-09-19T13:06:03","date_gmt":"2023-09-19T11:06:03","guid":{"rendered":"https:\/\/rusistika.ffzg.unizg.hr\/?page_id=5356"},"modified":"2025-09-15T21:42:15","modified_gmt":"2025-09-15T19:42:15","slug":"uvod-u-rusku-civilizaciju-1-3","status":"publish","type":"page","link":"https:\/\/rusistika.ffzg.unizg.hr\/?page_id=5356","title":{"rendered":"Uvod u rusku civilizaciju 1"},"content":{"rendered":"\n<p><strong>Predavanje:<\/strong> zimski semestar 2025. \u2014 2026., prijediplomski: reformirani program; prijediplomski, diplomski: stari program<\/p>\n\n\n\n<figure class=\"wp-block-table\"><table class=\"has-fixed-layout\"><tbody><tr><td><strong>Naziv studija: <\/strong>\u00a0\u00a0\u00a0\u00a0\u00a0\u00a0\u00a0\u00a0\u00a0\u00a0\u00a0\u00a0\u00a0\u00a0\u00a0\u00a0\u00a0\u00a0\u00a0\u00a0\u00a0Ruski jezik i knji\u017eevnost;\u00a0prijediplomski studij, diplomski studij<\/td><\/tr><tr><td><strong>Naziv kolegija: &nbsp; &nbsp; &nbsp; &nbsp; &nbsp; &nbsp; &nbsp; &nbsp; &nbsp; <\/strong>Uvod u rusku civilizaciju 1<\/td><\/tr><tr><td><strong>Ime nastavnika: &nbsp; &nbsp; &nbsp; &nbsp; &nbsp; &nbsp; &nbsp; &nbsp; <\/strong>Prof. dr. sc. \u017deljka \u010celi\u0107<\/td><\/tr><tr><td><strong>ECTS-bodovi: &nbsp; &nbsp; &nbsp; &nbsp; &nbsp; &nbsp; &nbsp; &nbsp; &nbsp; &nbsp; <\/strong>2<\/td><\/tr><tr><td><strong>Jezik:&nbsp; &nbsp; &nbsp; &nbsp; &nbsp; &nbsp; &nbsp; &nbsp; &nbsp; &nbsp; &nbsp; &nbsp; &nbsp; &nbsp; &nbsp; &nbsp; <\/strong>hrvatski i ruski&nbsp;<\/td><\/tr><tr><td><strong>Trajanje:&nbsp; &nbsp; &nbsp; &nbsp; &nbsp; &nbsp; &nbsp; &nbsp; &nbsp; &nbsp; &nbsp; &nbsp; &nbsp; &nbsp; <\/strong>jedan semestar, 1. (3., 5., 7.; 1. \/ 3.), zimski<\/td><\/tr><tr><td><strong>Status:&nbsp; &nbsp; &nbsp; &nbsp; &nbsp; &nbsp; &nbsp; &nbsp; &nbsp; &nbsp; &nbsp; &nbsp; &nbsp; &nbsp; &nbsp; <\/strong>izborni (C2)<\/td><\/tr><tr><td><strong>Oblik nastave: &nbsp; &nbsp; &nbsp; &nbsp; &nbsp; &nbsp; &nbsp; &nbsp; &nbsp; <\/strong>predavanje (2 sata)&nbsp;<\/td><\/tr><tr><td><strong>Uvjeti za upis kolegija:&nbsp; &nbsp; &nbsp; <\/strong>nema<\/td><\/tr><tr><td><strong>Cilj kolegija:&nbsp;&nbsp;&nbsp;&nbsp;<\/strong>Usvajanje op\u0107ih pojmova i mjest\u0101 vezanih uz kulturu i civilizaciju konteksta <em>ruski <\/em>(Rus) <em>\u2014<\/em> narod, nacija, dr\u017eava, povijest, umjetnost, religija, svakodnevica; usvajanje ruskoga vokabulara (svaka jedinica popra\u0107ena je ruskim terminima i hrvatskim ekvivalentima); razvijanje sposobnosti javnoga izlaganja i diskusije te pismenoga izra\u017eavanja; razvijanje sposobnosti samostalnoga istra\u017eivanja.<\/td><\/tr><tr><td><strong>Uloga kolegija u ukupnome kurikulumu:<\/strong>&nbsp;&nbsp;&nbsp;Kolegij pridonosi shva\u0107anju i prihva\u0107anju ruske kulture i civilizacije (povijest i suvremenost, ruski u u\u017eem etni\u010dkom smislu, u \u0161irem isto\u010dnoslavesnkom smislu te sovjetskom smislu), stvaranju op\u0107ega vokabulara; predstavlja temelj svim sljede\u0107im kolegijima, osobito mati\u010dnoga studija.&nbsp;&nbsp;&nbsp;<strong>&nbsp;&nbsp;&nbsp;&nbsp;&nbsp;&nbsp;&nbsp;&nbsp;&nbsp;&nbsp;&nbsp;&nbsp;&nbsp;&nbsp;&nbsp;&nbsp;&nbsp;<\/strong><\/td><\/tr><tr><td><strong>Upotrijebljene metode:&nbsp;&nbsp;&nbsp;&nbsp;&nbsp;<\/strong>Nastavni\u010dki uvodni&nbsp; pregled cjeline koja se obra\u0111uje (predavanje), studentski pisani seminar i usmena izlaganja, tematske rasprave i usporedba s hrvatskom i svjetskom civilizacijom \u2014 interakcija izme\u0111u nastavnika i studenata te studenata me\u0111usobno.&nbsp;<\/td><\/tr><tr><td><strong>Sadr\u017eaj kolegija:&nbsp;&nbsp;&nbsp;&nbsp;&nbsp;&nbsp;<\/strong><\/td><\/tr><tr><td>1.tjedan <strong>\u00a0Dr\u017eava<\/strong><br>kratak pregled: Rus, Moskovija, SSSR, RF; dr\u017eavna struktura \u2014 vladaju\u0107a tijela\u00a0<\/td><\/tr><tr><td>2. tjedan<strong> Dr\u017eava<\/strong><br>kratak pregled: Rus, Moskovija, SSSR, RF; dr\u017eavna struktura \u2014 vladaju\u0107a tijela<\/td><\/tr><tr><td>3. tjedan <strong>Dr\u017eava<\/strong><br>dr\u017eavni simboli: zastava, grb, himna<\/td><\/tr><tr><td>4. tjedan <strong>Dr\u017eava<\/strong><br>dr\u017eavni i vjerski praznici<strong>\u00a0<\/strong><\/td><\/tr><tr><td>5. tjedan<strong> Vjera<\/strong><br>poganstvo \u2013 mitologija<\/td><\/tr><tr><td>6. tjedan<strong> Vjera<\/strong> <br>kr\u0161\u0107anstvo, pokr\u0161tavanje, pravoslavlje, starovjerci; evan\u0111elja; prisutnost ostalih vjeroispovijesti na podru\u010dju RF<\/td><\/tr><tr><td>7. tjedan<strong> Ruska pravoslavna crkva<\/strong><br>dru\u0161tvena uloga u ruskoj povijesti<strong>\u00a0<\/strong><\/td><\/tr><tr><td>8. tjedan<strong> Narod, nacija<\/strong><br>indoevropsko porijeklo, Slaveni, Isto\u010dni Slaveni, Rusi; drugi narodi unutar ZND-a<\/td><\/tr><tr><td>9 . tjedan <strong>Narod, nacija<\/strong><br>indoevropsko porijeklo, Slaveni, Isto\u010dni Slaveni, Rusi; drugi narodi unutar ZND-a<\/td><\/tr><tr><td>10. tjedan <strong>Klima<\/strong><\/td><\/tr><tr><td>11. tjedan <strong>Glazba<\/strong><br>klasi\u010dna, suvremena<strong>\u00a0<\/strong><\/td><\/tr><tr><td>12. tjedan<strong> Ples<\/strong><br>balet, narodni plesovi<strong>\u00a0<\/strong><\/td><\/tr><tr><td>13. tjedan<strong> Hrana<\/strong><br>peljmeni, \u0161\u010di, <em>pala\u010dinke<\/em> \u2026<\/td><\/tr><tr><td>14. tjedan<strong> Pi\u0107e<\/strong><br>votka, kvas<\/td><\/tr><tr><td>15. tjedan <strong>Ponavljanje<\/strong><\/td><\/tr><\/tbody><\/table><\/figure>\n\n\n\n<p><strong>Po\u010detna literatura:\u00a0\u00a0\u00a0\u00a0\u00a0\u00a0<\/strong><\/p>\n\n\n\n<ul class=\"wp-block-list\">\n<li>Bilen&#8217;ka-Svystovy\u010d, L. V.; Rybak, N. R. (2000) <em>\u0421\u043b\u043e\u0432\u02dd\u044f\u043d\u0441\u044c\u043a\u0430 \u043c\u043e\u0432\u0430. <\/em>Krynycja, Kyjiv.<\/li>\n\n\n\n<li><em>Bol&#8217;\u0161aja sovetskaja \u00e9nciklopedija<\/em> (1975) Izdatel&#8217;stvo Sovetskaja \u00e9nciklopedija, Moskva.<\/li>\n\n\n\n<li><em>Bol&#8217;\u0161oj \u00e9nciklopedi\u010deskij slovar&#8217;. Jazykoznanie <\/em>(2000) NI Bol&#8217;\u0161aja Rossijskaja \u00e9nciklopedija, Moskva.<\/li>\n\n\n\n<li><em>Bol&#8217;\u0161oj \u00e9nciklopedi\u010deskij slovar&#8217;. \u041c\u0438\u0444\u043e\u043b\u043e\u0433\u0438\u044f <\/em>(1998) NI Bol&#8217;\u0161aja Rossijskaja \u00e9nciklopedija, Moskva.<\/li>\n\n\n\n<li><em>Grammatika russkogo jazyka. <\/em>(1960) Akademija nauk SSSR. Moskva.<\/li>\n\n\n\n<li>Ivanov, Vja\u010deslav V. (1983) <em>Istori\u010deskaja grammatika russkogo jazyka<\/em>.<em> <\/em>Prosve\u0161\u010denie, Moskva.\u00a0<\/li>\n\n\n\n<li>Ivanova, Tat&#8217;jana Apollonovna (2005) <em>\u0421\u0442\u0430\u0440\u043e\u0441\u043b\u0430\u0432\u044f\u043d\u0441\u043a\u0438\u0439 \u044f\u0437\u044b\u043a. <\/em>Avalon, Azbuka-klassika, Sankt-Peterburg.<\/li>\n\n\n\n<li>Jagi\u0107, Vatroslav (1910, 2003) <em>Istorija slavjanskoj filologiji. <\/em>Indrik, Sankt Peterburg.\u00a0<\/li>\n\n\n\n<li>Kri\u017eani\u0107, Juraj (1983) <em>Objasn\u044cenje vivodno o pism<\/em><em>\u0463<\/em><em> slov<\/em><em>\u0463<\/em><em>nskom. <\/em>Sabr. djela J. Kri\u017eani\u0107a 1. Zagreb.\u00a0<\/li>\n\n\n\n<li>Kri\u017eani\u0107, Juraj (1984) <em>Gramati\u010dno izkazanje. <\/em>Sabr. djela J. Kri\u017eani\u0107a 2, Zagreb.\u00a0<\/li>\n\n\n\n<li>Lunt, Horace G. (1974) <em>Old Church Slavonic Grammar. <\/em>Mouton, The Hague-Paris.<\/li>\n\n\n\n<li>Pribojevi\u0107, Vinko (1997) <em>O podrijetlu i slavi Slavena. <\/em>Golden marketing-Narodne novine, Zagreb.<\/li>\n\n\n\n<li><em>Russkij jazyk. \u00c9nciklopedija<\/em> (1979)<strong> <\/strong>Sovetskaja enciklopedija, Moskva.<strong>\u00a0<\/strong><\/li>\n\n\n\n<li>Sesar, Dubravka (1996) <em>Putovima slavenskih knji\u017eevnih jezika. Pregled standardizacije \u010de\u0161koga i drugih slavenskih jezika. <\/em>Zavod za lingvistiku FF Sveu\u010dili\u0161ta u Zagrebu, Zagreb.\u00a0<\/li>\n\n\n\n<li>St\u0115panova, Ludmila; Vychodilov\u00e1, Zde\u0148ka (2005) Zem\u0115pisn\u00e9 a politick\u00e9 re\u00e1lie sou\u010dasn\u00e9ho Ruska \/ \u0413\u0435\u043e\u0433\u0440\u0430\u0444\u0438\u0447\u0435\u0441\u043a\u0438\u0435 \u0438 \u043f\u043e\u043b\u0438\u0442\u0438\u0447\u0435\u0441\u043a\u0435 \u0440\u0435\u0430\u043b\u0438\u0438 \u0441\u043e\u0432\u0440\u0435\u043c\u0435\u043d\u043d\u043e\u0439 \u0420\u043e\u0441\u0441\u0438\u0438. Univerzita Palack\u00e9ho v Olomouci, Filozofick\u00e1 fakulta, Olomouc<\/li>\n\n\n\n<li>Timberlake, Alan (2002) <em>Russian<\/em> u The Slavonic Languages.<em> <\/em>(str. 827-886). Routledge, London-New York.<\/li>\n\n\n\n<li>Unbegaun, Boris O. (1960) <em>Russian Grammar. <\/em>Oxford, At the Clarendon Press.<\/li>\n\n\n\n<li>Uspenskij, Boris A. (2002) <em>Istorija russkogo literaturnogo jazyka (XI-XVII vv.).<\/em> Aspekt Press, Moskva.<\/li>\n\n\n\n<li>Vendina, Tat&#8217;jana I. (2002) <em>Srednevekovyj \u010delovek v zerkale staroslavjanskogo jazyka<\/em>. Indrik, Moskva.<\/li>\n\n\n\n<li>Vinogradov, Viktor V. (1978) <em>Istorija russkogo literaturnogo jazyka <\/em><em>\u2014<\/em><em> izbrannye trudy. <\/em>Nauka, Moskva.<\/li>\n<\/ul>\n\n\n\n<p><strong>Studentske obaveze<\/strong>: Redovito posje\u0107ivanje nastave, aktivno sudjelovanje u nastavi, izrada seminarskoga rada i izlaganje.&nbsp;<\/p>\n\n\n\n<p><strong>Na\u010din polaganja ispita: <\/strong>Seminarski rad: pismeni se predaje elektroni\u010dkom po\u0161tom do datuma, koji odre\u0111uje nastavnik; usmeno izlaganje \u2014 prema rasporedu tijekom semestra u kojem se kolegij izvodi. Ocjene nema, samo ECTS bodovi.<\/p>\n\n\n\n<p><strong>Na\u010din pra\u0107enja kvalitete i uspje\u0161nosti izvedbe kolegija:<\/strong> Anketa Filozofskog fakulteta i anketa Sveu\u010dili\u0161ta u Zagrebu.<\/p>\n","protected":false},"excerpt":{"rendered":"<p>Predavanje: zimski semestar 2025. \u2014 2026., prijediplomski: reformirani program; prijediplomski, diplomski: stari program Naziv studija: \u00a0\u00a0\u00a0\u00a0\u00a0\u00a0\u00a0\u00a0\u00a0\u00a0\u00a0\u00a0\u00a0\u00a0\u00a0\u00a0\u00a0\u00a0\u00a0\u00a0\u00a0Ruski jezik i knji\u017eevnost;\u00a0prijediplomski studij, diplomski studij Naziv kolegija: &nbsp; &nbsp; &nbsp; &nbsp; &nbsp; &nbsp; &nbsp; &nbsp; &nbsp; Uvod u rusku civilizaciju 1 Ime nastavnika: &nbsp; &nbsp; &nbsp; &nbsp; &nbsp; &nbsp; &nbsp; &nbsp; Prof. dr. sc. \u017deljka \u010celi\u0107 ECTS-bodovi: &nbsp; [&hellip;]<\/p>\n","protected":false},"author":123457,"featured_media":0,"parent":5777,"menu_order":0,"comment_status":"closed","ping_status":"closed","template":"","meta":{"footnotes":""},"class_list":["post-5356","page","type-page","status-publish","hentry"],"_links":{"self":[{"href":"https:\/\/rusistika.ffzg.unizg.hr\/index.php?rest_route=\/wp\/v2\/pages\/5356","targetHints":{"allow":["GET"]}}],"collection":[{"href":"https:\/\/rusistika.ffzg.unizg.hr\/index.php?rest_route=\/wp\/v2\/pages"}],"about":[{"href":"https:\/\/rusistika.ffzg.unizg.hr\/index.php?rest_route=\/wp\/v2\/types\/page"}],"author":[{"embeddable":true,"href":"https:\/\/rusistika.ffzg.unizg.hr\/index.php?rest_route=\/wp\/v2\/users\/123457"}],"replies":[{"embeddable":true,"href":"https:\/\/rusistika.ffzg.unizg.hr\/index.php?rest_route=%2Fwp%2Fv2%2Fcomments&post=5356"}],"version-history":[{"count":4,"href":"https:\/\/rusistika.ffzg.unizg.hr\/index.php?rest_route=\/wp\/v2\/pages\/5356\/revisions"}],"predecessor-version":[{"id":6953,"href":"https:\/\/rusistika.ffzg.unizg.hr\/index.php?rest_route=\/wp\/v2\/pages\/5356\/revisions\/6953"}],"up":[{"embeddable":true,"href":"https:\/\/rusistika.ffzg.unizg.hr\/index.php?rest_route=\/wp\/v2\/pages\/5777"}],"wp:attachment":[{"href":"https:\/\/rusistika.ffzg.unizg.hr\/index.php?rest_route=%2Fwp%2Fv2%2Fmedia&parent=5356"}],"curies":[{"name":"wp","href":"https:\/\/api.w.org\/{rel}","templated":true}]}}