{"id":5317,"date":"2023-09-17T20:31:31","date_gmt":"2023-09-17T18:31:31","guid":{"rendered":"https:\/\/rusistika.ffzg.unizg.hr\/?page_id=5317"},"modified":"2024-09-25T15:07:31","modified_gmt":"2024-09-25T13:07:31","slug":"citanje-odabranih-tekstova-1-3","status":"publish","type":"page","link":"https:\/\/rusistika.ffzg.unizg.hr\/?page_id=5317","title":{"rendered":"\u010citanje odabranih tekstova 1"},"content":{"rendered":"\n<p><strong>Naziv kolegija:<\/strong> \u010citanje odabranih tekstova 1<\/p>\n\n\n\n<p><strong>Izvo\u0111a\u010d: <\/strong>Antonio Milovina, asistent<\/p>\n\n\n\n<p><strong>Nositelj:<\/strong> dr. sc. Danijela Lugari\u0107, izv. prof.<\/p>\n\n\n\n<p><strong>Status kolegija:<\/strong> obavezni<\/p>\n\n\n\n<p><strong>Jezik:<\/strong> hrvatski i ruski<\/p>\n\n\n\n<p><strong>Oblik nastave:<\/strong> seminar<\/p>\n\n\n\n<p><strong>Trajanje:<\/strong> 2 sata tjedno<\/p>\n\n\n\n<p><strong>Vrijeme i mjesto:<\/strong><\/p>\n\n\n\n<p>pon 16:15-17:45 dvorana A223 &#8211; seminar, grupa 1<br>pon 17:45-19:15 dvorana A223 &#8211; seminar, grupa 2<\/p>\n\n\n\n<p><strong>Broj ECTS bodova:<\/strong> 5 (zajedno s predmetom Pregled povijesti ruske knji\u017eevnosti 1)<\/p>\n\n\n\n<p><strong>Uvjet: <\/strong>ispunjeni uvjeti iz Uvoda u studij ruske knji\u017eevnosti 2<\/p>\n\n\n\n<p><strong>Ispit: <\/strong>seminarski rad<\/p>\n\n\n\n<p>&nbsp;<\/p>\n\n\n\n<p><strong>OPIS SEMINARA<\/strong>:<\/p>\n\n\n\n<p>Seminar je koncipiran kao radionica tijekom koje \u0107e se studente upoznati s nekim od klju\u010dnih djela starije ruske knji\u017eevnosti. Rad na knji\u017eevnim tekstovima temeljit \u0107e se na metodi <em>pomnoga \u010ditanja<\/em>, a njihovo \u0107e se razumijevanje produbiti isje\u010dcima iz igranih, animiranih i dokumentarnih filmova. Upoznavanje s kulturnim i povijesnim kontekstom tekstova omogu\u0107it \u0107e pra\u0107enje promjena na razini dijakronijskoga razvoja ruske knji\u017eevnosti. Studente \u0107e raditi samostalno, ali i grupno s knji\u017eevnim tekstovima (diskusije, izlaganja, izrada seminarskoga rada).<\/p>\n\n\n\n<p><strong>CILJEVI SEMINARA<\/strong>:<\/p>\n\n\n\n<p>Cilj seminara je potaknuti studente na bavljenje knji\u017eevnim tekstom te povezivanje razli\u010ditih disciplina u tuma\u010denju i interpretaciji knji\u017eevnih tekstova. Obrada knji\u017eevnih djela nadovezivat \u0107e se na znanja ponu\u0111ena u knji\u017eevnim seminarima prethodnih semestara, ali i Pregleda povijesti ruske knji\u017eevnosti 1. Seminar \u0107e tako\u0111er uputiti studente na odgovorno i produktivno kori\u0161tenje knji\u017eevnoteorijske gra\u0111e i materijala iz drugih medija (internet, film). Kolegij \u0107e pobolj\u0161ati studentske usmene i pisane vje\u0161tine.<\/p>\n\n\n\n<p><strong>METODE PODU\u010cAVANJA:<\/strong><\/p>\n\n\n\n<p>Diskusija, analiza i interpretacija djela, samostalan rad, e-u\u010denje.<\/p>\n\n\n\n<p><strong>ISHODI U\u010cENJA:<\/strong><\/p>\n\n\n\n<ol class=\"wp-block-list\">\n<li>Definirati osnovne knji\u017eevno-znanstvene termine te ih primijeniti u analizi i diskusiji o odabranim knji\u017eevnim tekstovima.<\/li>\n\n\n\n<li>Analizirati i interpretirati odabrane knji\u017eevne tekstove te ih staviti u kontekst ruskih i europskih knji\u017eevno-umjetni\u010dkih pravaca i kulturno-povijesnih fenomena.<\/li>\n\n\n\n<li>Opisati glavne specifi\u010dnosti knji\u017eevnog i kulturnog razvoja u pojedinim razdobljima ruske povijesti.<\/li>\n\n\n\n<li>Upotrijebiti ste\u010deno znanje i vje\u0161tine za analizu i tuma\u010denje drugih djela ruske knji\u017eevnosti te prenijeti ste\u010deno znanje.<\/li>\n\n\n\n<li>Napisati seminar na hrvatskom jeziku koriste\u0107i nu\u017enu terminologiju i metodologiju.<\/li>\n<\/ol>\n\n\n\n<p><strong>RASPORED RADA PO NASTAVNIM JEDINICAMA: <\/strong><\/p>\n\n\n\n<ol class=\"wp-block-list\">\n<li>Uvodna razmatranja o sadr\u017eaju kolegija. Uvod u pisanje seminarskoga rada.<\/li>\n\n\n\n<li>Rusko srednjovjekovlje i srednjovjekovna knji\u017eevnost; &#8220;Slovo o polku Igoreve&#8221; (djelo u kontekstu europske i hrvatske knji\u017eevnosti).<\/li>\n\n\n\n<li>&#8220;Slovo o polku Igoreve&#8221; (pitanje \u017eanra, autorstvo djela, pitanje originalnosti, elementi foklora i narodnog stvarala\u0161tva, historizam, &#8220;Slovo&#8221; danas).<\/li>\n\n\n\n<li>&#8220;Zadon\u0161tina&#8221; (kulikovski ciklus, nastanak teksta, \u017eanr i autor, religijski kontekst, stilske zna\u010dajke, odnos &#8220;Slova o vojni Igorevoj&#8221; i &#8220;Zadon\u0161tine&#8221;).<\/li>\n\n\n\n<li>M. Lomonosov: &#8220;Utrennee&#8221; i &#8221; Ve\u010dernee razmy\u0161lenie&#8221;, &#8220;Gimn borode&#8221;, &#8220;Razgovor s Anakreontom&#8221; (znanstveno-filozofska poezija, satira, gra\u0111ansko-domoljubna oda).<\/li>\n\n\n\n<li>M. Lomonosov: &#8220;Utrennee&#8221; i &#8221; Ve\u010dernee razmy\u0161lenie&#8221;, &#8220;Gimn borode&#8221;, &#8220;Razgovor s Anakreontom&#8221; (znanstveno-filozofska poezija, satira, gra\u0111ansko-domoljubna oda).<\/li>\n\n\n\n<li>D. Fonvizin: &#8220;Nedorosl'&#8221; (demokratizacija knji\u017eevnosti, satira; problematika djela &#8211; odgoj, mane ruskog plemstva, klasicisti\u010dka obilje\u017eja, likovi &#8211; &#8220;govorja\u0161\u010die familii&#8221;).<\/li>\n\n\n\n<li>A. Radi\u0161\u010dev: &#8220;Pute\u0161estvie iz Peterburga v Moskvu&#8221; (problematika obrazovanja i prosvje\u0107ivanja plemstva, pitanje \u017eanra, dru\u0161tvena kritika: problemi s vlastima, revolucionarne konotacije).<\/li>\n\n\n\n<li>A. Radi\u0161\u010dev: &#8220;Pute\u0161estvie iz Peterburga v Moskvu&#8221; (problematika obrazovanja i prosvje\u0107ivanja plemstva, pitanje \u017eanra, dru\u0161tvena kritika: problemi s vlastima, revolucionarne konotacije).<\/li>\n\n\n\n<li>N. Karamzin: &#8220;Bednaja Liza&#8221; (ruski sentimentalizam, kontrast sela i grada, kult seoskog \u017eivota i kult osje\u0107aja).<\/li>\n\n\n\n<li>A. Pu\u0161kin: &#8220;Mednyj vsadnik&#8221; (kontekst nastanka djela, simbolika Sankt-Peterburga, Petar Veliki i &#8220;maleni \u010dovjek&#8221;: odnos pojedinca i vlasti, osobitosti stila i \u017eanra: &#8220;peterbur\u0161ka pripovijest&#8221;).<\/li>\n\n\n\n<li>A. Pu\u0161kin: &#8220;Mednyj vsadnik&#8221; (kontekst nastanka djela, simbolika Sankt-Peterburga, Petar Veliki i &#8220;maleni \u010dovjek&#8221; &#8211; odnos pojedinca i vlasti, osobitosti stila i \u017eanra &#8211; &#8220;peterbur\u0161ka pripovijest&#8221;).<\/li>\n\n\n\n<li>M. Lermontov: &#8220;Geroj na\u0161ego vremeni&#8221; (romanti\u010darska filozofija i poetika, romanti\u010darski junak: &#8220;suvi\u0161ni \u010dovjek&#8221;, Kavkaz u ruskoj knji\u017eevnosti: egzotika i kolonijalizam)<\/li>\n\n\n\n<li>M. Lermontov: &#8220;Geroj na\u0161ego vremeni&#8221; (romanti\u010darska filozofija i poetika, romanti\u010darski junak: &#8220;suvi\u0161ni \u010dovjek&#8221;, Kavkaz u ruskoj knji\u017eevnosti: egzotika i kolonijalizam)<\/li>\n\n\n\n<li>Revizija seminarskih radova.<\/li>\n<\/ol>\n\n\n\n<p><strong>LITERATURA:<\/strong><\/p>\n\n\n\n<p>Uz navedene knji\u017eevne tekstove:<\/p>\n\n\n\n<p>Billington, J. (1988)&nbsp; <em>Ikona i sekira: istorija ruske kulture, jedno tuma\u010denje<\/em>, Beograd: Rad.<\/p>\n\n\n\n<p>Flaker, A. (ur.) (1975) <em>Povijest svjetske knji\u017eevnosti. Knj. 7<\/em>: <em>Stara ruska i Novija ruska knji\u017eevnost<\/em>, Zagreb: Mladost.<\/p>\n\n\n\n<p>Kuskov, V. V. (1982) <em>Istorija drevnerusskoj literatury<\/em>, Moskva: Vys\u0161aja \u0161kola.<\/p>\n\n\n\n<p>Lauer, R. (2009) <em>Povijest ruske knji\u017eevnosti<\/em>, Zagreb: Golden marketing.<\/p>\n\n\n\n<p>Litvina, A. F. i Uspenskij F. B. (sost.) (2002) <em>Iz istorii russkoj kul&#8217;tury<\/em>, T. 2, knj. 1, <em>Kievskaja i Moskovskaja Rus&#8217;<\/em>, Moskva: Jazyki russkoj kul&#8217;tury.<\/p>\n\n\n\n<p>U\u017earevi\u0107, J. (2020) <em>Ruska knji\u017eevnost od 11. do 21. stolje\u0107a<\/em>, Zagreb: Disput.<\/p>\n","protected":false},"excerpt":{"rendered":"<p>Naziv kolegija: \u010citanje odabranih tekstova 1 Izvo\u0111a\u010d: Antonio Milovina, asistent Nositelj: dr. sc. Danijela Lugari\u0107, izv. prof. Status kolegija: obavezni Jezik: hrvatski i ruski Oblik nastave: seminar Trajanje: 2 sata tjedno Vrijeme i mjesto: pon 16:15-17:45 dvorana A223 &#8211; seminar, grupa 1pon 17:45-19:15 dvorana A223 &#8211; seminar, grupa 2 Broj ECTS bodova: 5 (zajedno s [&hellip;]<\/p>\n","protected":false},"author":123457,"featured_media":0,"parent":22,"menu_order":0,"comment_status":"closed","ping_status":"closed","template":"","meta":{"footnotes":""},"class_list":["post-5317","page","type-page","status-publish","hentry"],"_links":{"self":[{"href":"https:\/\/rusistika.ffzg.unizg.hr\/index.php?rest_route=\/wp\/v2\/pages\/5317","targetHints":{"allow":["GET"]}}],"collection":[{"href":"https:\/\/rusistika.ffzg.unizg.hr\/index.php?rest_route=\/wp\/v2\/pages"}],"about":[{"href":"https:\/\/rusistika.ffzg.unizg.hr\/index.php?rest_route=\/wp\/v2\/types\/page"}],"author":[{"embeddable":true,"href":"https:\/\/rusistika.ffzg.unizg.hr\/index.php?rest_route=\/wp\/v2\/users\/123457"}],"replies":[{"embeddable":true,"href":"https:\/\/rusistika.ffzg.unizg.hr\/index.php?rest_route=%2Fwp%2Fv2%2Fcomments&post=5317"}],"version-history":[{"count":3,"href":"https:\/\/rusistika.ffzg.unizg.hr\/index.php?rest_route=\/wp\/v2\/pages\/5317\/revisions"}],"predecessor-version":[{"id":5776,"href":"https:\/\/rusistika.ffzg.unizg.hr\/index.php?rest_route=\/wp\/v2\/pages\/5317\/revisions\/5776"}],"up":[{"embeddable":true,"href":"https:\/\/rusistika.ffzg.unizg.hr\/index.php?rest_route=\/wp\/v2\/pages\/22"}],"wp:attachment":[{"href":"https:\/\/rusistika.ffzg.unizg.hr\/index.php?rest_route=%2Fwp%2Fv2%2Fmedia&parent=5317"}],"curies":[{"name":"wp","href":"https:\/\/api.w.org\/{rel}","templated":true}]}}