{"id":5027,"date":"2022-07-11T17:48:39","date_gmt":"2022-07-11T15:48:39","guid":{"rendered":"https:\/\/rusistika.ffzg.unizg.hr\/?page_id=5027"},"modified":"2024-09-25T15:16:32","modified_gmt":"2024-09-25T13:16:32","slug":"odobrene-teme-sjednica-odsjeka-8-srpnja-2022-g","status":"publish","type":"page","link":"https:\/\/rusistika.ffzg.unizg.hr\/?page_id=5027","title":{"rendered":"Odobrene teme &#8211; sjednica Odsjeka 8. 7. 2022."},"content":{"rendered":"<table width=\"451\">\n<tbody>\n<tr>\n<td width=\"29\">1.<\/td>\n<td width=\"55\">RUS<\/td>\n<td width=\"120\"><strong>Luka Lasinovi\u0107<\/strong><\/td>\n<td width=\"156\">Sovjetski sporta\u0161 u postsovjetskoj kinematografiji \u2013 izme\u0111u politi\u010dkoga i mitskoga<\/p>\n<p><em>Interdisciplinarni rad!<\/em><\/td>\n<td width=\"90\">dr. sc. Hrvoje Klasni\u0107 \/ dr. sc. Ivana Peru\u0161ko<\/td>\n<\/tr>\n<tr>\n<td width=\"29\">2.<\/td>\n<td width=\"55\">RUS<\/td>\n<td width=\"120\"><strong>Mislav Matijevi\u0107<\/strong><\/td>\n<td width=\"156\">Translatolo\u0161ka analiza prijevoda administrativno \u2013 pravnih tekstova<\/td>\n<td width=\"90\">Promjena mentora!<\/p>\n<p>dr. sc. Branka Bar\u010dot<\/td>\n<\/tr>\n<tr>\n<td width=\"29\">3.<\/td>\n<td width=\"55\">RUS<\/td>\n<td width=\"120\"><strong>Norma Peter <\/strong><\/td>\n<td width=\"156\">Kovidni neologizmi: ruski jezik u vrijeme pandemije COVID 19 2020. \u2013 2022.<\/td>\n<td width=\"90\">dr. sc. Natalija Vidmarovi\u0107<\/td>\n<\/tr>\n<tr>\n<td width=\"29\">4.<\/td>\n<td width=\"55\">RUS<\/td>\n<td width=\"120\"><strong>Dora Mati\u0107<\/strong><\/td>\n<td width=\"156\">Promjena teme!<\/p>\n<p>Na rubu svijesti: strategije oniri\u010dkog u drami \u201eDostoevsky-trip\u201c V. Sorokina<\/p>\n<p><em>Interdisciplinarni rad!<\/em><\/p>\n<p><span style=\"text-decoration: line-through;\">Recepcija Marine Cvetaeve u hrvatskoj knji\u017eevnosti<\/span><\/td>\n<td width=\"90\">dr. sc. Lada \u010cale Feldman \/ dr. sc. Jasmina Vojvodi\u0107<\/td>\n<\/tr>\n<tr>\n<td width=\"29\">5.<\/td>\n<td width=\"55\">RUS<\/td>\n<td width=\"120\"><strong>Ena Katarina<\/strong><\/td>\n<td width=\"156\">Promjena teme i mentora na drugom Odsjeku!<\/p>\n<p>Uvo\u0111enje novoga vokabulara u nastavi njema\u010dkoga i ruskoga jezika igrifikacijom nastavnoga sadr\u017eaja<\/p>\n<p><em>Interdisciplinarni rad!<\/em><\/p>\n<p><span style=\"text-decoration: line-through;\">Digitalne igre u nastavi njema\u010dkoga i ruskoga kao stranoga jezika<\/span><\/p>\n<p>&nbsp;<\/td>\n<td width=\"90\">dr. sc. Mirela Landsman Vinkovi\u0107 \/ dr. sc. Marina Jaji\u0107 Novogradec<\/td>\n<\/tr>\n<\/tbody>\n<\/table>\n<p>&nbsp;<\/p>\n","protected":false},"excerpt":{"rendered":"<p>1. RUS Luka Lasinovi\u0107 Sovjetski sporta\u0161 u postsovjetskoj kinematografiji \u2013 izme\u0111u politi\u010dkoga i mitskoga Interdisciplinarni rad! dr. sc. Hrvoje Klasni\u0107 \/ dr. sc. Ivana Peru\u0161ko 2. RUS Mislav Matijevi\u0107 Translatolo\u0161ka analiza prijevoda administrativno \u2013 pravnih tekstova Promjena mentora! dr. sc. Branka Bar\u010dot 3. RUS Norma Peter Kovidni neologizmi: ruski jezik u vrijeme pandemije COVID 19 [&hellip;]<\/p>\n","protected":false},"author":123457,"featured_media":0,"parent":4455,"menu_order":0,"comment_status":"closed","ping_status":"closed","template":"","meta":{"footnotes":""},"class_list":["post-5027","page","type-page","status-publish","hentry"],"_links":{"self":[{"href":"https:\/\/rusistika.ffzg.unizg.hr\/index.php?rest_route=\/wp\/v2\/pages\/5027","targetHints":{"allow":["GET"]}}],"collection":[{"href":"https:\/\/rusistika.ffzg.unizg.hr\/index.php?rest_route=\/wp\/v2\/pages"}],"about":[{"href":"https:\/\/rusistika.ffzg.unizg.hr\/index.php?rest_route=\/wp\/v2\/types\/page"}],"author":[{"embeddable":true,"href":"https:\/\/rusistika.ffzg.unizg.hr\/index.php?rest_route=\/wp\/v2\/users\/123457"}],"replies":[{"embeddable":true,"href":"https:\/\/rusistika.ffzg.unizg.hr\/index.php?rest_route=%2Fwp%2Fv2%2Fcomments&post=5027"}],"version-history":[{"count":3,"href":"https:\/\/rusistika.ffzg.unizg.hr\/index.php?rest_route=\/wp\/v2\/pages\/5027\/revisions"}],"predecessor-version":[{"id":6229,"href":"https:\/\/rusistika.ffzg.unizg.hr\/index.php?rest_route=\/wp\/v2\/pages\/5027\/revisions\/6229"}],"up":[{"embeddable":true,"href":"https:\/\/rusistika.ffzg.unizg.hr\/index.php?rest_route=\/wp\/v2\/pages\/4455"}],"wp:attachment":[{"href":"https:\/\/rusistika.ffzg.unizg.hr\/index.php?rest_route=%2Fwp%2Fv2%2Fmedia&parent=5027"}],"curies":[{"name":"wp","href":"https:\/\/api.w.org\/{rel}","templated":true}]}}