{"id":4999,"date":"2022-06-08T14:03:36","date_gmt":"2022-06-08T12:03:36","guid":{"rendered":"https:\/\/rusistika.ffzg.unizg.hr\/?page_id=4999"},"modified":"2024-09-25T15:16:21","modified_gmt":"2024-09-25T13:16:21","slug":"odobrene-teme-sjednica-odsjeka-3-lipnja-2022","status":"publish","type":"page","link":"https:\/\/rusistika.ffzg.unizg.hr\/?page_id=4999","title":{"rendered":"Odobrene teme &#8211; sjednica Odsjeka 3. 6. 2022."},"content":{"rendered":"<p>Odobrene teme diplomskih radova \u2013 sjednica Odsjeka za isto\u010dnoslavenske jezike i knji\u017eevnosti 3. lipnja 2022.<\/p>\n<table>\n<tbody>\n<tr>\n<td width=\"29\">Rbr.<\/td>\n<td width=\"56\">Studij<\/td>\n<td width=\"121\">Ime i prezime studenta<\/td>\n<td width=\"157\">Naslov rada<\/td>\n<td width=\"90\">Mentor<\/td>\n<\/tr>\n<tr>\n<td width=\"29\">3.<\/td>\n<td width=\"56\">RUS<\/td>\n<td width=\"121\"><strong>Kate Su\u0161i\u0107<\/strong><\/td>\n<td width=\"157\">Sleng i pop kultura u prijevodu kratke proze I. Dene\u017ekine<\/td>\n<td width=\"90\">dr. sc. Ivana Peru\u0161ko<\/td>\n<\/tr>\n<tr>\n<td width=\"29\">4.<\/td>\n<td width=\"56\">RUS<\/td>\n<td width=\"121\"><strong>Ruben Finderle<\/strong><\/td>\n<td width=\"157\">Nadnaravno u romanu \u201eMajstor i Margarita\u201c M. Bulgakova<\/td>\n<td width=\"90\">dr. sc. Ivana Peru\u0161ko<\/td>\n<\/tr>\n<tr>\n<td width=\"29\">6.<\/td>\n<td width=\"56\">RUS<\/td>\n<td width=\"121\"><strong>Ema Mara\u010da<\/strong><\/td>\n<td width=\"157\">Psihoanaliti\u010dko \u010ditanje \u201ePri\u010da s Kolime\u201c<\/td>\n<td width=\"90\">dr. sc. Danijela Lugari\u0107 Vukas<\/td>\n<\/tr>\n<tr>\n<td width=\"29\">7.<\/td>\n<td width=\"56\">RUS<\/td>\n<td width=\"121\"><strong>Marija Bakula<\/strong><\/td>\n<td width=\"157\">Koncept \u201eMedvjed\u201c, \u201eDu\u0161a\u201c i \u201eKruh\u201c u hrvatskoj i ruskoj jezi\u010dnoj slici svijeta<\/td>\n<td width=\"90\">dr. sc. Branka Bar\u010dot<\/td>\n<\/tr>\n<tr>\n<td width=\"29\">9.<\/td>\n<td width=\"56\">RUS<\/td>\n<td width=\"121\"><strong>Robert Zuljani<\/strong><\/td>\n<td width=\"157\">Bol i Bog u lirici Mihaila Lermontova<\/td>\n<td width=\"90\">dr. sc. Josip U\u017earevi\u0107<\/td>\n<\/tr>\n<tr>\n<td width=\"29\">10.<\/td>\n<td width=\"56\">RUS<\/td>\n<td width=\"121\"><strong>Sara Kova\u010devi\u0107<\/strong><\/td>\n<td width=\"157\">Ruski frazemi temeljeni na bajkama i basnama<\/td>\n<td width=\"90\">dr. sc. Anita Hrnjak<\/td>\n<\/tr>\n<tr>\n<td width=\"29\">12.<\/td>\n<td width=\"56\">RUS<\/td>\n<td width=\"121\"><strong>Iva \u017dura<\/strong><\/td>\n<td width=\"157\">Galicizmi u ruskim prijevodima dokumenata Vije\u0107a Europe<\/td>\n<td width=\"90\">dr. sc. Branka Bar\u010dot<\/td>\n<\/tr>\n<tr>\n<td width=\"29\">13.<\/td>\n<td width=\"56\">RUS<\/td>\n<td width=\"121\"><strong>Dominik Hrestak<\/strong><\/td>\n<td width=\"157\">Staroruska djela u Paleji Tolkovoj<\/td>\n<td width=\"90\">dr. sc. Natalija Vidmarovi\u0107<\/td>\n<\/tr>\n<tr>\n<td width=\"29\">14.<\/td>\n<td width=\"56\">RUS<\/td>\n<td width=\"121\"><strong>Mihaela Maslov<\/strong><\/td>\n<td width=\"157\">Stilovi u\u010denja i osobine li\u010dnosti kod hrvatskih studenata ruskoga kao stranog jezika<\/td>\n<td width=\"90\">dr. sc. Marina Jaji\u0107 Novogradec<\/td>\n<\/tr>\n<tr>\n<td width=\"29\">15.<\/td>\n<td width=\"56\">RUS<\/td>\n<td width=\"121\"><strong>Vlatka Vidakovi\u0107<\/strong><\/td>\n<td width=\"157\">Kako prevoditi urbani \u017eargon mladih iz suvremene ruske proze?<\/td>\n<td width=\"90\">dr. sc. Ivana Peru\u0161ko<\/td>\n<\/tr>\n<tr>\n<td width=\"29\">17.<\/td>\n<td width=\"56\">RUS<\/td>\n<td width=\"121\"><strong>Magdalena Stepan<\/strong><\/td>\n<td width=\"157\">U\u010dinak glazbe na u\u010denje ruskog jezika i kulture po modelu C kod srednjo\u0161kolskih u\u010denika<\/td>\n<td width=\"90\">dr. sc. Marina Jaji\u0107 Novogradec<\/td>\n<\/tr>\n<tr>\n<td width=\"29\">18.<\/td>\n<td width=\"56\">RUS<\/td>\n<td width=\"121\"><strong>Ana Haramustek<\/strong><\/td>\n<td width=\"157\">Ekonomija i knji\u017eevnost (na primjeru poeme &#8220;Mrtve du\u0161e&#8221; N. V. Gogolja)<\/td>\n<td width=\"90\">dr. sc. Jasmina Vojvodi\u0107<\/td>\n<\/tr>\n<tr>\n<td width=\"29\">19.<\/td>\n<td width=\"56\">RUS<\/td>\n<td width=\"121\"><strong>Ksenija Mihaljevi\u0107<\/strong><\/td>\n<td width=\"157\">Lingvisti\u010dki pristup translatolo\u0161koj analizi turisti\u010dkih tekstova prevedenih s hrvatskoga na ruski jezik<\/td>\n<td width=\"90\">dr. sc. Branka Bar\u010dot<\/td>\n<\/tr>\n<tr>\n<td width=\"29\">20.<\/td>\n<td width=\"56\">RUS<\/td>\n<td width=\"121\"><strong>Arina Tomi\u0107<\/strong><\/td>\n<td width=\"157\">Fragment frazeolo\u0161ke slike svijeta izvornih govornika ruskog i hrvatskog jezika: \u017eena i mu\u0161karac u frazemima sa zoonimskom sastavnicom \u2013<\/td>\n<td width=\"90\">dr. sc. Branka Bar\u010dot<\/td>\n<\/tr>\n<tr>\n<td width=\"29\">21.<\/td>\n<td width=\"56\">PED\/RUS<\/td>\n<td width=\"121\"><strong>Tina Fabijan\u010di\u0107<\/strong><\/td>\n<td width=\"157\">Didakti\u010dko-metodi\u010dka analiza ud\u017ebenika ruskog kao stranog jezika &#8211;\u00a0 <em>interdisciplinarni rad<\/em><\/td>\n<td width=\"90\">dr. sc. Ante Kolak \/ dr. sc. Marina Jaji\u0107 Novogadec<\/td>\n<\/tr>\n<tr>\n<td width=\"29\">22.<\/td>\n<td width=\"56\">FON\/RUS<\/td>\n<td width=\"121\">Barbara Hader<\/td>\n<td width=\"157\">Razvijanje kompetencije slu\u0161anja u nastavi ruskog jezika<\/p>\n<p>&#8211;\u00a0 <em>interdisciplinarni rad<\/em><\/td>\n<td width=\"90\">dr. sc. Elenmari Pletikos Olof \/ dr. sc. Marina Jaji\u0107 Novogradec<\/td>\n<\/tr>\n<tr>\n<td width=\"29\">23.<\/td>\n<td width=\"56\">RUS\/ANG<\/td>\n<td width=\"121\">Karla Kosi\u0107<\/td>\n<td width=\"157\">Semanti\u010dka analiza glagola kretanja u ruskom i engleskom jeziku<\/td>\n<td width=\"90\">dr. sc. Branka Bar\u010dot \/ dr. sc. Janja \u010culig Suknai\u0107<\/td>\n<\/tr>\n<tr>\n<td width=\"29\">24.<\/td>\n<td width=\"56\">ANG\/RUS<\/td>\n<td width=\"121\"><strong>Sara Zobel<\/strong><\/td>\n<td width=\"157\"><u>Promjena teme!<\/u><\/p>\n<p>Usporedba i lingvokulturolo\u0161ka analiza prijevodnih ekvivalenata frazema sa sastavnicom <em>novac<\/em> (ili nedostatka istih) u engleskome, ruskome te hrvatskome jeziku<\/p>\n<p><span style=\"text-decoration: line-through;\">Usporedba koncepta NOVAC u ruskoj i angloameri\u010dkoj kulturi na temelju frazema sa sastavnicom <em>novac<\/em><\/span><\/td>\n<td width=\"90\">dr. sc. Ivana Ba\u0161i\u0107\/ dr. sc. Branka Bar\u010dot<\/td>\n<\/tr>\n<\/tbody>\n<\/table>\n<p>&nbsp;<\/p>\n<p>&nbsp;<\/p>\n","protected":false},"excerpt":{"rendered":"<p>Odobrene teme diplomskih radova \u2013 sjednica Odsjeka za isto\u010dnoslavenske jezike i knji\u017eevnosti 3. lipnja 2022. Rbr. Studij Ime i prezime studenta Naslov rada Mentor 3. RUS Kate Su\u0161i\u0107 Sleng i pop kultura u prijevodu kratke proze I. Dene\u017ekine dr. sc. Ivana Peru\u0161ko 4. RUS Ruben Finderle Nadnaravno u romanu \u201eMajstor i Margarita\u201c M. Bulgakova dr. [&hellip;]<\/p>\n","protected":false},"author":123457,"featured_media":0,"parent":4455,"menu_order":0,"comment_status":"closed","ping_status":"closed","template":"","meta":{"footnotes":""},"class_list":["post-4999","page","type-page","status-publish","hentry"],"_links":{"self":[{"href":"https:\/\/rusistika.ffzg.unizg.hr\/index.php?rest_route=\/wp\/v2\/pages\/4999","targetHints":{"allow":["GET"]}}],"collection":[{"href":"https:\/\/rusistika.ffzg.unizg.hr\/index.php?rest_route=\/wp\/v2\/pages"}],"about":[{"href":"https:\/\/rusistika.ffzg.unizg.hr\/index.php?rest_route=\/wp\/v2\/types\/page"}],"author":[{"embeddable":true,"href":"https:\/\/rusistika.ffzg.unizg.hr\/index.php?rest_route=\/wp\/v2\/users\/123457"}],"replies":[{"embeddable":true,"href":"https:\/\/rusistika.ffzg.unizg.hr\/index.php?rest_route=%2Fwp%2Fv2%2Fcomments&post=4999"}],"version-history":[{"count":2,"href":"https:\/\/rusistika.ffzg.unizg.hr\/index.php?rest_route=\/wp\/v2\/pages\/4999\/revisions"}],"predecessor-version":[{"id":6228,"href":"https:\/\/rusistika.ffzg.unizg.hr\/index.php?rest_route=\/wp\/v2\/pages\/4999\/revisions\/6228"}],"up":[{"embeddable":true,"href":"https:\/\/rusistika.ffzg.unizg.hr\/index.php?rest_route=\/wp\/v2\/pages\/4455"}],"wp:attachment":[{"href":"https:\/\/rusistika.ffzg.unizg.hr\/index.php?rest_route=%2Fwp%2Fv2%2Fmedia&parent=4999"}],"curies":[{"name":"wp","href":"https:\/\/api.w.org\/{rel}","templated":true}]}}