{"id":4977,"date":"2022-04-08T13:57:31","date_gmt":"2022-04-08T11:57:31","guid":{"rendered":"https:\/\/rusistika.ffzg.unizg.hr\/?page_id=4977"},"modified":"2024-09-25T15:16:42","modified_gmt":"2024-09-25T13:16:42","slug":"odobrene-teme-sjednica-odsjeka-8-travnja-2022","status":"publish","type":"page","link":"https:\/\/rusistika.ffzg.unizg.hr\/?page_id=4977","title":{"rendered":"Odobrene teme &#8211; sjednica Odsjeka 8. 4. 2022."},"content":{"rendered":"<p>PRIJAVLJENE TEME I IMENOVANJE MENTORA DIPLOMSKOG RADA NA STUDIJU RUSKOG JEZIKA I KNJI\u017dEVNOSTI<\/p>\n<p>&nbsp;<\/p>\n<table>\n<tbody>\n<tr>\n<td width=\"31\">Rbr.<\/td>\n<td width=\"91\">Studij<\/td>\n<td width=\"110\">Ime i prezime studenta<\/td>\n<td width=\"145\">Naslov rada<\/td>\n<td width=\"87\">Mentor<\/td>\n<\/tr>\n<tr>\n<td width=\"31\">1.<\/td>\n<td width=\"91\">RUS<\/td>\n<td width=\"110\">Melani Priegl<\/td>\n<td width=\"145\">Ruski i hrvatski frazemi sa sastavnicom ihtionimom<\/td>\n<td width=\"87\">dr. sc. Anita Hrnjak<\/td>\n<\/tr>\n<tr>\n<td width=\"31\">2.<\/td>\n<td width=\"91\">RUS<\/td>\n<td width=\"110\">Marin Dolfi\u0107<\/td>\n<td width=\"145\">Odnos motivacijskih zna\u010dajki u\u010denika i vi\u0161ejezi\u010dnosti u u\u010denju ruskog jezika<\/td>\n<td width=\"87\">Promjena mentora: umjesto dr. sc. Danijela Lugari\u0107 Vukas \u2013 dr. sc. Marina Jaji\u0107 Novogradec<\/td>\n<\/tr>\n<tr>\n<td width=\"31\">3.<\/td>\n<td width=\"91\">ANG\/RUS \u2013 interdisciplinarni rad<\/td>\n<td width=\"110\">Sara Zobel<\/td>\n<td width=\"145\">Usporedba koncepta NOVAC u ruskoj i angloameri\u010dkoj kulturi na temelju frazema sa sastavnicom novac<\/td>\n<td width=\"87\">dr. sc. Ivana Ba\u0161i\u0107 \/ dr. sc. Branka Bar\u010dot<\/td>\n<\/tr>\n<tr>\n<td width=\"31\">&nbsp;<\/td>\n<td width=\"91\">&nbsp;<\/td>\n<td width=\"110\">&nbsp;<\/td>\n<td width=\"145\">&nbsp;<\/td>\n<td width=\"87\">&nbsp;<\/td>\n<\/tr>\n<\/tbody>\n<\/table>\n<p>&nbsp;<\/p>\n<p>&nbsp;<\/p>\n<p>&nbsp;<\/p>\n<p>&nbsp;<\/p>\n<p>&nbsp;<\/p>\n","protected":false},"excerpt":{"rendered":"<p>PRIJAVLJENE TEME I IMENOVANJE MENTORA DIPLOMSKOG RADA NA STUDIJU RUSKOG JEZIKA I KNJI\u017dEVNOSTI &nbsp; Rbr. Studij Ime i prezime studenta Naslov rada Mentor 1. RUS Melani Priegl Ruski i hrvatski frazemi sa sastavnicom ihtionimom dr. sc. Anita Hrnjak 2. RUS Marin Dolfi\u0107 Odnos motivacijskih zna\u010dajki u\u010denika i vi\u0161ejezi\u010dnosti u u\u010denju ruskog jezika Promjena mentora: umjesto [&hellip;]<\/p>\n","protected":false},"author":123457,"featured_media":0,"parent":4455,"menu_order":0,"comment_status":"closed","ping_status":"closed","template":"","meta":{"footnotes":""},"class_list":["post-4977","page","type-page","status-publish","hentry"],"_links":{"self":[{"href":"https:\/\/rusistika.ffzg.unizg.hr\/index.php?rest_route=\/wp\/v2\/pages\/4977","targetHints":{"allow":["GET"]}}],"collection":[{"href":"https:\/\/rusistika.ffzg.unizg.hr\/index.php?rest_route=\/wp\/v2\/pages"}],"about":[{"href":"https:\/\/rusistika.ffzg.unizg.hr\/index.php?rest_route=\/wp\/v2\/types\/page"}],"author":[{"embeddable":true,"href":"https:\/\/rusistika.ffzg.unizg.hr\/index.php?rest_route=\/wp\/v2\/users\/123457"}],"replies":[{"embeddable":true,"href":"https:\/\/rusistika.ffzg.unizg.hr\/index.php?rest_route=%2Fwp%2Fv2%2Fcomments&post=4977"}],"version-history":[{"count":2,"href":"https:\/\/rusistika.ffzg.unizg.hr\/index.php?rest_route=\/wp\/v2\/pages\/4977\/revisions"}],"predecessor-version":[{"id":6230,"href":"https:\/\/rusistika.ffzg.unizg.hr\/index.php?rest_route=\/wp\/v2\/pages\/4977\/revisions\/6230"}],"up":[{"embeddable":true,"href":"https:\/\/rusistika.ffzg.unizg.hr\/index.php?rest_route=\/wp\/v2\/pages\/4455"}],"wp:attachment":[{"href":"https:\/\/rusistika.ffzg.unizg.hr\/index.php?rest_route=%2Fwp%2Fv2%2Fmedia&parent=4977"}],"curies":[{"name":"wp","href":"https:\/\/api.w.org\/{rel}","templated":true}]}}