{"id":4245,"date":"2020-10-12T09:08:24","date_gmt":"2020-10-12T07:08:24","guid":{"rendered":"https:\/\/rusistika.ffzg.unizg.hr\/?page_id=4245"},"modified":"2025-05-19T09:28:04","modified_gmt":"2025-05-19T07:28:04","slug":"marija-popovic-lektorica-vanjska-suradnica","status":"publish","type":"page","link":"https:\/\/rusistika.ffzg.unizg.hr\/?page_id=4245","title":{"rendered":"dr. sc. Marija Popovi\u0107, lektorica"},"content":{"rendered":"<p><a href=\"https:\/\/rusistika.ffzg.unizg.hr\/wp-content\/uploads\/2020\/10\/Zagreb-2020.jpg\"><img loading=\"lazy\" decoding=\"async\" class=\"alignnone wp-image-4246\" src=\"https:\/\/rusistika.ffzg.unizg.hr\/wp-content\/uploads\/2020\/10\/Zagreb-2020-1024x768.jpg\" alt=\"\" width=\"248\" height=\"186\" srcset=\"https:\/\/rusistika.ffzg.unizg.hr\/wp-content\/uploads\/2020\/10\/Zagreb-2020-1024x768.jpg 1024w, https:\/\/rusistika.ffzg.unizg.hr\/wp-content\/uploads\/2020\/10\/Zagreb-2020-300x225.jpg 300w, https:\/\/rusistika.ffzg.unizg.hr\/wp-content\/uploads\/2020\/10\/Zagreb-2020-768x576.jpg 768w, https:\/\/rusistika.ffzg.unizg.hr\/wp-content\/uploads\/2020\/10\/Zagreb-2020-624x468.jpg 624w\" sizes=\"auto, (max-width: 248px) 100vw, 248px\" \/><\/a><\/p>\n<p>vrijeme i mjesto konzultacija:\u00a0\u010detvrtkom 11:00 &#8211; 12:00, C-120<\/p>\n<p>mail:\u00a0<a href=\"mailto:mpopovic3@m.ffzg.hr\">mpopovic3@m.ffzg.hr<\/a><\/p>\n<p>Marija Popovi\u0107 ro\u0111ena je 1979. u gradu So\u010di u Rusiji.<\/p>\n<p>2003. godine diplomirala je ruski jezik i knji\u017eevnost, te francuski jezik i knji\u017eevnosti na Filozofskom fakultetu u Zagrebu. Iste godine kao stipendistica Vlade Francuske Republike provodi istra\u017eivanje na Sveu\u010dilistu Sorbonne Paris IV za potrebe diplomskog rada <em>Mali francusko-hrvatski rje\u010dnik diplomatskog vokabulara<\/em>.<\/p>\n<p>Od 2007. do 2008. na Sveu\u010dilistu Sorbonne Paris IV zavr\u0161ava Master\u00a01 iz\u00a0\u00a0podru\u010dja humanisti\u010dkih znanosti CIMER (Me\u0111ukulturalna komunikacija i muzeologija u obnovljenoj Europi) u sklopu diplomskog studija.<\/p>\n<p>2018. godine zavr\u0161ava Doktorski studij <em>Hrvatska kultura <\/em>te brani\u00a0\u00a0disertaciju\u00a0<em>Napitci u hrvatskim i ruskim poslovicama<\/em>\u00a0pod mentorstvom\u00a0<a href=\"http:\/\/dr.sc\/\" data-saferedirecturl=\"https:\/\/www.google.com\/url?q=http:\/\/dr.sc&amp;source=gmail&amp;ust=1602572734292000&amp;usg=AFQjCNEjc4umthixH_lkARf5bn_vB8EssA\">dr.sc<\/a>. \u017deljke Fink-Arsovski, red. prof. i\u00a0<a href=\"http:\/\/dr.sc\/\" data-saferedirecturl=\"https:\/\/www.google.com\/url?q=http:\/\/dr.sc&amp;source=gmail&amp;ust=1602572734292000&amp;usg=AFQjCNEjc4umthixH_lkARf5bn_vB8EssA\">dr.sc<\/a>. Stipe Botice, red. prof. na Filozofskom fakultetu Sveu\u010dili\u0161ta u Zagrebu.<\/p>\n<p>Od 2010. do 2011. godine radila je kao vanjski suradnik pri Katedri za ruski jezik Odsjeka za isto\u010dnoslavenske jezike i knji\u017eevnost Filozofskog fakulteta Sveu\u010dili\u0161ta u Zagrebu.<\/p>\n<p>Vodila je nastavu francuskog i ruskog jezika u osnovnim \u0161kolama, \u0161kolama stranih jezika, u Zagreba\u010dkoj \u0161koli ekonomije i managementa gdje je predavala\u00a0\u00a0izborne kolegije\u00a0<em>Poslovni francuski<\/em>\u00a0\u00a0i\u00a0<em>Poslovni ruski jezik.<\/em><\/p>\n<p>Osim iskustva u nastavi licencirani je turisti\u010dki vodi\u010d za ruski, francuski i engleski jezik, te je radila i kao osoba zadu\u017eena za odnose s javno\u0161\u0107u u predstavni\u0161tvu Hrvatske turisti\u010dke zajednice u Parizu. Podru\u010dje njezina znanstveno istra\u017eiva\u010dkog rada je paremiologija.<\/p>\n<p>Bibliografija: https:\/\/www.bib.irb.hr\/pregled\/profil\/39234<\/p>\n","protected":false},"excerpt":{"rendered":"<p>vrijeme i mjesto konzultacija:\u00a0\u010detvrtkom 11:00 &#8211; 12:00, C-120 mail:\u00a0mpopovic3@m.ffzg.hr Marija Popovi\u0107 ro\u0111ena je 1979. u gradu So\u010di u Rusiji. 2003. godine diplomirala je ruski jezik i knji\u017eevnost, te francuski jezik i knji\u017eevnosti na Filozofskom fakultetu u Zagrebu. Iste godine kao stipendistica Vlade Francuske Republike provodi istra\u017eivanje na Sveu\u010dilistu Sorbonne Paris IV za potrebe diplomskog rada [&hellip;]<\/p>\n","protected":false},"author":123457,"featured_media":0,"parent":18,"menu_order":0,"comment_status":"closed","ping_status":"closed","template":"","meta":{"footnotes":""},"class_list":["post-4245","page","type-page","status-publish","hentry"],"_links":{"self":[{"href":"https:\/\/rusistika.ffzg.unizg.hr\/index.php?rest_route=\/wp\/v2\/pages\/4245","targetHints":{"allow":["GET"]}}],"collection":[{"href":"https:\/\/rusistika.ffzg.unizg.hr\/index.php?rest_route=\/wp\/v2\/pages"}],"about":[{"href":"https:\/\/rusistika.ffzg.unizg.hr\/index.php?rest_route=\/wp\/v2\/types\/page"}],"author":[{"embeddable":true,"href":"https:\/\/rusistika.ffzg.unizg.hr\/index.php?rest_route=\/wp\/v2\/users\/123457"}],"replies":[{"embeddable":true,"href":"https:\/\/rusistika.ffzg.unizg.hr\/index.php?rest_route=%2Fwp%2Fv2%2Fcomments&post=4245"}],"version-history":[{"count":9,"href":"https:\/\/rusistika.ffzg.unizg.hr\/index.php?rest_route=\/wp\/v2\/pages\/4245\/revisions"}],"predecessor-version":[{"id":6717,"href":"https:\/\/rusistika.ffzg.unizg.hr\/index.php?rest_route=\/wp\/v2\/pages\/4245\/revisions\/6717"}],"up":[{"embeddable":true,"href":"https:\/\/rusistika.ffzg.unizg.hr\/index.php?rest_route=\/wp\/v2\/pages\/18"}],"wp:attachment":[{"href":"https:\/\/rusistika.ffzg.unizg.hr\/index.php?rest_route=%2Fwp%2Fv2%2Fmedia&parent=4245"}],"curies":[{"name":"wp","href":"https:\/\/api.w.org\/{rel}","templated":true}]}}