{"id":3851,"date":"2019-10-09T10:48:28","date_gmt":"2019-10-09T08:48:28","guid":{"rendered":"https:\/\/rusistika.ffzg.unizg.hr\/?page_id=3851"},"modified":"2026-02-24T10:03:06","modified_gmt":"2026-02-24T08:03:06","slug":"lidija-milkovic-asistentica","status":"publish","type":"page","link":"https:\/\/rusistika.ffzg.unizg.hr\/?page_id=3851","title":{"rendered":"Lidija Milkovi\u0107, vi\u0161a asistentica"},"content":{"rendered":"\n<figure class=\"wp-block-image\"><a href=\"https:\/\/rusistika.ffzg.unizg.hr\/wp-content\/uploads\/2019\/10\/L-1.jpg\"><img loading=\"lazy\" decoding=\"async\" width=\"222\" height=\"300\" src=\"https:\/\/rusistika.ffzg.unizg.hr\/wp-content\/uploads\/2019\/10\/L-1-222x300.jpg\" alt=\"\" class=\"wp-image-3853\" srcset=\"https:\/\/rusistika.ffzg.unizg.hr\/wp-content\/uploads\/2019\/10\/L-1-222x300.jpg 222w, https:\/\/rusistika.ffzg.unizg.hr\/wp-content\/uploads\/2019\/10\/L-1.jpg 385w\" sizes=\"auto, (max-width: 222px) 100vw, 222px\" \/><\/a><\/figure>\n\n\n\n<p><strong>Vrijeme konzultacija:\u00a0<\/strong>utorak, 11:45 &#8211; 13:15<\/p>\n\n\n\n<p><strong>Prostorija: <\/strong>B-225<br><strong>e-mail:<\/strong>&nbsp;<a href=\"mailto:lmilkovi@ffzg.hr\" target=\"_blank\" rel=\"noopener\">lmilkovi@ffzg.hr<\/a><\/p>\n\n\n\n<p><strong>\u017divotopis:<\/strong><br>Lidija Milkovi\u0107 diplomirala je indologiju te ruski jezik i knji\u017eevnost na Filozofskome fakultetu Sveu\u010dili\u0161ta u Zagrebu 2018. godine. Provela je zimski semestar akademske godine 2015.\/2016. na Sveu\u010dili\u0161tu Adama Mickiewicza te zimski semestar akademske godine 2017.\/2018. na Uralskome Federalnom Sveu\u010dili\u0161tu u okviru sveu\u010dili\u0161ne razmjene. Filozofski fakultet dodijelio joj je Nagradu za izvrsnost u studiju 2016.\/2017. za preddiplomski studij indologije. Akademske godine 2017.\/2018. nagra\u0111ena je Rektorovom nagradom za \u201cveliki\u201d timski umjetni\u010dki rad.<\/p>\n\n\n\n<p>Zaposlena je pri Katedri za ruski jezik Odsjeka za isto\u010dnoslavenske jezike i knji\u017eevnosti na Filozofskom fakultetu Sveu\u010dili\u0161ta u Zagrebu od 2019. godine u suradni\u010dkom zvanju asistent, a od 2025. u zvanju vi\u0161i asistent. Obranila je doktorski rad Dijakronijske mijene glagolske valentnosti u povijesti slavenskih jezika s posebnim osvrtom na ruski i hrvatski jezik izra\u0111en pod mentorstvom prof. dr. sc. Ranka Matasovi\u0107a i izv. prof. dr. sc. Georga Holzera 2025. godine.<\/p>\n\n\n\n<p>Sura\u0111ivala je kao suradnica na trima institucijskim istra\u017eiva\u010dkim projekatima Filozofskoga fakulteta Sveu\u010dili\u0161ta u Zagrebu. Trenutno sudjeluje na projektu Semanti\u010dko-sintakti\u010dka klasifikacija glagola u hrvatskom jeziku \u2013 SEMTACTIC (voditeljica: vi\u0161a znanstvena suradnica dr. sc. Ivana Bra\u010d; HRZZ, 2023. \u2013 2027.) te na projektu Arealna tipologija argumentskih struktura u europskim jezicima (voditelj: prof. dr. sc. Ranko Matasovi\u0107, potpora Sveu\u010dili\u0161ta u Zagrebu, 2025.). Do sada je samostalno te u koautorstvu objavila 11 znanstvenih i stru\u010dnih radova te jednu znanstvenu knjigu.<\/p>\n\n\n\n<p><a href=\"https:\/\/www.croris.hr\/osobe\/profil\/37891\">https:\/\/www.croris.hr\/osobe\/profil\/37891<\/a><\/p>\n\n\n\n<p><\/p>\n","protected":false},"excerpt":{"rendered":"<p>Vrijeme konzultacija:\u00a0utorak, 11:45 &#8211; 13:15 Prostorija: B-225e-mail:&nbsp;lmilkovi@ffzg.hr \u017divotopis:Lidija Milkovi\u0107 diplomirala je indologiju te ruski jezik i knji\u017eevnost na Filozofskome fakultetu Sveu\u010dili\u0161ta u Zagrebu 2018. godine. Provela je zimski semestar akademske godine 2015.\/2016. na Sveu\u010dili\u0161tu Adama Mickiewicza te zimski semestar akademske godine 2017.\/2018. na Uralskome Federalnom Sveu\u010dili\u0161tu u okviru sveu\u010dili\u0161ne razmjene. Filozofski fakultet dodijelio joj je [&hellip;]<\/p>\n","protected":false},"author":123457,"featured_media":0,"parent":18,"menu_order":0,"comment_status":"closed","ping_status":"closed","template":"","meta":{"footnotes":""},"class_list":["post-3851","page","type-page","status-publish","hentry"],"_links":{"self":[{"href":"https:\/\/rusistika.ffzg.unizg.hr\/index.php?rest_route=\/wp\/v2\/pages\/3851","targetHints":{"allow":["GET"]}}],"collection":[{"href":"https:\/\/rusistika.ffzg.unizg.hr\/index.php?rest_route=\/wp\/v2\/pages"}],"about":[{"href":"https:\/\/rusistika.ffzg.unizg.hr\/index.php?rest_route=\/wp\/v2\/types\/page"}],"author":[{"embeddable":true,"href":"https:\/\/rusistika.ffzg.unizg.hr\/index.php?rest_route=\/wp\/v2\/users\/123457"}],"replies":[{"embeddable":true,"href":"https:\/\/rusistika.ffzg.unizg.hr\/index.php?rest_route=%2Fwp%2Fv2%2Fcomments&post=3851"}],"version-history":[{"count":13,"href":"https:\/\/rusistika.ffzg.unizg.hr\/index.php?rest_route=\/wp\/v2\/pages\/3851\/revisions"}],"predecessor-version":[{"id":7143,"href":"https:\/\/rusistika.ffzg.unizg.hr\/index.php?rest_route=\/wp\/v2\/pages\/3851\/revisions\/7143"}],"up":[{"embeddable":true,"href":"https:\/\/rusistika.ffzg.unizg.hr\/index.php?rest_route=\/wp\/v2\/pages\/18"}],"wp:attachment":[{"href":"https:\/\/rusistika.ffzg.unizg.hr\/index.php?rest_route=%2Fwp%2Fv2%2Fmedia&parent=3851"}],"curies":[{"name":"wp","href":"https:\/\/api.w.org\/{rel}","templated":true}]}}