{"id":3542,"date":"2019-03-01T10:26:40","date_gmt":"2019-03-01T08:26:40","guid":{"rendered":"https:\/\/rusistika.ffzg.unizg.hr\/?page_id=3542"},"modified":"2025-10-01T15:23:00","modified_gmt":"2025-10-01T13:23:00","slug":"raspored-diplomski","status":"publish","type":"page","link":"https:\/\/rusistika.ffzg.unizg.hr\/?page_id=3542","title":{"rendered":"Raspored diplomski"},"content":{"rendered":"\n<p class=\"has-text-align-center\"><strong>RASPORED ZA LJETNI SEMESTAR 2024.\/2025.<\/strong><\/p>\n\n\n\n<p><strong>5.<\/strong> <strong>GODINA \u2013 1. SEMESTAR<\/strong><\/p>\n\n\n\n<p><strong>PREVODITELJSKI SMJER<\/strong><\/p>\n\n\n\n<figure class=\"wp-block-table\"><table class=\"has-fixed-layout\"><tbody><tr><td rowspan=\"2\">Sanja DRLJA\u010cA MAGI\u0106<\/td><td>Prijevodne vje\u017ebe 1 (predavanje)<\/td><td>ponedjeljak09.30 \u2013 10.15<\/td><td>A306<\/td><\/tr><tr><td>Prijevodne vje\u017ebe 1 (vje\u017ebe)<\/td><td>ponedjeljak10.15 \u2013 12.30<\/td><td>A306<\/td><\/tr><tr><td rowspan=\"2\">dr. sc. Ivana PERU\u0160KO<\/td><td>Prevo\u0111enje proze (izborni) (predavanje)<\/td><td>utorak13.15 \u2013 14.45<\/td><td>A223<\/td><\/tr><tr><td>Prevo\u0111enje proze (izborni) (seminar)<\/td><td>utorak14.45 \u2013 15.30<\/td><td>A223<\/td><\/tr><tr><td>dr. sc. \u017deljka \u010cELI\u0106<\/td><td>Uvod u rusku civilizaciju 1 (izborni)<\/td><td>\u010detvrtak09.30 \u2013 11.00<\/td><td>A118<\/td><\/tr><\/tbody><\/table><\/figure>\n\n\n\n<p><strong>NASTAVNI\u010cKI SMJER<\/strong><\/p>\n\n\n\n<figure class=\"wp-block-table\"><table class=\"has-fixed-layout\"><tbody><tr><td>dr. sc. Marina JAJI\u0106 NOVOGRADEC<\/td><td>Glotodidaktika<\/td><td>ponedjeljak11.00 \u2013 12.30<\/td><td>A223<\/td><\/tr><tr><td>dr. sc. Marina JAJI\u0106 NOVOGRADEC<\/td><td>Usvajanje stranog jezika<\/td><td>ponedjeljak12.30 \u2013 14.00<\/td><td>A223<\/td><\/tr><tr><td>dr. sc. \u017deljka \u010cELI\u0106<\/td><td>Uvod u rusku civilizaciju 1 (izborni)<\/td><td>\u010detvrtak09.30 \u2013 11.00<\/td><td>A118<\/td><\/tr><tr><td rowspan=\"2\">dr. sc. Ana PONGRAC PAVLINA<\/td><td>Digitalni obrazovni sadr\u017eaji (predavanje)<\/td><td>\u010detvrtak09.30 \u2013 11.00<\/td><td>A212A<\/td><\/tr><tr><td>Digitalni obrazovni sadr\u017eaji (vje\u017ebe)<\/td><td>\u010detvrtak11.00 \u2013 11.45<\/td><td>A212A<\/td><\/tr><\/tbody><\/table><\/figure>\n\n\n\n<p><strong>Izborni kolegij za ne-rusiste:<\/strong><\/p>\n\n\n\n<figure class=\"wp-block-table\"><table class=\"has-fixed-layout\"><tbody><tr><td>Katarina-Antonia BORAS<\/td><td>Ruski jezik za kroatiste i druge slaviste 1<\/td><td>ponedjeljak14.00 \u2013 15.30<\/td><td>A223<\/td><\/tr><\/tbody><\/table><\/figure>\n","protected":false},"excerpt":{"rendered":"<p>RASPORED ZA LJETNI SEMESTAR 2024.\/2025. 5. GODINA \u2013 1. SEMESTAR PREVODITELJSKI SMJER Sanja DRLJA\u010cA MAGI\u0106 Prijevodne vje\u017ebe 1 (predavanje) ponedjeljak09.30 \u2013 10.15 A306 Prijevodne vje\u017ebe 1 (vje\u017ebe) ponedjeljak10.15 \u2013 12.30 A306 dr. sc. Ivana PERU\u0160KO Prevo\u0111enje proze (izborni) (predavanje) utorak13.15 \u2013 14.45 A223 Prevo\u0111enje proze (izborni) (seminar) utorak14.45 \u2013 15.30 A223 dr. sc. \u017deljka \u010cELI\u0106 [&hellip;]<\/p>\n","protected":false},"author":123457,"featured_media":0,"parent":0,"menu_order":0,"comment_status":"closed","ping_status":"closed","template":"","meta":{"footnotes":""},"class_list":["post-3542","page","type-page","status-publish","hentry"],"_links":{"self":[{"href":"https:\/\/rusistika.ffzg.unizg.hr\/index.php?rest_route=\/wp\/v2\/pages\/3542","targetHints":{"allow":["GET"]}}],"collection":[{"href":"https:\/\/rusistika.ffzg.unizg.hr\/index.php?rest_route=\/wp\/v2\/pages"}],"about":[{"href":"https:\/\/rusistika.ffzg.unizg.hr\/index.php?rest_route=\/wp\/v2\/types\/page"}],"author":[{"embeddable":true,"href":"https:\/\/rusistika.ffzg.unizg.hr\/index.php?rest_route=\/wp\/v2\/users\/123457"}],"replies":[{"embeddable":true,"href":"https:\/\/rusistika.ffzg.unizg.hr\/index.php?rest_route=%2Fwp%2Fv2%2Fcomments&post=3542"}],"version-history":[{"count":22,"href":"https:\/\/rusistika.ffzg.unizg.hr\/index.php?rest_route=\/wp\/v2\/pages\/3542\/revisions"}],"predecessor-version":[{"id":7031,"href":"https:\/\/rusistika.ffzg.unizg.hr\/index.php?rest_route=\/wp\/v2\/pages\/3542\/revisions\/7031"}],"wp:attachment":[{"href":"https:\/\/rusistika.ffzg.unizg.hr\/index.php?rest_route=%2Fwp%2Fv2%2Fmedia&parent=3542"}],"curies":[{"name":"wp","href":"https:\/\/api.w.org\/{rel}","templated":true}]}}