{"id":18,"date":"2013-06-04T21:41:53","date_gmt":"2013-06-04T21:41:53","guid":{"rendered":"http:\/\/wp.ffzg.unizg.hr\/rusistika-proba\/?page_id=18"},"modified":"2026-04-01T14:41:01","modified_gmt":"2026-04-01T12:41:01","slug":"predavaci","status":"publish","type":"page","link":"https:\/\/rusistika.ffzg.unizg.hr\/?page_id=18","title":{"rendered":"Predava\u010di"},"content":{"rendered":"\n<p><strong>Katedra za ruski jezik<\/strong><\/p>\n\n\n\n<p><a href=\"https:\/\/rusistika.ffzg.unizg.hr\/?page_id=63\" data-type=\"page\" data-id=\"63\" target=\"_blank\" rel=\"noreferrer noopener\">prof. dr. sc. \u017deljka \u010celi\u0107<\/a><\/p>\n\n\n\n<p><a href=\"https:\/\/rusistika.ffzg.unizg.hr\/?page_id=79\" target=\"_blank\" rel=\"noreferrer noopener\">Irina Mironova Bla\u017eina, v.&nbsp;lektorica<\/a><\/p>\n\n\n\n<p><a href=\"https:\/\/rusistika.ffzg.unizg.hr\/?page_id=82\" target=\"_blank\" rel=\"noreferrer noopener\">dr. sc. Anita Hrnjak, v. lektorica<\/a><\/p>\n\n\n\n<p><a href=\"https:\/\/rusistika.ffzg.unizg.hr\/?page_id=86\" data-type=\"page\" data-id=\"86\" target=\"_blank\" rel=\"noreferrer noopener\">izv. prof. dr. sc. Branka Bar\u010dot<\/a><\/p>\n\n\n\n<p><a href=\"https:\/\/rusistika.ffzg.unizg.hr\/?page_id=1288\" target=\"_blank\" rel=\"noreferrer noopener\">doc. dr. sc. Marina Jaji\u0107 Novogradec<\/a><\/p>\n\n\n\n<p><a href=\"https:\/\/rusistika.ffzg.unizg.hr\/?page_id=1569\" target=\"_blank\" rel=\"noreferrer noopener\">Sanja Drlja\u010da Magi\u0107, vi\u0161a lektorica (ISVU koordinatorica)<\/a><\/p>\n\n\n\n<p><a href=\"https:\/\/rusistika.ffzg.unizg.hr\/?page_id=3851\" data-type=\"page\" data-id=\"3851\" target=\"_blank\" rel=\"noreferrer noopener\">dr. sc. Lidija Milkovi\u0107, vi\u0161a asistentica (satni\u010darka)<\/a><\/p>\n\n\n\n<p><a href=\"https:\/\/rusistika.ffzg.unizg.hr\/?page_id=4245\" target=\"_blank\" rel=\"noreferrer noopener\">dr. sc. Marija Popovi\u0107, lektorica<\/a><\/p>\n\n\n\n<p><a href=\"https:\/\/rusistika.ffzg.unizg.hr\/?page_id=7012\" data-type=\"page\" data-id=\"7012\" target=\"_blank\" rel=\"noreferrer noopener\">Katarina-Antonia Boras, asistentica<\/a><\/p>\n\n\n\n<p><a href=\"https:\/\/rusistika.ffzg.unizg.hr\/?page_id=60\" data-type=\"page\" data-id=\"60\" target=\"_blank\" rel=\"noreferrer noopener\">prof. dr. sc. Natalija Vidmarovi\u0107 (u mirovini od 1. listopada 2023.)<\/a><\/p>\n\n\n\n<p>&nbsp;<\/p>\n\n\n\n<p><strong>Katedra za rusku knji\u017eevnost<\/strong><\/p>\n\n\n\n<p><a href=\"https:\/\/rusistika.ffzg.unizg.hr\/?page_id=107\" data-type=\"page\" data-id=\"107\" target=\"_blank\" rel=\"noreferrer noopener\">prof. dr. sc. Jasmina Vojvodi\u0107 (pro\u010delnica Odsjeka, mentor-nastavnik)<\/a><\/p>\n\n\n\n<p><a href=\"https:\/\/rusistika.ffzg.unizg.hr\/?page_id=110\" data-type=\"page\" data-id=\"110\" target=\"_blank\" rel=\"noreferrer noopener\">prof. dr. sc. Danijela Lugari\u0107 Vukas (predstojnica Zavoda za znanost o knji\u017eevnosti)<\/a><\/p>\n\n\n\n<p><a href=\"https:\/\/rusistika.ffzg.unizg.hr\/?page_id=112\" data-type=\"page\" data-id=\"112\" target=\"_blank\" rel=\"noreferrer noopener\">izv. prof. dr. sc. Ivana Peru\u0161ko (predstojnica Katedre za rusku knji\u017eevnost)<\/a><\/p>\n\n\n\n<p><a href=\"https:\/\/rusistika.ffzg.unizg.hr\/?page_id=4939\" target=\"_blank\" rel=\"noreferrer noopener\">Antonio Milovina, asistent (<em>web<\/em>-administrator)<\/a><\/p>\n\n\n\n<p><a href=\"https:\/\/rusistika.ffzg.unizg.hr\/?page_id=5389\" data-type=\"link\" data-id=\"https:\/\/rusistika.ffzg.unizg.hr\/?page_id=5389\" target=\"_blank\" rel=\"noreferrer noopener\">dr. sc. Petra Grebenac, asistentica na projektu (Erasmus-koordinatorica)&nbsp;<\/a><\/p>\n\n\n\n<p><a href=\"https:\/\/rusistika.ffzg.unizg.hr\/?page_id=103\" data-type=\"page\" data-id=\"103\" target=\"_blank\" rel=\"noreferrer noopener\">prof. dr. sc. Josip U\u017earevi\u0107 (u mirovini od 1. listopada 2023.)<\/a><\/p>\n","protected":false},"excerpt":{"rendered":"<p>Katedra za ruski jezik prof. dr. sc. \u017deljka \u010celi\u0107 Irina Mironova Bla\u017eina, v.&nbsp;lektorica dr. sc. Anita Hrnjak, v. lektorica izv. prof. dr. sc. Branka Bar\u010dot doc. dr. sc. Marina Jaji\u0107 Novogradec Sanja Drlja\u010da Magi\u0107, vi\u0161a lektorica (ISVU koordinatorica) dr. sc. Lidija Milkovi\u0107, vi\u0161a asistentica (satni\u010darka) dr. sc. Marija Popovi\u0107, lektorica Katarina-Antonia Boras, asistentica prof. dr. [&hellip;]<\/p>\n","protected":false},"author":123457,"featured_media":0,"parent":0,"menu_order":3,"comment_status":"closed","ping_status":"closed","template":"","meta":{"footnotes":""},"class_list":["post-18","page","type-page","status-publish","hentry"],"_links":{"self":[{"href":"https:\/\/rusistika.ffzg.unizg.hr\/index.php?rest_route=\/wp\/v2\/pages\/18","targetHints":{"allow":["GET"]}}],"collection":[{"href":"https:\/\/rusistika.ffzg.unizg.hr\/index.php?rest_route=\/wp\/v2\/pages"}],"about":[{"href":"https:\/\/rusistika.ffzg.unizg.hr\/index.php?rest_route=\/wp\/v2\/types\/page"}],"author":[{"embeddable":true,"href":"https:\/\/rusistika.ffzg.unizg.hr\/index.php?rest_route=\/wp\/v2\/users\/123457"}],"replies":[{"embeddable":true,"href":"https:\/\/rusistika.ffzg.unizg.hr\/index.php?rest_route=%2Fwp%2Fv2%2Fcomments&post=18"}],"version-history":[{"count":90,"href":"https:\/\/rusistika.ffzg.unizg.hr\/index.php?rest_route=\/wp\/v2\/pages\/18\/revisions"}],"predecessor-version":[{"id":7193,"href":"https:\/\/rusistika.ffzg.unizg.hr\/index.php?rest_route=\/wp\/v2\/pages\/18\/revisions\/7193"}],"wp:attachment":[{"href":"https:\/\/rusistika.ffzg.unizg.hr\/index.php?rest_route=%2Fwp%2Fv2%2Fmedia&parent=18"}],"curies":[{"name":"wp","href":"https:\/\/api.w.org\/{rel}","templated":true}]}}