{"id":1482,"date":"2014-12-17T14:02:28","date_gmt":"2014-12-17T12:02:28","guid":{"rendered":"https:\/\/rusistika.ffzg.unizg.hr\/?page_id=1482"},"modified":"2025-12-22T18:13:33","modified_gmt":"2025-12-22T16:13:33","slug":"program-erasmus","status":"publish","type":"page","link":"https:\/\/rusistika.ffzg.unizg.hr\/?page_id=1482","title":{"rendered":"Program ERASMUS+"},"content":{"rendered":"\n<p><a href=\"https:\/\/web2020.ffzg.unizg.hr\/international\/llp-erasmus\/\" target=\"_blank\" rel=\"noreferrer noopener\">ERASMUS+<\/a> je program akademske mobilnosti u sklopu <em>Programa za cjelo\u017eivotno u\u010denje (Life Long Learning Programme \u2013 LLP)<\/em> Europske Unije. Pokrenut je godine 1987. s ciljem pove\u0107avanja mobilnosti <a href=\"https:\/\/web2020.ffzg.unizg.hr\/international\/odlazni-studenti-croatian-only\/\" target=\"_blank\" rel=\"noreferrer noopener\">studenata<\/a> te <a href=\"https:\/\/web2020.ffzg.unizg.hr\/international\/staff-mobility\/gostovanja-u-inozemstvu\/\" target=\"_blank\" rel=\"noreferrer noopener\">nastavnog i nenastavnog osoblja<\/a> na visokim obrazovnim ustanovama u Europi te poticanja me\u0111usveu\u010dili\u0161ne suradnje. Program Erasmus + omogu\u0107uje nastavnicima predava\u010dki i istra\u017eiva\u010dki rad, a studentima studijski boravak ili obavljanje stru\u010dne prakse na inozemnim visokim u\u010dili\u0161tima.<\/p>\n\n\n\n<p>Za sudjelovanje u programu Erasmus + kandidati se prijavljuju na natje\u010daje koje raspisuje Sveu\u010dili\u0161te u Zagrebu, a o prihva\u0107anju prijave i dodjeli Erasmus + stipendije odlu\u010duju fakultetska, odnosno sveu\u010dili\u0161na povjerenstva.<\/p>\n\n\n\n<p>&nbsp;<\/p>\n\n\n\n<p>Informacije o natje\u010dajima i uvjetima natje\u010daja za studijski boravak studenata na inozemnim visokim u\u010dili\u0161tima dostupne su na web stranici Slu\u017ebe za me\u0111unarodnu suradnju:<\/p>\n\n\n\n<figure class=\"wp-block-embed is-type-wp-embed is-provider-sveu-ili-te-u-zagrebu-filozofski-fakultet-international wp-block-embed-sveu-ili-te-u-zagrebu-filozofski-fakultet-international\"><div class=\"wp-block-embed__wrapper\">\n<blockquote class=\"wp-embedded-content\" data-secret=\"6dzkQXZucE\"><a href=\"https:\/\/web2020.ffzg.unizg.hr\/international\/odlazni-studenti-croatian-only\/\">Odlazni studenti<\/a><\/blockquote><iframe loading=\"lazy\" class=\"wp-embedded-content\" sandbox=\"allow-scripts\" security=\"restricted\" style=\"position: absolute; visibility: hidden;\" title=\"&#8220;Odlazni studenti&#8221; &#8212; Sveu\u010dili\u0161te u Zagrebu, Filozofski fakultet, International\" src=\"https:\/\/web2020.ffzg.unizg.hr\/international\/odlazni-studenti-croatian-only\/embed\/#?secret=6dzkQXZucE\" data-secret=\"6dzkQXZucE\" width=\"600\" height=\"338\" frameborder=\"0\" marginwidth=\"0\" marginheight=\"0\" scrolling=\"no\"><\/iframe>\n<\/div><\/figure>\n\n\n\n<p>Informacije o natje\u010dajima i uvjetima natje\u010daja za studijski boravak nastavnog i nenastavnog osoblja na inozemnim visokim u\u010dili\u0161tima dostupne su na web stranici Slu\u017ebe za me\u0111unarodnu suradnju:<\/p>\n\n\n\n<figure class=\"wp-block-embed is-type-wp-embed is-provider-sveu-ili-te-u-zagrebu-filozofski-fakultet-international wp-block-embed-sveu-ili-te-u-zagrebu-filozofski-fakultet-international\"><div class=\"wp-block-embed__wrapper\">\n<blockquote class=\"wp-embedded-content\" data-secret=\"zgMq6lz2CZ\"><a href=\"https:\/\/web2020.ffzg.unizg.hr\/international\/staff-mobility\/gostovanja-u-inozemstvu\/\">Gostovanja u inozemstvu<\/a><\/blockquote><iframe loading=\"lazy\" class=\"wp-embedded-content\" sandbox=\"allow-scripts\" security=\"restricted\" style=\"position: absolute; visibility: hidden;\" title=\"&#8220;Gostovanja u inozemstvu&#8221; &#8212; Sveu\u010dili\u0161te u Zagrebu, Filozofski fakultet, International\" src=\"https:\/\/web2020.ffzg.unizg.hr\/international\/staff-mobility\/gostovanja-u-inozemstvu\/embed\/#?secret=zgMq6lz2CZ\" data-secret=\"zgMq6lz2CZ\" width=\"600\" height=\"338\" frameborder=\"0\" marginwidth=\"0\" marginheight=\"0\" scrolling=\"no\"><\/iframe>\n<\/div><\/figure>\n\n\n\n<p>Studenti rusistike (preddiplomski i diplomski studij) te nastavno i nenastavno osoblje na Katedri za ruski jezik i Katedri za rusku knji\u017eevnost Odsjeka za isto\u010dnoslavenske jezike i knji\u017eevnosti mogu se prijaviti za studijski boravak na sveu\u010dili\u0161tima s kojima na\u0161e katedre imaju sklopljen Erasmus+ ugovor.<\/p>\n\n\n\n<p>&nbsp;<\/p>\n\n\n\n<p><strong>Rusistika ima aktualne potpisane ugovore sa sljede\u0107im sveu\u010dili\u0161tima: <\/strong><\/p>\n\n\n\n<figure class=\"wp-block-table is-style-stripes\"><table class=\"has-fixed-layout\"><tbody><tr><td>Austrija, Klagenfurt<\/td><td>Alpen-Adria-Universit\u00e4t, Klagenfurt Fakult\u00e4t f\u00fcr Kultur- und Bildungswissenschaften<\/td><\/tr><tr><td>Austrija, Be\u010d<\/td><td>Universit\u00e4t Wien<\/td><\/tr><tr><td>Austrija, Graz<\/td><td>Universit\u00e4t Graz<\/td><\/tr><tr><td>\u010ce\u0161ka, Prag<\/td><td>Charles University in Prague<\/td><\/tr><tr><td>\u010ce\u0161ka, Olomuc<\/td><td>Palack\u00fd University\u00a0<\/td><\/tr><tr><td>Estonija, Tallinn<\/td><td>Tallinn University<\/td><\/tr><tr><td>Italija, Rim<\/td><td>Universit\u00e0 degli Studi Roma Tre<\/td><\/tr><tr><td>Italija, Verona<\/td><td>University of Verona<\/td><\/tr><tr><td>Latvija, Riga<\/td><td>Latvijas Universit\u0101te<\/td><\/tr><tr><td>Litva, Vilnius<\/td><td>Vilnius University<\/td><\/tr><tr><td>Ma\u0111arska, Budimpe\u0161ta<\/td><td>Budapest ELTE<\/td><\/tr><tr><td>Nizozemska, Amsterdam<\/td><td>University of Amsterdam<\/td><\/tr><tr><td>Njema\u010dka, Berlin<\/td><td>Humboldt-Universit\u00e4t zu Berlin<\/td><\/tr><tr><td>Njema\u010dka, Jena<\/td><td>Friedrich Schiller University Jena<\/td><\/tr><tr><td>Njema\u010dka, T\u00fcbingen<\/td><td>Eberhard Karls Universit\u00e4t T\u00fcbingen<\/td><\/tr><tr><td>Poljska, Krakow<\/td><td>Jagellonian University<\/td><\/tr><tr><td>Poljska, Lublin<\/td><td>Maria Curie-Sklodowska University<\/td><\/tr><tr><td>Poljska, Poznan<\/td><td>Adam Mickievicz University<\/td><\/tr><tr><td>Poljska, Wroclaw<\/td><td>Universytet Wroclavski<\/td><\/tr><tr><td>Sjeverna Makedonija, Skopje<\/td><td>SS Cyril and Methodious University<\/td><\/tr><tr><td>Slovenija, Ljubljana<\/td><td>University of Ljubljana<\/td><\/tr><\/tbody><\/table><\/figure>\n\n\n\n<p>Za sve potrebne informacije o akademskoj mobilnosti mo\u017eete se obratiti <em>ECTS-koordinatorici na Katedri za ruski jezik i Katedri za rusku knji\u017eevnost Odsjeka za isto\u010dnoslavenske jezike i knji\u017eevnosti.<\/em><\/p>\n\n\n\n<p><strong>ERASMUS koordinatorica<\/strong>: <a href=\"https:\/\/rusistika.ffzg.unizg.hr\/?page_id=5389\" target=\"_blank\" rel=\"noreferrer noopener\">Petra Grebenac, asistentica<\/a><em>&nbsp;<\/em>(<a href=\"mailto:mjnovo@ffzg.hr\">pgrebena@ffzg.unizg.hr<\/a>), soba B-224<\/p>\n\n\n\n<p><\/p>\n\n\n\n<p>&nbsp;<\/p>\n","protected":false},"excerpt":{"rendered":"<p>ERASMUS+ je program akademske mobilnosti u sklopu Programa za cjelo\u017eivotno u\u010denje (Life Long Learning Programme \u2013 LLP) Europske Unije. Pokrenut je godine 1987. s ciljem pove\u0107avanja mobilnosti studenata te nastavnog i nenastavnog osoblja na visokim obrazovnim ustanovama u Europi te poticanja me\u0111usveu\u010dili\u0161ne suradnje. Program Erasmus + omogu\u0107uje nastavnicima predava\u010dki i istra\u017eiva\u010dki rad, a studentima studijski [&hellip;]<\/p>\n","protected":false},"author":123457,"featured_media":0,"parent":0,"menu_order":0,"comment_status":"closed","ping_status":"closed","template":"","meta":{"footnotes":""},"class_list":["post-1482","page","type-page","status-publish","hentry"],"_links":{"self":[{"href":"https:\/\/rusistika.ffzg.unizg.hr\/index.php?rest_route=\/wp\/v2\/pages\/1482","targetHints":{"allow":["GET"]}}],"collection":[{"href":"https:\/\/rusistika.ffzg.unizg.hr\/index.php?rest_route=\/wp\/v2\/pages"}],"about":[{"href":"https:\/\/rusistika.ffzg.unizg.hr\/index.php?rest_route=\/wp\/v2\/types\/page"}],"author":[{"embeddable":true,"href":"https:\/\/rusistika.ffzg.unizg.hr\/index.php?rest_route=\/wp\/v2\/users\/123457"}],"replies":[{"embeddable":true,"href":"https:\/\/rusistika.ffzg.unizg.hr\/index.php?rest_route=%2Fwp%2Fv2%2Fcomments&post=1482"}],"version-history":[{"count":19,"href":"https:\/\/rusistika.ffzg.unizg.hr\/index.php?rest_route=\/wp\/v2\/pages\/1482\/revisions"}],"predecessor-version":[{"id":7072,"href":"https:\/\/rusistika.ffzg.unizg.hr\/index.php?rest_route=\/wp\/v2\/pages\/1482\/revisions\/7072"}],"wp:attachment":[{"href":"https:\/\/rusistika.ffzg.unizg.hr\/index.php?rest_route=%2Fwp%2Fv2%2Fmedia&parent=1482"}],"curies":[{"name":"wp","href":"https:\/\/api.w.org\/{rel}","templated":true}]}}