{"id":1064,"date":"2014-06-16T09:36:22","date_gmt":"2014-06-16T07:36:22","guid":{"rendered":"https:\/\/rusistika.ffzg.unizg.hr\/?page_id=1064"},"modified":"2024-09-25T11:52:59","modified_gmt":"2024-09-25T09:52:59","slug":"djelatnosti-odsjeka","status":"publish","type":"page","link":"https:\/\/rusistika.ffzg.unizg.hr\/?page_id=1064","title":{"rendered":"Djelatnosti Odsjeka"},"content":{"rendered":"\n<h2 class=\"wp-block-heading\"><span style=\"color: #333399;\"><strong>Projekti koje je odobrilo Ministarstvo za znanost, obrazovanje i sport<\/strong> (projekti su zavr\u0161eni 31. 12. 2013.):<\/span><\/h2>\n\n\n\n<p><strong>Enciklopedija hrvatske knji\u017eevnosti<\/strong> (voditeljica: dr. sc. Dubravka Orai\u0107 Toli\u0107, red. prof.; suradnici: dr. sc. Danijela Lugari\u0107 Vukas)<\/p>\n\n\n\n<p><strong>Knji\u017eevni minimalizam<\/strong> (voditelj: dr. sc. Josip U\u017earevi\u0107, red. prof.; suradnici: prof. dr. \u017diva Ben\u010di\u0107 Primc, dr. sc. Ivana Peru\u0161ko)<\/p>\n\n\n\n<p><strong>Tjelesnost u knji\u017eevnosti i kulturi<\/strong> (voditeljica: dr. sc. Jasmina Vojvodi\u0107, izv. prof.; suradnici s ISL: prof. dr. sc. Magdalena Medari\u0107 Kova\u010di\u0107, red. prof. u miru)<\/p>\n\n\n\n<p><strong>Knji\u017eevnost i europske umjetni\u010dke integracije<\/strong> (voditeljica: dr. sc. Magdalena Medari\u0107 Kova\u010di\u0107, red. prof.; suradnica s ISL: prof. dr. sc. Jasmina Vojvodi\u0107)<\/p>\n\n\n\n<p><strong>Kontrastivno prou\u010davanje ruskoga i hrvatskog jezika<\/strong> (voditeljica: dr. sc. \u017deljka Fink Arsovski, red. prof.; suradnici: dr. sc. Milenko Popovi\u0107, red. prof. u miru, dr. sc. Natalija Vidmarovi\u0107, red. prof., dr. sc. \u017deljka \u010celi\u0107, doc., mr. sc. Anita Hrnjak, Branka Bar\u010dot)<\/p>\n\n\n\n<p>&nbsp;<\/p>\n\n\n\n<h2 class=\"wp-block-heading\"><span style=\"color: #333399;\">\u010clanovi Odsjeka kao suradnici sudjelovali su u radu sljede\u0107ih projekata:<\/span><\/h2>\n\n\n\n<p><strong>Hrvatska frazeologija <\/strong>(voditeljica: akademkinja Antica Menac; suradnice: dr. sc. \u017deljka Fink Arsovski, red. prof., mr. sc. Anita Hrnjak)<\/p>\n\n\n\n<p><strong>Oniri\u010dko kao poetolo\u0161ki i antropolo\u0161ki problem <\/strong>(voditeljica: Prof. dr. sc. Dunja Fali\u0161evac; suradnica s ISL: prof. dr. \u017diva Ben\u010di\u0107 Primc)<\/p>\n\n\n\n<p><strong>Slavenski jezici u usporedbi s hrvatskim <\/strong>(voditeljica: dr. sc. Dubravka Sesar; suradnici s ISL: dr. sc. Milenko Popovi\u0107, red. prof. u miru, dr. sc. Tetyana Fuderer, doc.; dr. sc. Oksana Timko \u0110itko, izv. prof., mr. sc. Rajisa Trostinska)<\/p>\n\n\n\n<p>&nbsp;<\/p>\n\n\n\n<h2 class=\"wp-block-heading\"><span style=\"color: #333399;\"><strong>Projekt Sveu\u010dili\u0161ta u Zagrebu <\/strong>(projekt je zavr\u0161io 30. 6. 2014.)<\/span><\/h2>\n\n\n\n<p><strong>Ruska knji\u017eevnost 20. stolje\u0107a <\/strong>(voditelj: dr. sc. Josip U\u017earevi\u0107, red. prof., suradnici: prof. dr. \u017diva Ben\u010di\u0107 Primc, prof. dr. sc. Jasmina Vojvodi\u0107, dr. sc. Ivana Peru\u0161ko, dr. sc. Danijela Lugari\u0107 Vukas)<\/p>\n\n\n\n<p>&nbsp;<\/p>\n\n\n\n<h2 class=\"wp-block-heading\"><span style=\"color: #333399;\"><strong>Projekti Hrvatske zaklade za znanost:<\/strong><\/span><\/h2>\n\n\n\n<p><strong>Neomitologizam u kulturi 20. i 21. stolje\u0107a<\/strong> (voditeljica: dr. sc. Jasmina Vojvodi\u0107, izv. prof.; suradnici: prof. dr. \u017diva Ben\u010di\u0107 Primc, prof. dr. sc. Josip U\u017earevi\u0107, dr. sc. Ivana Peru\u0161ko, dr. sc. Danijela Lugari\u0107 Vukas)<\/p>\n\n\n\n<p><strong>Primjena frazeolo\u0161ke teorije na frazeografiju<\/strong> (voditeljica: dr. sc. \u017deljka Fink Arsovski, red. prof.; suradnice s ISL: mr. sc. Anita Hrnjak, dr. sc. Branka Bar\u010dot)<\/p>\n\n\n\n<p><strong>Ruske knji\u017eevne transformacije od 1990. do 2020.<\/strong> (voditeljica: dr. sc. Jasmina Vojvodi\u0107, izv. prof.; suradnici: prof. dr. \u017diva Ben\u010di\u0107 Primc, prof. dr. sc. Josip U\u017earevi\u0107, dr. sc. Ivana Peru\u0161ko, dr. sc. Danijela Lugari\u0107 Vukas, Zoran Tihomirovi\u0107, asistent)<\/p>\n\n\n\n<p>&nbsp;<\/p>\n","protected":false},"excerpt":{"rendered":"<p>Projekti koje je odobrilo Ministarstvo za znanost, obrazovanje i sport (projekti su zavr\u0161eni 31. 12. 2013.): Enciklopedija hrvatske knji\u017eevnosti (voditeljica: dr. sc. Dubravka Orai\u0107 Toli\u0107, red. prof.; suradnici: dr. sc. Danijela Lugari\u0107 Vukas) Knji\u017eevni minimalizam (voditelj: dr. sc. Josip U\u017earevi\u0107, red. prof.; suradnici: prof. dr. \u017diva Ben\u010di\u0107 Primc, dr. sc. Ivana Peru\u0161ko) Tjelesnost u knji\u017eevnosti [&hellip;]<\/p>\n","protected":false},"author":123457,"featured_media":0,"parent":0,"menu_order":0,"comment_status":"closed","ping_status":"closed","template":"","meta":{"footnotes":""},"class_list":["post-1064","page","type-page","status-publish","hentry"],"_links":{"self":[{"href":"https:\/\/rusistika.ffzg.unizg.hr\/index.php?rest_route=\/wp\/v2\/pages\/1064","targetHints":{"allow":["GET"]}}],"collection":[{"href":"https:\/\/rusistika.ffzg.unizg.hr\/index.php?rest_route=\/wp\/v2\/pages"}],"about":[{"href":"https:\/\/rusistika.ffzg.unizg.hr\/index.php?rest_route=\/wp\/v2\/types\/page"}],"author":[{"embeddable":true,"href":"https:\/\/rusistika.ffzg.unizg.hr\/index.php?rest_route=\/wp\/v2\/users\/123457"}],"replies":[{"embeddable":true,"href":"https:\/\/rusistika.ffzg.unizg.hr\/index.php?rest_route=%2Fwp%2Fv2%2Fcomments&post=1064"}],"version-history":[{"count":5,"href":"https:\/\/rusistika.ffzg.unizg.hr\/index.php?rest_route=\/wp\/v2\/pages\/1064\/revisions"}],"predecessor-version":[{"id":6173,"href":"https:\/\/rusistika.ffzg.unizg.hr\/index.php?rest_route=\/wp\/v2\/pages\/1064\/revisions\/6173"}],"wp:attachment":[{"href":"https:\/\/rusistika.ffzg.unizg.hr\/index.php?rest_route=%2Fwp%2Fv2%2Fmedia&parent=1064"}],"curies":[{"name":"wp","href":"https:\/\/api.w.org\/{rel}","templated":true}]}}