{"id":103,"date":"2013-06-05T08:10:00","date_gmt":"2013-06-05T08:10:00","guid":{"rendered":"http:\/\/wp.ffzg.unizg.hr\/rusistika-proba\/?page_id=103"},"modified":"2025-10-01T08:28:08","modified_gmt":"2025-10-01T06:28:08","slug":"josip-uzarevic","status":"publish","type":"page","link":"https:\/\/rusistika.ffzg.unizg.hr\/?page_id=103","title":{"rendered":"dr. sc. Josip U\u017earevi\u0107, red. prof. (u mirovini)"},"content":{"rendered":"\n<figure class=\"wp-block-image is-resized\"><a href=\"https:\/\/rusistika.ffzg.unizg.hr\/wp-content\/uploads\/2014\/06\/Uzarevic.jpg\"><img loading=\"lazy\" decoding=\"async\" width=\"160\" height=\"107\" src=\"https:\/\/rusistika.ffzg.unizg.hr\/wp-content\/uploads\/2014\/06\/Uzarevic.jpg\" alt=\"SAMSUNG DIGITAL CAMERA\" class=\"wp-image-1097\" style=\"width:248px;height:auto\"\/><\/a><\/figure>\n\n\n\n<p><strong>konzultacije:<\/strong>&nbsp;Utorak od 10.00 do 11.00<\/p>\n\n\n\n<p><strong>kabinet:<\/strong> B224<\/p>\n\n\n\n<p><span style=\"font-size: small;\"><b>e-mail adresa<\/b>:&nbsp;<\/span><span style=\"font-family: Verdana; font-size: small;\"><a href=\"mailto:juzarevi@ffzg.hr\">juzarevi@ffzg.hr<\/a><\/span><\/p>\n\n\n\n<p><a href=\"https:\/\/theta.ffzg.hr\/ECTS\/Osoba\/Index\/5380\" target=\"_blank\" rel=\"noopener\"><strong>ECTS INFORMACIJSKI PAKET<\/strong><\/a><\/p>\n\n\n\n<p>Stru\u010dna biografija<\/p>\n\n\n\n<p><span style=\"font-family: Verdana; font-size: small;\">Josip U\u017earevi\u0107 ro\u0111en je 11. sije\u010dnja 1953. u Gundincima. Gimnaziju je zavr\u0161io u Slav. Brodu, a studij rusistike i filozofije na Filozofskome fakultetu u Zagrebu (1976). Na istome je fakultetu zavr\u0161io postdiplomski studij te 1981. obranio magistarski rad&nbsp;<i>Bit i samosvojnost lirike Borisa Pasternaka.<\/i>&nbsp;U dva je navrata (1981\/1982. i 1983\/1984) boravio na Moskovskome dr\u017eavnome sveu\u010dili\u0161tu radi stru\u010dnoga usavr\u0161avanja.<i>&nbsp;<\/i>Na&nbsp; Sveu\u010dili\u0161tu u Zagrebu stekao je naslov doktora znanosti 1988. na temelju obranjene disertacije&nbsp;<i>Kompozicija lirske pjesme (na korpusu lirike O. Mandelj\u0161tama i B. Pasternaka).&nbsp;<\/i>Godine 1989. izabran je u znanstveno\u00adistra\u017eiva\u010dko zvanje znanstvenog suradnika za znanstveno podru\u010dje filologije, a 1990. za docenta za rusku knji\u017eevnost pri Odsjeku za slavenske jezike i knji\u017eevnosti. Godine 1992. izabran je za vi\u0161ega znanstvenoga suradnika za znanstveno podru\u010dje filologije, te upisan u registar istra\u017eiva\u010da pod mati\u010dnim brojem 063952. Godine 1993. izabran je za izvanrednog, a 1998. za redovitoga profesora ruske knji\u017eevnosti na Odsjeku za slavenske jezike i knji\u017eevnosti Filozofskog fakulteta u Zagrebu.<\/span><\/p>\n\n\n\n<p><span style=\"font-family: Verdana; font-size: small;\">Osobito mjesto u U\u017earevi\u0107evoj stru\u010dnoj biografiji zauzima uredni\u010dka djelatnost: bio je dugogodi\u0161nji glavni i odgovorni urednik \u010dasopisa za svjetsku knji\u017eevnost \u00abKnji\u017eevna smotra\u00bb; pokrenuo je Biblioteku \u00abKnji\u017eevna smotra\u00bb; bio je jedan od urednika izdava\u010dkoga pothvata<i>Hrvatska knji\u017eevnost u 100 knjiga<\/i>&nbsp;(Vinkovci, 1997-2001); uredio je nekoliko knjiga u biblioteci \u00abScientiae et artes\u00bb izdava\u010dke ku\u0107e \u00abAlfa\u00bb; jedan je od izvr\u0161nih urednika&nbsp;<i>Leksikona stranih pisaca<\/i>&nbsp;(Zagreb, 2001),&nbsp;<i>Leksikona svjetske knji\u017eevnosti. Djela<\/i>&nbsp;(Zagreb, 2004) te \u010dlan ure\u0111iva\u010dkoga odbora Vrhova svjetske knji\u017eevnosti.<br><\/span><\/p>\n\n\n\n<p><span style=\"font-family: Verdana;\"><b><span style=\"font-size: small;\">Glavni<\/span><span style=\"font-size: small;\">&nbsp;<\/span><span style=\"font-size: small;\">interesi<\/span><\/b><span style=\"font-size: small;\">: knji\u017eevna teorija, ruska lirika 19. i 20. stolje\u0107a, hrvatska knji\u017eevna znanost, filozofski problemi percepcije<\/span><\/span><\/p>\n\n\n\n<p><span style=\"font-family: Verdana; font-size: small;\"><strong>Bibliografija (izbor)<\/strong><\/span><\/p>\n\n\n\n<p><span style=\"font-family: Verdana; font-size: small;\"><b>Knjige<\/b><\/span><\/p>\n\n\n\n<p><span style=\"font-family: Verdana; font-size: small;\">1.<\/span><span style=\"font-size: small;\">&nbsp;&nbsp;&nbsp;&nbsp;&nbsp;<\/span><span style=\"font-family: Verdana;\"><i><span style=\"font-size: small;\">Ruska knji\u017eevnost u hrvatskim knji\u017eevnim \u010dasopisima 1917-1945. Deskriptivna bibliografija<\/span><\/i><span style=\"font-size: small;\">, Croatica &#8211; bibliografije 28\/29, Zagreb, 1982. (Zajedno s Irenom Luk\u0161i\u0107.)<\/span><\/span><\/p>\n\n\n\n<p><span style=\"font-family: Verdana; font-size: small;\">2.<\/span><span style=\"font-size: small;\">&nbsp;&nbsp;&nbsp;&nbsp;&nbsp;<\/span><span style=\"font-family: Verdana;\"><i><span style=\"font-size: small;\">Knji\u017eevnost, jezik, paradoks<\/span><\/i><span style=\"font-size: small;\">, Osijek: Revija, 1990.<\/span><\/span><\/p>\n\n\n\n<p><span style=\"font-family: Verdana; font-size: small;\">3.<\/span><span style=\"font-size: small;\">&nbsp;&nbsp;&nbsp;&nbsp;&nbsp;<\/span><span style=\"font-family: Verdana;\"><i><span style=\"font-size: small;\">Kompozicija lirske pjesme (O. Mandelj\u0161tam i B. Pasternak<\/span><\/i><span style=\"font-size: small;\">), Zagreb: ZZK, 1991.<\/span><\/span><\/p>\n\n\n\n<p><span style=\"font-family: Verdana; font-size: small;\">4.<\/span><span style=\"font-size: small;\">&nbsp;&nbsp;&nbsp;&nbsp;&nbsp;<\/span><span style=\"font-family: Verdana;\"><i><span style=\"font-size: small;\">Ruska knji\u017eevnost u hrvatskim knji\u017eevnim \u010dasopisima 1945-1997. Deskriptivna bibliografija<\/span><\/i><span style=\"font-size: small;\">, Zagreb: HFD, 1992. (Zajedno s Irenom Luk\u0161i\u0107.)<\/span><\/span><\/p>\n\n\n\n<p><span style=\"font-family: Verdana; font-size: small;\">5.<\/span><span style=\"font-size: small;\">&nbsp;&nbsp;&nbsp;&nbsp;&nbsp;<\/span><span style=\"font-family: Verdana;\"><i><span style=\"font-size: small;\">Izme\u0111u tropa i pri\u010de. Rasprave i ogledi o hrvatskoj knji\u017eevnosti i knji\u017eevnoj znanosti<\/span><\/i><span style=\"font-size: small;\">, Zagreb: Hrvatska sveu\u010dili\u0161na naklada, 2003.<\/span><\/span><\/p>\n\n\n\n<h4 class=\"wp-block-heading\"><span style=\"font-family: Verdana; font-size: small;\">Uredni\u010dke knjige<\/span><\/h4>\n\n\n\n<p><span style=\"font-family: Verdana; font-size: small;\">1.<\/span><span style=\"font-size: small;\">&nbsp;&nbsp;&nbsp;&nbsp;&nbsp;<\/span><span style=\"font-family: Verdana;\"><i><span style=\"font-size: small;\">Trag i razlika. \u010citanja suvremene hrvatske knji\u017eevne teorije<\/span><\/i><span style=\"font-size: small;\">, Zagreb: Naklada&nbsp;&nbsp;&nbsp; MD, HUDHZ, 1995. (Ur. Zajedno s Vladimirom Bitijem i Nenadom Ivi\u0107em.)<\/span><\/span><\/p>\n\n\n\n<p><span style=\"font-family: Verdana; font-size: small;\">2.<\/span><span style=\"font-size: small;\">&nbsp;&nbsp;&nbsp;&nbsp;&nbsp;<\/span><span style=\"font-family: Verdana;\"><i><span style=\"font-size: small;\">V<\/span><span style=\"font-size: small;\">izualnost<\/span><\/i><span style=\"font-size: small;\">, Filozofski fakultet u Zagrebu \/ Naklada Slap, Zagreb, 2003, str. 1-690. (Ur. zajedno s A. Flakerom.)<\/span><\/span><\/p>\n\n\n\n<p><span style=\"font-family: Verdana; font-size: small;\">3.<\/span><span style=\"font-size: small;\">&nbsp;&nbsp;&nbsp;&nbsp;&nbsp;<\/span><span style=\"font-family: Verdana;\"><i><span style=\"font-size: small;\">Oko knji\u017eevnosti<\/span><\/i><span style=\"font-size: small;\">. Osamdeset godina Aleksandra Flakera, Disput, Zagreb, 2004.<\/span><\/span><\/p>\n\n\n\n<h5 class=\"wp-block-heading\"><span style=\"font-family: Verdana; font-size: small;\">Rasprave na ruskome jeziku<\/span><\/h5>\n\n\n\n<p><span style=\"font-family: Verdana; font-size: small;\">1.<\/span><span style=\"font-size: small;\">&nbsp;&nbsp;&nbsp;&nbsp;&nbsp;<\/span><span style=\"font-family: Verdana; font-size: small;\">\u00ab\u041d\u0435\u0441\u043e\u0432\u043c\u0435\u0441\u0442\u0438\u043c\u043e\u0441\u0442\u044c\u00bb, \u0432:&nbsp;<i>Russian Literature<\/i>&nbsp;<i>XXIII<\/i>, 1988, s. 185\/200.<\/span><\/p>\n\n\n\n<p><span style=\"font-family: Verdana; font-size: small;\">2.<\/span><span style=\"font-size: small;\">&nbsp;&nbsp;&nbsp;&nbsp;&nbsp;<\/span><span style=\"font-family: Verdana; font-size: small;\">\u00ab\u041a \u043f\u0440\u043e\u0431\u043b\u0435\u043c\u0435 \u043b\u0438\u0440\u0438\u0447\u0435\u0441\u043a\u043e\u0433\u043e \u0441\u0443\u0431\u044a\u0435\u043a\u0442\u0430 \u0432 \u043b\u0438\u0440\u0438\u043a\u0435 \u0411\u043e\u0440\u0438\u0441\u0430 \u041f\u0430\u0441\u0442\u0435\u0440\u043d\u0430\u043a\u0430\u00bb, \u0432:&nbsp;<i>Studia Filologiczne, zeszyt 31 (13). \u041f\u043e\u044d\u0442\u0438\u043a\u0430 \u041f\u0430\u0441\u0442\u0435\u0440\u043d\u0430\u043a\u0430, Zeszyty Naukowe Wyzszej Szko\u0140y Pedagogicznej w Bydgoszczy<\/i>, Bydgoszcz, 1990, s. 23-35.<\/span><\/p>\n\n\n\n<p><span style=\"font-family: Verdana; font-size: small;\">3.<\/span><span style=\"font-size: small;\">&nbsp;&nbsp;&nbsp;&nbsp;&nbsp;<\/span><span style=\"font-family: Verdana; font-size: small;\">\u00ab\u041b\u0438\u0440\u0438\u0447\u0435\u0441\u043a\u0438\u0439 \u043f\u0430\u0440\u0430\u0434\u043e\u043a\u0441\u00bb, \u0432:<i>&nbsp;Russian Literature XXIX<\/i>, 1991, s. 123-140.<\/span><\/p>\n\n\n\n<p><span style=\"font-family: Verdana; font-size: small;\">4.<\/span><span style=\"font-size: small;\">&nbsp;&nbsp;&nbsp;&nbsp;&nbsp;<\/span><span style=\"font-family: Verdana; font-size: small;\">&nbsp;\u00ab\u041a\u0443\u043b\u044c\u0442\u0443\u0440\u0430 \u0438 \u0432\u043e\u0439\u043d\u0430\u00bb, \u0432:&nbsp;<i>\u0412\u0435\u0441\u0442\u043d\u0438\u043a \u0433\u0443\u043c\u0430\u043d\u0438\u0442\u0430\u0440\u043d\u043e\u0439 \u043d\u0430\u0443\u043a\u0438<\/i>, \u041d\u043e. 5-6, \u041c\u043e\u0441\u043a\u0432\u0430, 1993, 15-16.<\/span><\/p>\n\n\n\n<p><span style=\"font-family: Verdana; font-size: small;\">5.<\/span><span style=\"font-size: small;\">&nbsp;&nbsp;&nbsp;&nbsp;&nbsp;<\/span><span style=\"font-family: Verdana; font-size: small;\">\u00ab\u041f\u0430\u0432\u0435\u043b \u0424\u043b\u043e\u0440\u0435\u043d\u0441\u043a\u0438\u0439 \u0438 \u041e\u0441\u0438\u043f M\u0430\u043d\u0434\u0435\u043b\u044c\u0448\u0442\u0430\u043c\u00bb, \u0432:&nbsp;<i>\u041f\u043e\u0441\u0442\u0441\u0438\u043c\u0432\u043e\u043b\u0438\u0437\u043c \u043a\u0430\u043a \u044f\u0432\u043b\u0435\u043d\u0438\u0435 \u043a\u0443\u043b\u044c\u0442\u0443\u0440\u044b<\/i>. \u041c\u0430\u0442\u0435\u0440\u0438\u0430\u043b\u044b \u043c\u0435\u0436\u0434\u0443\u043d\u0430\u0440\u043e\u0434\u043d\u043e\u0439 \u043a\u043e\u043d\u0444\u0435\u0440\u0435\u043d\u0446\u0438\u0438 10-11 \u043c\u0430\u0440\u0442\u0430 1995 \u0433., \u041c\u043e\u0441\u043a\u0432\u0430: \u0420\u043e\u0441\u0441\u0438\u0439\u0441\u043a\u0438\u0439 \u0433\u043e\u0441\u0443\u0434\u0430\u0440\u0441\u0442\u0432\u0435\u043d\u043d\u044b\u0439 \u0433\u0443\u043c\u0430\u043d\u0438\u0442\u0430\u0440\u043d\u044b\u0439 \u0443\u043d\u0438\u0432\u0435\u0440\u0441\u0438\u0442\u0435\u0442, 1995, \u0441. 28-38.<\/span><\/p>\n\n\n\n<p><span style=\"font-family: Verdana; font-size: small;\">6.<\/span><span style=\"font-size: small;\">&nbsp;&nbsp;&nbsp;&nbsp;&nbsp;<\/span><span style=\"font-family: Verdana; font-size: small;\">\u00ab\u0421\u043e\u043d \u043f\u043e\u0441\u043b\u0435 \u0436\u0438\u0437\u043d\u0438\u00bb, \u0432:&nbsp;<i>\u0412\u0435\u043a XX \u0438 \u041c\u0438\u0440<\/i>, \u041c\u043e\u0441\u043a\u0432\u0430, 1994, \u041d\u043e. 11-12, \u0446. 78-82.<\/span><\/p>\n\n\n\n<p><span style=\"font-family: Verdana; font-size: small;\">7.<\/span><span style=\"font-size: small;\">&nbsp;&nbsp;&nbsp;&nbsp;&nbsp;<\/span><span style=\"font-family: Verdana; font-size: small;\">\u00ab\u041f\u0430\u0432\u0435\u043b \u0424\u043b\u043e\u0440\u0435\u043d\u0441\u043a\u0438\u0439 \u0438 \u043f\u0440\u043e\u0431\u043b\u0435\u043c\u0430 \u0438\u043b\u043b\u044e\u0437\u0438\u0439\u00bb, \u0432:&nbsp;<i>\u0421\u0432\u044f\u0449\u0435\u043d\u043d\u0438\u043a \u041f\u0430\u0432\u0435\u043b \u0424\u043b\u043e\u0440\u0435\u043d\u0441\u043a\u0438\u0439: \u043e\u0441\u0432\u043e\u0435\u043d\u0438\u0435 \u043d\u0430\u0441\u043b\u0435\u0434\u0438\u044f.<\/i>&nbsp;\u041c\u0430\u0442\u0435\u0440\u0438\u0430\u043b\u044b \u043c\u0435\u0436\u0434\u0443\u043d\u0430\u0440\u043e\u0434\u043d\u043e\u0433\u043e \u0441\u0438\u043c\u043f\u043e\u0437\u0438\u0443\u043c\u0430 \u0432 \u0433. \u0411\u0435\u0440\u0433\u0430\u043c\u043e (\u0418\u0442\u0430\u043b\u0438\u044f), 19-23 \u0430\u043f\u0440\u0435\u043b\u044f 1990 \u0433. \u0412\u044b\u043f\u0443\u0441\u043a II, \u041c\u043e\u0441\u043a\u0432\u0430: \u041f\u043e\u043c\u043e\u0432\u0441\u043a\u0438\u0439 \u0438 \u043f\u0430\u0440\u0442\u043d\u0435\u0440\u044b, 1994, \u0441. 104-121.<\/span><\/p>\n\n\n\n<p><span style=\"font-family: Verdana; font-size: small;\">8.<\/span><span style=\"font-size: small;\">&nbsp;&nbsp;&nbsp;&nbsp;&nbsp;<\/span><span style=\"font-family: Verdana; font-size: small;\">\u00ab\u041e\u0431\u0440\u0430\u0442\u043d\u0430\u044f \u043f\u0435\u0441\u0440\u0441\u043f\u0435\u043a\u0442\u0438\u0432\u0430\u00bb, \u0432:&nbsp;<i>Russian Literature XLV<\/i>, 1999, s. 115-129.<\/span><\/p>\n\n\n\n<p><span style=\"font-family: Verdana; font-size: small;\">9.<\/span><span style=\"font-size: small;\">&nbsp;&nbsp;&nbsp;&nbsp;&nbsp;<\/span><span style=\"font-family: Verdana; font-size: small;\">\u00ab\u041f\u0440\u043e\u0431\u043b\u0435\u043c\u0430 \u043f\u043e\u044d\u0442\u0438\u0447\u0435\u0441\u043a\u043e\u0439 \u0444\u0443\u043d\u043a\u0446\u0438\u0438\u00bb, \u0432:<i>&nbsp;\u0420\u043e\u043c\u0430\u043d \u042f\u043a\u043e\u0431\u0441\u043e\u043d: \u0422\u0435\u043a\u0441\u0442\u044b, \u0434\u043e\u043a\u0443\u043c\u0435\u043d\u0442\u044b, \u0438\u0441\u0441\u043b\u0435\u0434\u043e\u0432\u0430\u043d\u0438\u044f<\/i>, \u041c\u043e\u0441\u043a\u0432\u0430: \u0420\u043e\u0441\u0441\u0438\u0439\u0441\u043a\u0438\u0439 \u0433\u043e\u0441\u0443\u0434\u0430\u0440\u0441\u0442\u0432\u0435\u043d\u043d\u044b\u0439 \u0433\u0443\u043c\u0430\u043d\u0438\u0442\u0430\u0440\u043d\u044b\u0439 \u0443\u043d\u0438\u0432\u0435\u0440\u0441\u0438\u0442\u0435\u0442, 1999, \u0441. 613-625.<\/span><\/p>\n\n\n\n<p><span style=\"font-family: Verdana; font-size: small;\">10.<\/span><span style=\"font-size: small;\">&nbsp;<\/span><span style=\"font-family: Verdana; font-size: small;\">\u00ab\u041e\u0434\u043d\u0430 \u0436\u0438\u0437\u043d\u044c \u2013 \u0434\u0432\u0435 \u0430\u0432\u0442\u043e\u0431\u0438\u043e\u0433\u0440\u0430\u0444\u0438\u0438. \u041f\u0440\u043e\u0431\u043b\u0435\u043c\u0430 &#8216;\u0433\u0435\u043d\u0438\u044f&#8217; \u0432 \u0430\u0432\u0442\u043e\u0431\u0438\u043e\u0433\u0440\u0430\u0444\u0438\u0447\u0435\u0441\u043a\u043e\u0439 \u043f\u0440\u043e\u0437\u0435 \u0411. \u041f\u0430\u0441\u0442\u0435\u0440\u043d\u0430\u043a\u0430\u00bb, \u0432:&nbsp;<i>\u0410\u0432\u0442\u043e\u0438\u043d\u0442\u0435\u0440\u043f\u0440\u0435\u0442\u0430\u0446\u0438\u044f. \u0421\u0431\u043e\u0440\u043d\u0438\u043a \u0441\u0442\u0430\u0442\u0435\u0439<\/i>, \u0421\u0430\u043d\u043a\u0442-\u041f\u0435\u0442\u0435\u0440\u0431\u0443\u0440\u0433: \u0418\u0437\u0434\u0430\u0442\u0435\u043b\u044c\u0441\u0442\u0432\u043e \u0421\u0430\u043d\u043a\u0442-\u043f\u0435\u0442\u0435\u0440\u0431\u0443\u0440\u0433\u0441\u043a\u043e\u0433\u043e \u0443\u043d\u0438\u0432\u0435\u0440\u0441\u0438\u0442\u0435\u0442\u0430, 1998, \u0441. 167-175.<\/span><\/p>\n\n\n\n<p><span style=\"font-family: Verdana; font-size: small;\">11.<\/span><span style=\"font-size: small;\">&nbsp;<\/span><span style=\"font-family: Verdana; font-size: small;\">\u00ab\u041c\u0430\u0442\u00bb, \u0432:&nbsp;<i>Studia Literaria Polonico-Slavica, 4, Utopia czysto\u015bci i g\u00f3ry \u015bmieci<\/i>Warszawa: SOW, 1999, s. 43-58.<\/span><\/p>\n\n\n\n<p><span style=\"font-family: Verdana; font-size: small;\">12.<\/span><span style=\"font-size: small;\">&nbsp;<\/span><span style=\"font-family: Verdana; font-size: small;\">\u00ab\u0412\u0437\u0430\u0438\u043c\u043e\u0441\u043d\u043e\u0432\u0438\u0434\u0435\u043d\u0438\u0435\u00bb, \u0432:&nbsp;<i>Russian Literature LI<\/i>, 2002, s. 331-342.<\/span><\/p>\n\n\n\n<p><span style=\"font-family: Verdana; font-size: small;\">13.<\/span><span style=\"font-size: small;\">&nbsp;<\/span><span style=\"font-family: Verdana; font-size: small;\">\u00ab\u0421\u0438\u043c\u0443\u043b\u044c\u0442\u0430\u043d\u0438\u0437\u043c \u0432\u0440\u0435\u043c\u0435\u043d?\u00bb, \u0432:&nbsp;<i>Russian Literature LI<\/i>, 2003, 343-353.<\/span><\/p>\n\n\n\n<p><span style=\"font-family: Verdana; font-size: small;\">14.<\/span><span style=\"font-size: small;\">&nbsp;<\/span><span style=\"font-family: Verdana; font-size: small;\">\u00ab\u041a\u0430\u0440\u0438\u043a\u0430\u0442\u0443\u0440\u043d\u043e\u0441\u0442\u044c &#8216;\u0444\u0438\u043b\u043e\u0441\u043e\u0444\u0441\u043a\u043e\u0433\u043e \u0430\u043d\u0435\u043a\u0434\u043e\u0442\u0430&#8217;\u00bb, \u0432:&nbsp;<i>\u0410\u043b\u0444\u0430\u0432\u0438\u0442. \u0424\u0438\u043b\u043e\u043b\u043e\u0433\u0438\u0447\u0435\u0441\u043a\u0438\u0439 \u0441\u0432\u0431\u043e\u0440\u043d\u0438\u043a<\/i>, \u0421\u043c\u043e\u043b\u0435\u043d\u0441\u043a: \u0421\u043c\u043e\u043b\u0435\u043d\u0441\u043a\u0438\u0439 \u0433\u043e\u0441\u0443\u0434\u0430\u0440\u0441\u0442\u0432\u0435\u043d\u043d\u044b\u0439 \u043f\u0435\u0434\u0430\u0433\u043e\u0433\u0438\u0447\u0435\u0441\u043a\u0438\u0439 \u00f6\u00f6\u00f6\u0443\u043d\u0438\u0432\u0435\u0440\u0441\u0438\u0442\u0435\u0442, 2002, \u0441. 51-56.<\/span><\/p>\n\n\n\n<p><span style=\"font-family: Verdana; font-size: small;\">15.<\/span><span style=\"font-size: small;\">&nbsp;<\/span><span style=\"font-family: Verdana; font-size: small;\">\u00ab\u041f\u0440\u043e\u0442\u043e\u043d\u0430\u0440\u0440\u0430\u0442\u0438\u0432\u044b: \u043f\u0440\u043e\u0431\u043b\u0435\u043c\u0430 \u043f\u043e\u0432\u0435\u0441\u0442\u0432\u043e\u0432\u0430\u043d\u0438\u044f \u0432 \u043b\u0438\u0442\u0435\u0440\u0430\u0442\u0443\u0440\u043d\u044b\u0445 \u043c\u0438\u043a\u0440\u043e\u0444\u043e\u0440\u043c\u0430\u0445\u00bb, \u0432:<i>\u0422\u0435\u0437\u0438\u0441\u044b \u043c\u0435\u0436\u0434\u0443\u043d\u0430\u0440\u043e\u0434\u043d\u043e\u0439 \u043d\u0430\u0443\u0447\u043d\u043e\u0439 \u043a\u043e\u043d\u0444\u0435\u0440\u0435\u043d\u0446\u0438\u0438 &#8216;\u041f\u043e\u044d\u0442\u0438\u043a\u0430 \u043f\u0440\u043e\u0437\u044b&#8217;<\/i>, \u0421\u043c\u043e\u043b\u0435\u043d\u0441\u043a: \u0421\u043c\u043e\u043b\u0435\u043d\u0441\u043a\u0438\u0439 \u0433\u043e\u0441\u0443\u0434\u0430\u0440\u0441\u0442\u0432\u0435\u043d\u043d\u044b\u0439 \u043f\u0435\u0434\u0430\u0433\u043e\u0433\u0438\u0447\u0435\u0441\u043a\u0438\u0439 \u0443\u043d\u0438\u0432\u0435\u0440\u0441\u0438\u0442\u0435\u0442, 2003, \u0441. 9-11.<\/span><\/p>\n\n\n\n<p><span style=\"font-family: Verdana; font-size: small;\">16.<\/span><span style=\"font-size: small;\">&nbsp;<\/span><span style=\"font-family: Verdana; font-size: small;\">\u00ab\u041c\u0438\u0440 \u043d\u0430\u0434 \u043c\u0438\u0440\u043e\u043c. \u041f\u0440\u043e\u0431\u043b\u0435\u043c\u0430 &#8216;\u0434\u0432\u043e\u0435\u043c\u0438\u0440\u0438\u044f&#8217; \u0432 \u043b\u0438\u0440\u0438\u043a\u0435 \u041d\u0438\u043a\u043e\u043b\u0430\u044f \u0417\u0430\u0431\u043e\u043b\u043e\u0446\u043a\u043e\u0433\u043e\u00bb, \u0432:<i>Russian Literature LVI \u2013 I, II, III<\/i>, 2004, 297-311.<\/span><\/p>\n\n\n\n<p><span style=\"font-family: Verdana; font-size: small;\">17.<\/span><span style=\"font-size: small;\">&nbsp;<\/span><span style=\"font-family: Verdana;\"><span style=\"font-size: small;\">\u00ab\u041d\u0438\u043a\u043e\u043b\u0430\u0439 \u0417\u0430\u0431\u043e\u043b\u043e\u0446\u043a\u0438\u0439 \u0438 \u0435\u0433\u043e \u0432\u0441\u0435\u043b\u0435\u043d\u043d\u0430\u044f\u00bb, \u0432:&nbsp;<\/span><i><span style=\"font-size: small;\">Sub rosa<\/span><span style=\"font-size: small;\">.&nbsp;<\/span><span style=\"font-size: small;\">K<\/span><span style=\"font-size: small;\">\u00f6<\/span><span style=\"font-size: small;\">sz<\/span><span style=\"font-size: small;\">\u00f6<\/span><span style=\"font-size: small;\">nt<\/span><span style=\"font-size: small;\">\u0151&nbsp;<\/span><span style=\"font-size: small;\">k<\/span><span style=\"font-size: small;\">\u00f6<\/span><span style=\"font-size: small;\">nyv L<\/span><span style=\"font-size: small;\">\u00e9<\/span><span style=\"font-size: small;\">na Syil<\/span><span style=\"font-size: small;\">\u00e1<\/span><span style=\"font-size: small;\">rd tisztelet<\/span><span style=\"font-size: small;\">\u00e9<\/span><span style=\"font-size: small;\">re<\/span><\/i><span style=\"font-size: small;\">,&nbsp;<\/span><span style=\"font-size: small;\">Budapest<\/span><span style=\"font-size: small;\">:&nbsp;<\/span><span style=\"font-size: small;\">Fony\u00f3di Ott\u00f3,&nbsp;<\/span><span style=\"font-size: small;\">\u0441. 585-593.<\/span><\/span><\/p>\n","protected":false},"excerpt":{"rendered":"<p>konzultacije:&nbsp;Utorak od 10.00 do 11.00 kabinet: B224 e-mail adresa:&nbsp;juzarevi@ffzg.hr ECTS INFORMACIJSKI PAKET Stru\u010dna biografija Josip U\u017earevi\u0107 ro\u0111en je 11. sije\u010dnja 1953. u Gundincima. Gimnaziju je zavr\u0161io u Slav. Brodu, a studij rusistike i filozofije na Filozofskome fakultetu u Zagrebu (1976). Na istome je fakultetu zavr\u0161io postdiplomski studij te 1981. obranio magistarski rad&nbsp;Bit i samosvojnost lirike [&hellip;]<\/p>\n","protected":false},"author":123457,"featured_media":0,"parent":18,"menu_order":13,"comment_status":"closed","ping_status":"closed","template":"","meta":{"footnotes":""},"class_list":["post-103","page","type-page","status-publish","hentry"],"_links":{"self":[{"href":"https:\/\/rusistika.ffzg.unizg.hr\/index.php?rest_route=\/wp\/v2\/pages\/103","targetHints":{"allow":["GET"]}}],"collection":[{"href":"https:\/\/rusistika.ffzg.unizg.hr\/index.php?rest_route=\/wp\/v2\/pages"}],"about":[{"href":"https:\/\/rusistika.ffzg.unizg.hr\/index.php?rest_route=\/wp\/v2\/types\/page"}],"author":[{"embeddable":true,"href":"https:\/\/rusistika.ffzg.unizg.hr\/index.php?rest_route=\/wp\/v2\/users\/123457"}],"replies":[{"embeddable":true,"href":"https:\/\/rusistika.ffzg.unizg.hr\/index.php?rest_route=%2Fwp%2Fv2%2Fcomments&post=103"}],"version-history":[{"count":19,"href":"https:\/\/rusistika.ffzg.unizg.hr\/index.php?rest_route=\/wp\/v2\/pages\/103\/revisions"}],"predecessor-version":[{"id":7020,"href":"https:\/\/rusistika.ffzg.unizg.hr\/index.php?rest_route=\/wp\/v2\/pages\/103\/revisions\/7020"}],"up":[{"embeddable":true,"href":"https:\/\/rusistika.ffzg.unizg.hr\/index.php?rest_route=\/wp\/v2\/pages\/18"}],"wp:attachment":[{"href":"https:\/\/rusistika.ffzg.unizg.hr\/index.php?rest_route=%2Fwp%2Fv2%2Fmedia&parent=103"}],"curies":[{"name":"wp","href":"https:\/\/api.w.org\/{rel}","templated":true}]}}