{"id":1001,"date":"2014-05-27T10:19:25","date_gmt":"2014-05-27T08:19:25","guid":{"rendered":"https:\/\/rusistika.ffzg.unizg.hr\/?page_id=1001"},"modified":"2024-09-25T12:32:22","modified_gmt":"2024-09-25T10:32:22","slug":"studij","status":"publish","type":"page","link":"https:\/\/rusistika.ffzg.unizg.hr\/?page_id=1001","title":{"rendered":"Studij"},"content":{"rendered":"\n<p>Studij <i>Ruskoga jezika i knji\u017eevnosti<\/i> jedan je od najstarijih na Filozofskom fakultetu Sveu\u010dili\u0161ta u Zagrebu.<\/p>\n\n\n\n<p>Zami\u0161ljen je kao dvopredmetni i mo\u017ee se kombinirati s bilo kojim drugim dvopredmetnim studijem na Filozofskom fakultetu.<\/p>\n\n\n\n<p>Na \u010detverogodi\u0161njem <i>preddiplomskom studiju<\/i> <i>Ruskoga jezika i knji\u017eevnosti<\/i> student stje\u010de temeljna znanja iz ruskoga jezika, knji\u017eevnosti i kulture. Sva su ona potrebna za nastavak studija, odnosno za izbor jednog od dvaju smjerova na diplomskom studiju Ruskoga jezika i knji\u017eevnosti. Na preddiplomskom studiju treba skupiti minimalno 240&nbsp; ECTS-bodova.<\/p>\n\n\n\n<p>Zavr\u0161etkom preddiplomskog studija stje\u010de se stru\u010dni naziv <i>sveu\u010dili\u0161ni\/a prvostupnik \/ prvostupnica (baccalaureus \/ baccalaurea) rusistike<\/i>.<\/p>\n\n\n\n<p>Jednogodi\u0161nji se program <i>diplomskoga studija Ruskog jezika i knji\u017eevnosti<\/i> sastoji od nastavni\u010dkog i prevoditeljskog smjera. Studij je dvopredmetni te se zavr\u0161etkom obiju studijskih grupa stje\u010de minimalno 60 ECTS-bodova. Studij se upisuje zavr\u0161etkom \u010detverogodi\u0161njeg Preddiplomskog sveu\u010dili\u0161nog studija Ruskoga jezika i knji\u017eevnosti te stjecanjem minimalno 240 ECTS-bodova. Studij zavr\u0161ava izradom i obranom diplomskoga rada \u2013 na svakoj studijskog grupi (15 ECTS) ili izradom interdisciplinarnoga rada (30 ECTS).<\/p>\n\n\n\n<p>Po zavr\u0161etku studija student stje\u010de stru\u010dni naziv<b> <\/b><i>magistar \/ magistra edukacije<\/i><b> <\/b><i>rusistike <\/i>(mag. educ. philol. russ.) za nastavni\u010dki smjer, odnosno <i>magistar \/ magistra rusistike<\/i><b> <\/b>(mag. philol. russ.) za prevoditeljski smjer.<\/p>\n\n\n\n<p>Program studija <i>Ruskoga jezika i knji\u017eevnosti<\/i> usporediv je i sa sli\u010dnim programima studija u drugim europskim zemljama.<\/p>\n\n\n\n<p>&nbsp;<\/p>\n\n\n\n<p><a href=\"https:\/\/rusistika.ffzg.unizg.hr\/wp-content\/uploads\/2014\/05\/dopusnica_preddipl_rus.pdf\" target=\"_blank\" rel=\"noreferrer noopener\">Broj dopusnice &#8211; preddiplomski studij<\/a><\/p>\n\n\n\n<p><a href=\"https:\/\/rusistika.ffzg.unizg.hr\/wp-content\/uploads\/2014\/05\/dopusnica_dipl_rus.pdf\" target=\"_blank\" rel=\"noreferrer noopener\">Broj dopusnice &#8211; diplomski studij<\/a><\/p>\n\n\n\n<p><\/p>\n","protected":false},"excerpt":{"rendered":"<p>Studij Ruskoga jezika i knji\u017eevnosti jedan je od najstarijih na Filozofskom fakultetu Sveu\u010dili\u0161ta u Zagrebu. Zami\u0161ljen je kao dvopredmetni i mo\u017ee se kombinirati s bilo kojim drugim dvopredmetnim studijem na Filozofskom fakultetu. Na \u010detverogodi\u0161njem preddiplomskom studiju Ruskoga jezika i knji\u017eevnosti student stje\u010de temeljna znanja iz ruskoga jezika, knji\u017eevnosti i kulture. Sva su ona potrebna za [&hellip;]<\/p>\n","protected":false},"author":123457,"featured_media":0,"parent":0,"menu_order":0,"comment_status":"closed","ping_status":"closed","template":"","meta":{"footnotes":""},"class_list":["post-1001","page","type-page","status-publish","hentry"],"_links":{"self":[{"href":"https:\/\/rusistika.ffzg.unizg.hr\/index.php?rest_route=\/wp\/v2\/pages\/1001","targetHints":{"allow":["GET"]}}],"collection":[{"href":"https:\/\/rusistika.ffzg.unizg.hr\/index.php?rest_route=\/wp\/v2\/pages"}],"about":[{"href":"https:\/\/rusistika.ffzg.unizg.hr\/index.php?rest_route=\/wp\/v2\/types\/page"}],"author":[{"embeddable":true,"href":"https:\/\/rusistika.ffzg.unizg.hr\/index.php?rest_route=\/wp\/v2\/users\/123457"}],"replies":[{"embeddable":true,"href":"https:\/\/rusistika.ffzg.unizg.hr\/index.php?rest_route=%2Fwp%2Fv2%2Fcomments&post=1001"}],"version-history":[{"count":8,"href":"https:\/\/rusistika.ffzg.unizg.hr\/index.php?rest_route=\/wp\/v2\/pages\/1001\/revisions"}],"predecessor-version":[{"id":6193,"href":"https:\/\/rusistika.ffzg.unizg.hr\/index.php?rest_route=\/wp\/v2\/pages\/1001\/revisions\/6193"}],"wp:attachment":[{"href":"https:\/\/rusistika.ffzg.unizg.hr\/index.php?rest_route=%2Fwp%2Fv2%2Fmedia&parent=1001"}],"curies":[{"name":"wp","href":"https:\/\/api.w.org\/{rel}","templated":true}]}}